{"id":16706,"date":"2025-04-09T10:43:56","date_gmt":"2025-04-09T08:43:56","guid":{"rendered":"https:\/\/perfettohome.sk\/produkt\/durex-ovszer-classic-3db\/"},"modified":"2025-04-09T10:43:56","modified_gmt":"2025-04-09T08:43:56","slug":"durex-ovszer-classic-3db","status":"publish","type":"product","link":"https:\/\/perfettohome.sk\/hu\/produkt\/durex-ovszer-classic-3db\/","title":{"rendered":"Durex \u00f3vszer &#8211; Classic 3db"},"content":{"rendered":"<p>A Durex Classic \u00f3vszer megb\u00edzhat\u00f3 \u00e9s bev\u00e1lt v\u00e1laszt\u00e1s a biztons\u00e1gos k\u00f6z\u00f6s\u00fcl\u00e9shez. S\u00edkos\u00edtott, b\u0151rbar\u00e1t latexb\u0151l k\u00e9sz\u00fcltek, term\u00e9szetes \u00e9rz\u00e9st \u00e9s k\u00e9nyelmes illeszked\u00e9st biztos\u00edtanak. Anat\u00f3miai form\u00e1juknak k\u00f6sz\u00f6nhet\u0151en k\u00f6nnyen felhelyezhet\u0151ek \u00e9s biztos tart\u00e1st biztos\u00edtanak.  <\/p>\n<p>Klasszikus \u00e9s megb\u00edzhat\u00f3 v\u00e9delem<\/p>\n<p>Kenhet\u0151, b\u0151rbar\u00e1t latex<\/p>\n<p>Ergonomikus forma a k\u00f6nny\u0171 haszn\u00e1lat \u00e9rdek\u00e9ben<\/p>\n<p>Csomagol\u00e1s: 3 db<\/p>\n","protected":false},"excerpt":{"rendered":"<p>A Durex Classic \u00f3vszer megb\u00edzhat\u00f3 \u00e9s bev\u00e1lt v\u00e1laszt\u00e1s a biztons\u00e1gos k\u00f6z\u00f6s\u00fcl\u00e9shez. S\u00edkos\u00edtott, b\u0151rbar\u00e1t latexb\u0151l k\u00e9sz\u00fcltek, term\u00e9szetes \u00e9rz\u00e9st \u00e9s k\u00e9nyelmes illeszked\u00e9st biztos\u00edtanak. Anat\u00f3miai form\u00e1juknak k\u00f6sz\u00f6nhet\u0151en k\u00f6nnyen felhelyezhet\u0151ek \u00e9s biztos tart\u00e1st biztos\u00edtanak. Klasszikus \u00e9s megb\u00edzhat\u00f3 v\u00e9delem Kenhet\u0151, b\u0151rbar\u00e1t latex Ergonomikus forma a k\u00f6nny\u0171 haszn\u00e1lat \u00e9rdek\u00e9ben Csomagol\u00e1s: 3 db<\/p>\n","protected":false},"featured_media":15856,"template":"","meta":[],"product_brand":[212],"product_cat":[304],"product_tag":[],"class_list":{"0":"post-16706","1":"product","2":"type-product","3":"status-publish","4":"has-post-thumbnail","6":"product_brand-durex","7":"product_cat-intim-higienia","9":"first","10":"instock","11":"taxable","12":"shipping-taxable","13":"purchasable","14":"product-type-simple"},"_links":{"self":[{"href":"https:\/\/perfettohome.sk\/hu\/wp-json\/wp\/v2\/product\/16706","targetHints":{"allow":["GET"]}}],"collection":[{"href":"https:\/\/perfettohome.sk\/hu\/wp-json\/wp\/v2\/product"}],"about":[{"href":"https:\/\/perfettohome.sk\/hu\/wp-json\/wp\/v2\/types\/product"}],"wp:featuredmedia":[{"embeddable":true,"href":"https:\/\/perfettohome.sk\/hu\/wp-json\/wp\/v2\/media\/15856"}],"wp:attachment":[{"href":"https:\/\/perfettohome.sk\/hu\/wp-json\/wp\/v2\/media?parent=16706"}],"wp:term":[{"taxonomy":"product_brand","embeddable":true,"href":"https:\/\/perfettohome.sk\/hu\/wp-json\/wp\/v2\/product_brand?post=16706"},{"taxonomy":"product_cat","embeddable":true,"href":"https:\/\/perfettohome.sk\/hu\/wp-json\/wp\/v2\/product_cat?post=16706"},{"taxonomy":"product_tag","embeddable":true,"href":"https:\/\/perfettohome.sk\/hu\/wp-json\/wp\/v2\/product_tag?post=16706"}],"curies":[{"name":"wp","href":"https:\/\/api.w.org\/{rel}","templated":true}]}}