{"id":16707,"date":"2025-04-09T10:21:43","date_gmt":"2025-04-09T08:21:43","guid":{"rendered":"https:\/\/perfettohome.sk\/produkt\/dove-testapolo-ragyogo-apolas-250ml\/"},"modified":"2025-12-13T22:59:32","modified_gmt":"2025-12-13T21:59:32","slug":"dove-testapolo-ragyogo-apolas-250ml","status":"publish","type":"product","link":"https:\/\/perfettohome.sk\/hu\/produkt\/dove-testapolo-ragyogo-apolas-250ml\/","title":{"rendered":"Dove test\u00e1pol\u00f3 &#8211; Glowing Care 250ml"},"content":{"rendered":"<p>A Dove Glowing Rituals test\u00e1pol\u00f3t \u00fagy tervezt\u00e9k, hogy fokozza a b\u0151r term\u00e9szetes ragyog\u00e1s\u00e1t. L\u00f3tuszvir\u00e1g- \u00e9s rizsv\u00edzkivonattal gazdag\u00edtva intenz\u00edv hidrat\u00e1l\u00e1st biztos\u00edt, a b\u0151rt pedig puh\u00e1v\u00e1 \u00e9s sim\u00e1v\u00e1 var\u00e1zsolja. K\u00f6nny\u0171, gyorsan felsz\u00edv\u00f3d\u00f3 text\u00far\u00e1ja nem hagy zs\u00edros \u00e9rzetet, \u00edgy ide\u00e1lis a mindennapi haszn\u00e1latra.  <\/p>\n<p>L\u00f3tuszvir\u00e1g \u00e9s rizsv\u00edz kivonat a ragyog\u00f3 b\u0151r\u00e9rt<br \/>\nM\u00e9lyhidrat\u00e1l\u00e1s \u00e9s b\u0151rpuh\u00edt\u00e1s<br \/>\nGyorsan felsz\u00edv\u00f3d\u00f3, nem zs\u00edros formula<br \/>\nHosszantart\u00f3 t\u00e1pl\u00e1l\u00e1s \u00e9s frissess\u00e9g<br \/>\nT\u00e9rfogat: 250ml<\/p>\n","protected":false},"excerpt":{"rendered":"<p>A Dove Glowing Rituals test\u00e1pol\u00f3t \u00fagy tervezt\u00e9k, hogy fokozza a b\u0151r term\u00e9szetes ragyog\u00e1s\u00e1t. L\u00f3tuszvir\u00e1g- \u00e9s rizsv\u00edzkivonattal gazdag\u00edtva intenz\u00edv hidrat\u00e1l\u00e1st biztos\u00edt, a b\u0151rt pedig puh\u00e1v\u00e1 \u00e9s sim\u00e1v\u00e1 var\u00e1zsolja. K\u00f6nny\u0171, gyorsan felsz\u00edv\u00f3d\u00f3 text\u00far\u00e1ja nem hagy zs\u00edros \u00e9rzetet, \u00edgy ide\u00e1lis a mindennapi haszn\u00e1latra. L\u00f3tuszvir\u00e1g \u00e9s rizsv\u00edz kivonat a ragyog\u00f3 b\u0151r\u00e9rt M\u00e9lyhidrat\u00e1l\u00e1s \u00e9s b\u0151rpuh\u00edt\u00e1s Gyorsan felsz\u00edv\u00f3d\u00f3, nem zs\u00edros formula [&hellip;]<\/p>\n","protected":false},"featured_media":11486,"template":"","meta":[],"product_brand":[197],"product_cat":[317],"product_tag":[],"class_list":{"0":"post-16707","1":"product","2":"type-product","3":"status-publish","4":"has-post-thumbnail","6":"product_brand-dove","7":"product_cat-borapolas","9":"first","10":"instock","11":"taxable","12":"shipping-taxable","13":"purchasable","14":"product-type-simple"},"_links":{"self":[{"href":"https:\/\/perfettohome.sk\/hu\/wp-json\/wp\/v2\/product\/16707","targetHints":{"allow":["GET"]}}],"collection":[{"href":"https:\/\/perfettohome.sk\/hu\/wp-json\/wp\/v2\/product"}],"about":[{"href":"https:\/\/perfettohome.sk\/hu\/wp-json\/wp\/v2\/types\/product"}],"wp:featuredmedia":[{"embeddable":true,"href":"https:\/\/perfettohome.sk\/hu\/wp-json\/wp\/v2\/media\/11486"}],"wp:attachment":[{"href":"https:\/\/perfettohome.sk\/hu\/wp-json\/wp\/v2\/media?parent=16707"}],"wp:term":[{"taxonomy":"product_brand","embeddable":true,"href":"https:\/\/perfettohome.sk\/hu\/wp-json\/wp\/v2\/product_brand?post=16707"},{"taxonomy":"product_cat","embeddable":true,"href":"https:\/\/perfettohome.sk\/hu\/wp-json\/wp\/v2\/product_cat?post=16707"},{"taxonomy":"product_tag","embeddable":true,"href":"https:\/\/perfettohome.sk\/hu\/wp-json\/wp\/v2\/product_tag?post=16707"}],"curies":[{"name":"wp","href":"https:\/\/api.w.org\/{rel}","templated":true}]}}