{"id":16708,"date":"2025-04-09T10:34:04","date_gmt":"2025-04-09T08:34:04","guid":{"rendered":"https:\/\/perfettohome.sk\/produkt\/durex-ovszerek-dry-extra-safe-3db\/"},"modified":"2025-04-09T10:34:04","modified_gmt":"2025-04-09T08:34:04","slug":"durex-ovszerek-dry-extra-safe-3db","status":"publish","type":"product","link":"https:\/\/perfettohome.sk\/hu\/produkt\/durex-ovszerek-dry-extra-safe-3db\/","title":{"rendered":"Durex \u00f3vszerek &#8211; Dry Extra Safe 3db"},"content":{"rendered":"<p>A Durex Extra Safe \u00f3vszerek vastagabb latexb\u0151l k\u00e9sz\u00fclnek, \u00e9s extra s\u00edkos\u00edt\u00f3t tartalmaznak a nagyobb biztons\u00e1g \u00e9s k\u00e9nyelem \u00e9rdek\u00e9ben. Ide\u00e1lis v\u00e1laszt\u00e1s azok sz\u00e1m\u00e1ra, akik magasabb szint\u0171 v\u00e9delmet kedvelnek an\u00e9lk\u00fcl, hogy kompromisszumot k\u00f6tn\u00e9nek az \u00e9lvezetek ter\u00e9n. Ergonomikus form\u00e1ja lehet\u0151v\u00e9 teszi a k\u00f6nny\u0171 behelyez\u00e9st \u00e9s a j\u00f3 illeszked\u00e9st.  <\/p>\n<p>Vastagabb latex a fokozott v\u00e9delem\u00e9rt<\/p>\n<p>Extra ken\u0151anyag a tov\u00e1bbi k\u00e9nyelem \u00e9rdek\u00e9ben<\/p>\n<p>Ergon\u00f3mikusan kialak\u00edtott a k\u00f6nny\u0171 \u00e9s biztons\u00e1gos haszn\u00e1lathoz<\/p>\n<p>B\u0151rgy\u00f3gy\u00e1szatilag \u00e9s tesztelve<\/p>\n<p>Csomagol\u00e1s: 3 db<\/p>\n","protected":false},"excerpt":{"rendered":"<p>A Durex Extra Safe \u00f3vszerek vastagabb latexb\u0151l k\u00e9sz\u00fclnek, \u00e9s extra s\u00edkos\u00edt\u00f3t tartalmaznak a nagyobb biztons\u00e1g \u00e9s k\u00e9nyelem \u00e9rdek\u00e9ben. Ide\u00e1lis v\u00e1laszt\u00e1s azok sz\u00e1m\u00e1ra, akik magasabb szint\u0171 v\u00e9delmet kedvelnek an\u00e9lk\u00fcl, hogy kompromisszumot k\u00f6tn\u00e9nek az \u00e9lvezetek ter\u00e9n. Ergonomikus form\u00e1ja lehet\u0151v\u00e9 teszi a k\u00f6nny\u0171 behelyez\u00e9st \u00e9s a j\u00f3 illeszked\u00e9st. Vastagabb latex a fokozott v\u00e9delem\u00e9rt Extra ken\u0151anyag a tov\u00e1bbi k\u00e9nyelem [&hellip;]<\/p>\n","protected":false},"featured_media":15857,"template":"","meta":[],"product_brand":[212],"product_cat":[304],"product_tag":[],"class_list":{"0":"post-16708","1":"product","2":"type-product","3":"status-publish","4":"has-post-thumbnail","6":"product_brand-durex","7":"product_cat-intim-higienia","9":"first","10":"instock","11":"taxable","12":"shipping-taxable","13":"purchasable","14":"product-type-simple"},"_links":{"self":[{"href":"https:\/\/perfettohome.sk\/hu\/wp-json\/wp\/v2\/product\/16708","targetHints":{"allow":["GET"]}}],"collection":[{"href":"https:\/\/perfettohome.sk\/hu\/wp-json\/wp\/v2\/product"}],"about":[{"href":"https:\/\/perfettohome.sk\/hu\/wp-json\/wp\/v2\/types\/product"}],"wp:featuredmedia":[{"embeddable":true,"href":"https:\/\/perfettohome.sk\/hu\/wp-json\/wp\/v2\/media\/15857"}],"wp:attachment":[{"href":"https:\/\/perfettohome.sk\/hu\/wp-json\/wp\/v2\/media?parent=16708"}],"wp:term":[{"taxonomy":"product_brand","embeddable":true,"href":"https:\/\/perfettohome.sk\/hu\/wp-json\/wp\/v2\/product_brand?post=16708"},{"taxonomy":"product_cat","embeddable":true,"href":"https:\/\/perfettohome.sk\/hu\/wp-json\/wp\/v2\/product_cat?post=16708"},{"taxonomy":"product_tag","embeddable":true,"href":"https:\/\/perfettohome.sk\/hu\/wp-json\/wp\/v2\/product_tag?post=16708"}],"curies":[{"name":"wp","href":"https:\/\/api.w.org\/{rel}","templated":true}]}}