{"id":16709,"date":"2025-04-09T10:19:55","date_gmt":"2025-04-09T08:19:55","guid":{"rendered":"https:\/\/perfettohome.sk\/produkt\/dove-testapolo-nyari-apolas-250ml\/"},"modified":"2025-12-13T22:58:38","modified_gmt":"2025-12-13T21:58:38","slug":"dove-testapolo-nyari-apolas-250ml","status":"publish","type":"product","link":"https:\/\/perfettohome.sk\/hu\/produkt\/dove-testapolo-nyari-apolas-250ml\/","title":{"rendered":"Dove test\u00e1pol\u00f3 &#8211; Summer Care 250ml"},"content":{"rendered":"<p>A Dove Summer 3in1 test\u00e1pol\u00f3 egyes\u00edti az intenz\u00edv hidrat\u00e1l\u00e1st, a t\u00e1pl\u00e1l\u00e1st \u00e9s a friss ny\u00e1ri \u00e9rz\u00e9st. A k\u00f6nny\u0171 formula gyorsan felsz\u00edv\u00f3dik, nem hagy zs\u00edros r\u00e9teget, \u00e9s seg\u00edt puh\u00e1n \u00e9s rugalmasan tartani a b\u0151rt. Kellemes ny\u00e1ri illat\u00e1val hosszan tart\u00f3 frissess\u00e9g\u00e9rzetet garant\u00e1l, ide\u00e1lis a mindennapi haszn\u00e1lathoz.  <\/p>\n<p>3 az 1-ben: hidrat\u00e1l\u00e1s, t\u00e1pl\u00e1l\u00e1s \u00e9s frissess\u00e9g<br \/>\nGyorsan felsz\u00edv\u00f3d\u00f3, nem zs\u00edros text\u00fara<br \/>\nTart\u00f3s puhas\u00e1g \u00e9s hidrat\u00e1l\u00e1s<br \/>\nFriss\u00edt\u0151 ny\u00e1ri illat<br \/>\nT\u00e9rfogat: 250ml<\/p>\n","protected":false},"excerpt":{"rendered":"<p>A Dove Summer 3in1 test\u00e1pol\u00f3 egyes\u00edti az intenz\u00edv hidrat\u00e1l\u00e1st, a t\u00e1pl\u00e1l\u00e1st \u00e9s a friss ny\u00e1ri \u00e9rz\u00e9st. A k\u00f6nny\u0171 formula gyorsan felsz\u00edv\u00f3dik, nem hagy zs\u00edros r\u00e9teget, \u00e9s seg\u00edt puh\u00e1n \u00e9s rugalmasan tartani a b\u0151rt. Kellemes ny\u00e1ri illat\u00e1val hosszan tart\u00f3 frissess\u00e9g\u00e9rzetet garant\u00e1l, ide\u00e1lis a mindennapi haszn\u00e1lathoz. 3 az 1-ben: hidrat\u00e1l\u00e1s, t\u00e1pl\u00e1l\u00e1s \u00e9s frissess\u00e9g Gyorsan felsz\u00edv\u00f3d\u00f3, nem zs\u00edros [&hellip;]<\/p>\n","protected":false},"featured_media":11480,"template":"","meta":[],"product_brand":[197],"product_cat":[317],"product_tag":[],"class_list":{"0":"post-16709","1":"product","2":"type-product","3":"status-publish","4":"has-post-thumbnail","6":"product_brand-dove","7":"product_cat-borapolas","9":"first","10":"instock","11":"taxable","12":"shipping-taxable","13":"purchasable","14":"product-type-simple"},"_links":{"self":[{"href":"https:\/\/perfettohome.sk\/hu\/wp-json\/wp\/v2\/product\/16709","targetHints":{"allow":["GET"]}}],"collection":[{"href":"https:\/\/perfettohome.sk\/hu\/wp-json\/wp\/v2\/product"}],"about":[{"href":"https:\/\/perfettohome.sk\/hu\/wp-json\/wp\/v2\/types\/product"}],"wp:featuredmedia":[{"embeddable":true,"href":"https:\/\/perfettohome.sk\/hu\/wp-json\/wp\/v2\/media\/11480"}],"wp:attachment":[{"href":"https:\/\/perfettohome.sk\/hu\/wp-json\/wp\/v2\/media?parent=16709"}],"wp:term":[{"taxonomy":"product_brand","embeddable":true,"href":"https:\/\/perfettohome.sk\/hu\/wp-json\/wp\/v2\/product_brand?post=16709"},{"taxonomy":"product_cat","embeddable":true,"href":"https:\/\/perfettohome.sk\/hu\/wp-json\/wp\/v2\/product_cat?post=16709"},{"taxonomy":"product_tag","embeddable":true,"href":"https:\/\/perfettohome.sk\/hu\/wp-json\/wp\/v2\/product_tag?post=16709"}],"curies":[{"name":"wp","href":"https:\/\/api.w.org\/{rel}","templated":true}]}}