{"id":16710,"date":"2025-04-09T10:30:04","date_gmt":"2025-04-09T08:30:04","guid":{"rendered":"https:\/\/perfettohome.sk\/produkt\/durex-ovszerek-pleasure-me-3db\/"},"modified":"2025-04-09T10:30:04","modified_gmt":"2025-04-09T08:30:04","slug":"durex-ovszerek-pleasure-me-3db","status":"publish","type":"product","link":"https:\/\/perfettohome.sk\/hu\/produkt\/durex-ovszerek-pleasure-me-3db\/","title":{"rendered":"Durex \u00f3vszerek &#8211; Pleasure Me 3db"},"content":{"rendered":"<p>A Durex Pleasure Me \u00f3vszereket a mindk\u00e9t partner sz\u00e1m\u00e1ra intenz\u00edvebb \u00e9lvezetet ny\u00fajt\u00f3, p\u00f6tty\u00f6kkel \u00e9s p\u00f6tty\u00f6kkel tervezt\u00e9k. Az ergonomikus forma megk\u00f6nny\u00edti a felhelyez\u00e9st \u00e9s jobb illeszked\u00e9st biztos\u00edt. S\u00edkos\u00edtott, b\u0151rbar\u00e1t latexb\u0151l k\u00e9sz\u00fclt, amely megb\u00edzhat\u00f3 v\u00e9delmet ny\u00fajt a nem k\u00edv\u00e1nt terhess\u00e9g \u00e9s a nemi betegs\u00e9gek ellen.  <\/p>\n<p>F\u00e9s\u0171s \u00e9s p\u00f6tty\u00f6s a fokozott stimul\u00e1ci\u00f3 \u00e9rdek\u00e9ben<\/p>\n<p>Ergonomikus forma a k\u00f6nny\u0171 haszn\u00e1lat \u00e9rdek\u00e9ben<\/p>\n<p>Kenhet\u0151, gyeng\u00e9d latex<\/p>\n<p>Csomagol\u00e1s: 3 db<\/p>\n","protected":false},"excerpt":{"rendered":"<p>A Durex Pleasure Me \u00f3vszereket a mindk\u00e9t partner sz\u00e1m\u00e1ra intenz\u00edvebb \u00e9lvezetet ny\u00fajt\u00f3, p\u00f6tty\u00f6kkel \u00e9s p\u00f6tty\u00f6kkel tervezt\u00e9k. Az ergonomikus forma megk\u00f6nny\u00edti a felhelyez\u00e9st \u00e9s jobb illeszked\u00e9st biztos\u00edt. S\u00edkos\u00edtott, b\u0151rbar\u00e1t latexb\u0151l k\u00e9sz\u00fclt, amely megb\u00edzhat\u00f3 v\u00e9delmet ny\u00fajt a nem k\u00edv\u00e1nt terhess\u00e9g \u00e9s a nemi betegs\u00e9gek ellen. F\u00e9s\u0171s \u00e9s p\u00f6tty\u00f6s a fokozott stimul\u00e1ci\u00f3 \u00e9rdek\u00e9ben Ergonomikus forma a k\u00f6nny\u0171 haszn\u00e1lat [&hellip;]<\/p>\n","protected":false},"featured_media":15858,"template":"","meta":[],"product_brand":[212],"product_cat":[304],"product_tag":[],"class_list":{"0":"post-16710","1":"product","2":"type-product","3":"status-publish","4":"has-post-thumbnail","6":"product_brand-durex","7":"product_cat-intim-higienia","9":"first","10":"instock","11":"taxable","12":"shipping-taxable","13":"purchasable","14":"product-type-simple"},"_links":{"self":[{"href":"https:\/\/perfettohome.sk\/hu\/wp-json\/wp\/v2\/product\/16710","targetHints":{"allow":["GET"]}}],"collection":[{"href":"https:\/\/perfettohome.sk\/hu\/wp-json\/wp\/v2\/product"}],"about":[{"href":"https:\/\/perfettohome.sk\/hu\/wp-json\/wp\/v2\/types\/product"}],"wp:featuredmedia":[{"embeddable":true,"href":"https:\/\/perfettohome.sk\/hu\/wp-json\/wp\/v2\/media\/15858"}],"wp:attachment":[{"href":"https:\/\/perfettohome.sk\/hu\/wp-json\/wp\/v2\/media?parent=16710"}],"wp:term":[{"taxonomy":"product_brand","embeddable":true,"href":"https:\/\/perfettohome.sk\/hu\/wp-json\/wp\/v2\/product_brand?post=16710"},{"taxonomy":"product_cat","embeddable":true,"href":"https:\/\/perfettohome.sk\/hu\/wp-json\/wp\/v2\/product_cat?post=16710"},{"taxonomy":"product_tag","embeddable":true,"href":"https:\/\/perfettohome.sk\/hu\/wp-json\/wp\/v2\/product_tag?post=16710"}],"curies":[{"name":"wp","href":"https:\/\/api.w.org\/{rel}","templated":true}]}}