{"id":16711,"date":"2025-04-03T20:14:13","date_gmt":"2025-04-03T18:14:13","guid":{"rendered":"https:\/\/perfettohome.sk\/produkt\/nivea-testapolo-smooth-sensation-400ml\/"},"modified":"2025-04-03T20:14:13","modified_gmt":"2025-04-03T18:14:13","slug":"nivea-testapolo-smooth-sensation-400ml","status":"publish","type":"product","link":"https:\/\/perfettohome.sk\/hu\/produkt\/nivea-testapolo-smooth-sensation-400ml\/","title":{"rendered":"Nivea test\u00e1pol\u00f3 &#8211; Smooth Sensation 400ml"},"content":{"rendered":"<p>A Nivea Smooth Sensation test\u00e1pol\u00f3 intenz\u00edven hidrat\u00e1lja a sz\u00e1raz b\u0151rt, \u00e9s hossz\u00fa ideig puh\u00e1v\u00e1 \u00e9s selymesen sim\u00e1v\u00e1 teszi. Sheavajjal gazdag\u00edtott formul\u00e1ja m\u00e9lyen t\u00e1pl\u00e1lja a b\u0151rt, seg\u00edt helyre\u00e1ll\u00edtani annak term\u00e9szetes rugalmass\u00e1g\u00e1t \u00e9s eg\u00e9szs\u00e9ges megjelen\u00e9s\u00e9t. K\u00f6nny\u0171, gyorsan felsz\u00edv\u00f3d\u00f3 text\u00far\u00e1ja nem hagy zs\u00edros \u00e9rzetet, \u00edgy ide\u00e1lis mindennapos haszn\u00e1latra.  <\/p>\n<p>Intenz\u00edv hidrat\u00e1l\u00e1s \u00e9s t\u00e1pl\u00e1l\u00e1s<br \/>\nShea vajat tartalmaz a puha \u00e9s sima b\u0151r\u00e9rt<br \/>\nHosszan tart\u00f3 hidrat\u00e1l\u00f3 hat\u00e1s<br \/>\nGyorsan felsz\u00edv\u00f3d\u00f3, nem zs\u00edros formula<br \/>\nT\u00e9rfogat: 400ml.<\/p>\n","protected":false},"excerpt":{"rendered":"<p>A Nivea Smooth Sensation test\u00e1pol\u00f3 intenz\u00edven hidrat\u00e1lja a sz\u00e1raz b\u0151rt, \u00e9s hossz\u00fa ideig puh\u00e1v\u00e1 \u00e9s selymesen sim\u00e1v\u00e1 teszi. Sheavajjal gazdag\u00edtott formul\u00e1ja m\u00e9lyen t\u00e1pl\u00e1lja a b\u0151rt, seg\u00edt helyre\u00e1ll\u00edtani annak term\u00e9szetes rugalmass\u00e1g\u00e1t \u00e9s eg\u00e9szs\u00e9ges megjelen\u00e9s\u00e9t. K\u00f6nny\u0171, gyorsan felsz\u00edv\u00f3d\u00f3 text\u00far\u00e1ja nem hagy zs\u00edros \u00e9rzetet, \u00edgy ide\u00e1lis mindennapos haszn\u00e1latra. Intenz\u00edv hidrat\u00e1l\u00e1s \u00e9s t\u00e1pl\u00e1l\u00e1s Shea vajat tartalmaz a puha \u00e9s [&hellip;]<\/p>\n","protected":false},"featured_media":16712,"template":"","meta":[],"product_brand":[201],"product_cat":[317],"product_tag":[],"class_list":{"0":"post-16711","1":"product","2":"type-product","3":"status-publish","4":"has-post-thumbnail","6":"product_brand-nivea","7":"product_cat-borapolas","9":"first","10":"instock","11":"taxable","12":"shipping-taxable","13":"purchasable","14":"product-type-simple"},"_links":{"self":[{"href":"https:\/\/perfettohome.sk\/hu\/wp-json\/wp\/v2\/product\/16711","targetHints":{"allow":["GET"]}}],"collection":[{"href":"https:\/\/perfettohome.sk\/hu\/wp-json\/wp\/v2\/product"}],"about":[{"href":"https:\/\/perfettohome.sk\/hu\/wp-json\/wp\/v2\/types\/product"}],"wp:featuredmedia":[{"embeddable":true,"href":"https:\/\/perfettohome.sk\/hu\/wp-json\/wp\/v2\/media\/16712"}],"wp:attachment":[{"href":"https:\/\/perfettohome.sk\/hu\/wp-json\/wp\/v2\/media?parent=16711"}],"wp:term":[{"taxonomy":"product_brand","embeddable":true,"href":"https:\/\/perfettohome.sk\/hu\/wp-json\/wp\/v2\/product_brand?post=16711"},{"taxonomy":"product_cat","embeddable":true,"href":"https:\/\/perfettohome.sk\/hu\/wp-json\/wp\/v2\/product_cat?post=16711"},{"taxonomy":"product_tag","embeddable":true,"href":"https:\/\/perfettohome.sk\/hu\/wp-json\/wp\/v2\/product_tag?post=16711"}],"curies":[{"name":"wp","href":"https:\/\/api.w.org\/{rel}","templated":true}]}}