{"id":16719,"date":"2025-04-03T15:33:44","date_gmt":"2025-04-03T13:33:44","guid":{"rendered":"https:\/\/perfettohome.sk\/produkt\/old-spice-stick-50ml-rockstar\/"},"modified":"2025-04-03T15:33:44","modified_gmt":"2025-04-03T13:33:44","slug":"old-spice-stick-50ml-rockstar","status":"publish","type":"product","link":"https:\/\/perfettohome.sk\/hu\/produkt\/old-spice-stick-50ml-rockstar\/","title":{"rendered":"Old Spice stick 50ml &#8211; Rockstar"},"content":{"rendered":"<p>Az Old Spice Rockstar dezodor stick f\u00e9rfiaknak eg\u00e9sz napos frissess\u00e9get \u00e9s v\u00e9delmet ny\u00fajt a kellemetlen szagok ellen. Egyed\u00fcl\u00e1ll\u00f3an f\u00e9rfias illata kiemeli szem\u00e9lyis\u00e9g\u00e9t, m\u00edg a hat\u00e9kony formula seg\u00edt megel\u0151zni a testszagot. Nem hagy feh\u00e9r foltokat \u00e9s hosszan tart\u00f3 illatot biztos\u00edt.  <\/p>\n<p>Eg\u00e9sz napos frissess\u00e9g<br \/>\nV\u00e9delem a kellemetlen szagok ellen<br \/>\nF\u00e9rfias, jellegzetes illat<br \/>\nNem hagy feh\u00e9r foltokat<br \/>\nT\u00e9rfogat: 50ml<\/p>\n","protected":false},"excerpt":{"rendered":"<p>Az Old Spice Rockstar dezodor stick f\u00e9rfiaknak eg\u00e9sz napos frissess\u00e9get \u00e9s v\u00e9delmet ny\u00fajt a kellemetlen szagok ellen. Egyed\u00fcl\u00e1ll\u00f3an f\u00e9rfias illata kiemeli szem\u00e9lyis\u00e9g\u00e9t, m\u00edg a hat\u00e9kony formula seg\u00edt megel\u0151zni a testszagot. Nem hagy feh\u00e9r foltokat \u00e9s hosszan tart\u00f3 illatot biztos\u00edt. Eg\u00e9sz napos frissess\u00e9g V\u00e9delem a kellemetlen szagok ellen F\u00e9rfias, jellegzetes illat Nem hagy feh\u00e9r foltokat T\u00e9rfogat: [&hellip;]<\/p>\n","protected":false},"featured_media":16720,"template":"","meta":[],"product_brand":[202],"product_cat":[294],"product_tag":[],"class_list":{"0":"post-16719","1":"product","2":"type-product","3":"status-publish","4":"has-post-thumbnail","6":"product_brand-old-spice","7":"product_cat-dezodorok","9":"first","10":"outofstock","11":"taxable","12":"shipping-taxable","13":"purchasable","14":"product-type-simple"},"_links":{"self":[{"href":"https:\/\/perfettohome.sk\/hu\/wp-json\/wp\/v2\/product\/16719","targetHints":{"allow":["GET"]}}],"collection":[{"href":"https:\/\/perfettohome.sk\/hu\/wp-json\/wp\/v2\/product"}],"about":[{"href":"https:\/\/perfettohome.sk\/hu\/wp-json\/wp\/v2\/types\/product"}],"wp:featuredmedia":[{"embeddable":true,"href":"https:\/\/perfettohome.sk\/hu\/wp-json\/wp\/v2\/media\/16720"}],"wp:attachment":[{"href":"https:\/\/perfettohome.sk\/hu\/wp-json\/wp\/v2\/media?parent=16719"}],"wp:term":[{"taxonomy":"product_brand","embeddable":true,"href":"https:\/\/perfettohome.sk\/hu\/wp-json\/wp\/v2\/product_brand?post=16719"},{"taxonomy":"product_cat","embeddable":true,"href":"https:\/\/perfettohome.sk\/hu\/wp-json\/wp\/v2\/product_cat?post=16719"},{"taxonomy":"product_tag","embeddable":true,"href":"https:\/\/perfettohome.sk\/hu\/wp-json\/wp\/v2\/product_tag?post=16719"}],"curies":[{"name":"wp","href":"https:\/\/api.w.org\/{rel}","templated":true}]}}