{"id":16721,"date":"2025-04-03T15:19:41","date_gmt":"2025-04-03T13:19:41","guid":{"rendered":"https:\/\/perfettohome.sk\/produkt\/dove-spray-dezodor-men-eukaliptusz-menta-150ml\/"},"modified":"2025-12-13T22:29:53","modified_gmt":"2025-12-13T21:29:53","slug":"dove-spray-dezodor-men-eukaliptusz-menta-150ml","status":"publish","type":"product","link":"https:\/\/perfettohome.sk\/hu\/produkt\/dove-spray-dezodor-men-eukaliptusz-menta-150ml\/","title":{"rendered":"Dove spray dezodor MEN &#8211; Eucalyptus mint 150ml"},"content":{"rendered":"<p>A Dove Men+Care Eucalyptus &amp; Menta izzad\u00e1sg\u00e1tl\u00f3 48 \u00f3r\u00e1s v\u00e9delmet ny\u00fajt az izzad\u00e1s ellen, mik\u00f6zben friss\u00edti \u00e9s \u00e1polja a b\u0151rt. Az eukaliptusz \u00e9s a menta kombin\u00e1ci\u00f3ja term\u00e9szetes frissess\u00e9get k\u00f6lcs\u00f6n\u00f6z, m\u00edg a hidrat\u00e1l\u00f3 \u00f6sszetev\u0151k seg\u00edtenek megel\u0151zni a b\u0151rirrit\u00e1ci\u00f3t. Alkoholmentes, k\u00edm\u00e9letes a b\u0151rh\u00f6z \u00e9s ide\u00e1lis a mindennapi haszn\u00e1latra.  <\/p>\n<p>48 \u00f3r\u00e1s izzad\u00e1sg\u00e1tl\u00f3 v\u00e9delem<br \/>\nEukaliptusz \u00e9s menta friss illata<br \/>\nHidrat\u00e1l\u00f3 \u00f6sszetev\u0151k a b\u0151rirrit\u00e1ci\u00f3 ellen<br \/>\nAlkoholmentes<br \/>\nT\u00e9rfogat: 150ml<\/p>\n","protected":false},"excerpt":{"rendered":"<p>A Dove Men+Care Eucalyptus &amp; Menta izzad\u00e1sg\u00e1tl\u00f3 48 \u00f3r\u00e1s v\u00e9delmet ny\u00fajt az izzad\u00e1s ellen, mik\u00f6zben friss\u00edti \u00e9s \u00e1polja a b\u0151rt. Az eukaliptusz \u00e9s a menta kombin\u00e1ci\u00f3ja term\u00e9szetes frissess\u00e9get k\u00f6lcs\u00f6n\u00f6z, m\u00edg a hidrat\u00e1l\u00f3 \u00f6sszetev\u0151k seg\u00edtenek megel\u0151zni a b\u0151rirrit\u00e1ci\u00f3t. Alkoholmentes, k\u00edm\u00e9letes a b\u0151rh\u00f6z \u00e9s ide\u00e1lis a mindennapi haszn\u00e1latra. 48 \u00f3r\u00e1s izzad\u00e1sg\u00e1tl\u00f3 v\u00e9delem Eukaliptusz \u00e9s menta friss illata [&hellip;]<\/p>\n","protected":false},"featured_media":15818,"template":"","meta":[],"product_brand":[197],"product_cat":[294],"product_tag":[],"class_list":{"0":"post-16721","1":"product","2":"type-product","3":"status-publish","4":"has-post-thumbnail","6":"product_brand-dove","7":"product_cat-dezodorok","9":"first","10":"instock","11":"taxable","12":"shipping-taxable","13":"purchasable","14":"product-type-simple"},"_links":{"self":[{"href":"https:\/\/perfettohome.sk\/hu\/wp-json\/wp\/v2\/product\/16721","targetHints":{"allow":["GET"]}}],"collection":[{"href":"https:\/\/perfettohome.sk\/hu\/wp-json\/wp\/v2\/product"}],"about":[{"href":"https:\/\/perfettohome.sk\/hu\/wp-json\/wp\/v2\/types\/product"}],"wp:featuredmedia":[{"embeddable":true,"href":"https:\/\/perfettohome.sk\/hu\/wp-json\/wp\/v2\/media\/15818"}],"wp:attachment":[{"href":"https:\/\/perfettohome.sk\/hu\/wp-json\/wp\/v2\/media?parent=16721"}],"wp:term":[{"taxonomy":"product_brand","embeddable":true,"href":"https:\/\/perfettohome.sk\/hu\/wp-json\/wp\/v2\/product_brand?post=16721"},{"taxonomy":"product_cat","embeddable":true,"href":"https:\/\/perfettohome.sk\/hu\/wp-json\/wp\/v2\/product_cat?post=16721"},{"taxonomy":"product_tag","embeddable":true,"href":"https:\/\/perfettohome.sk\/hu\/wp-json\/wp\/v2\/product_tag?post=16721"}],"curies":[{"name":"wp","href":"https:\/\/api.w.org\/{rel}","templated":true}]}}