{"id":16723,"date":"2025-03-30T18:45:00","date_gmt":"2025-03-30T16:45:00","guid":{"rendered":"https:\/\/perfettohome.sk\/produkt\/old-spice-stick-50ml-feher-farkas\/"},"modified":"2025-12-13T11:09:41","modified_gmt":"2025-12-13T10:09:41","slug":"old-spice-stick-50ml-feher-farkas","status":"publish","type":"product","link":"https:\/\/perfettohome.sk\/hu\/produkt\/old-spice-stick-50ml-feher-farkas\/","title":{"rendered":"Old Spice stick 50ml &#8211; White Wolf"},"content":{"rendered":"<p>Az Old Spice White Wolf izzad\u00e1sg\u00e1tl\u00f3 \u00e9s dezodor, amely ak\u00e1r 48 \u00f3r\u00e1s v\u00e9delmet ny\u00fajt az izzad\u00e1s \u00e9s a kellemetlen szagok ellen. Friss, f\u00e9rfias illata eg\u00e9sz nap h\u0171v\u00f6sen tart. Gyorsan felsz\u00edv\u00f3dik, \u00e9s nem hagy feh\u00e9r vagy s\u00e1rga foltot a ruh\u00e1n.  <\/p>\n<p>48 \u00f3r\u00e1s v\u00e9delem az izzad\u00e1s \u00e9s a szagok ellen<br \/>\nFriss \u00e9s intenz\u00edv White Wolf illat<br \/>\nNem hagy foltot a ruh\u00e1n.<\/p>\n<p>Alkalmaz\u00e1s: Alkalmazza a tiszta \u00e9s sz\u00e1raz h\u00f3naljra.<\/p>\n","protected":false},"excerpt":{"rendered":"<p>Az Old Spice White Wolf izzad\u00e1sg\u00e1tl\u00f3 \u00e9s dezodor, amely ak\u00e1r 48 \u00f3r\u00e1s v\u00e9delmet ny\u00fajt az izzad\u00e1s \u00e9s a kellemetlen szagok ellen. Friss, f\u00e9rfias illata eg\u00e9sz nap h\u0171v\u00f6sen tart. Gyorsan felsz\u00edv\u00f3dik, \u00e9s nem hagy feh\u00e9r vagy s\u00e1rga foltot a ruh\u00e1n. 48 \u00f3r\u00e1s v\u00e9delem az izzad\u00e1s \u00e9s a szagok ellen Friss \u00e9s intenz\u00edv White Wolf illat Nem [&hellip;]<\/p>\n","protected":false},"featured_media":16725,"template":"","meta":[],"product_brand":[202],"product_cat":[294],"product_tag":[],"class_list":{"0":"post-16723","1":"product","2":"type-product","3":"status-publish","4":"has-post-thumbnail","6":"product_brand-old-spice","7":"product_cat-dezodorok","9":"first","10":"outofstock","11":"taxable","12":"shipping-taxable","13":"purchasable","14":"product-type-simple"},"_links":{"self":[{"href":"https:\/\/perfettohome.sk\/hu\/wp-json\/wp\/v2\/product\/16723","targetHints":{"allow":["GET"]}}],"collection":[{"href":"https:\/\/perfettohome.sk\/hu\/wp-json\/wp\/v2\/product"}],"about":[{"href":"https:\/\/perfettohome.sk\/hu\/wp-json\/wp\/v2\/types\/product"}],"wp:featuredmedia":[{"embeddable":true,"href":"https:\/\/perfettohome.sk\/hu\/wp-json\/wp\/v2\/media\/16725"}],"wp:attachment":[{"href":"https:\/\/perfettohome.sk\/hu\/wp-json\/wp\/v2\/media?parent=16723"}],"wp:term":[{"taxonomy":"product_brand","embeddable":true,"href":"https:\/\/perfettohome.sk\/hu\/wp-json\/wp\/v2\/product_brand?post=16723"},{"taxonomy":"product_cat","embeddable":true,"href":"https:\/\/perfettohome.sk\/hu\/wp-json\/wp\/v2\/product_cat?post=16723"},{"taxonomy":"product_tag","embeddable":true,"href":"https:\/\/perfettohome.sk\/hu\/wp-json\/wp\/v2\/product_tag?post=16723"}],"curies":[{"name":"wp","href":"https:\/\/api.w.org\/{rel}","templated":true}]}}