{"id":16730,"date":"2025-04-03T15:24:11","date_gmt":"2025-04-03T13:24:11","guid":{"rendered":"https:\/\/perfettohome.sk\/produkt\/dove-spray-dezodor-men-invisible-fresh-150ml\/"},"modified":"2025-04-03T15:24:11","modified_gmt":"2025-04-03T13:24:11","slug":"dove-spray-dezodor-men-invisible-fresh-150ml","status":"publish","type":"product","link":"https:\/\/perfettohome.sk\/hu\/produkt\/dove-spray-dezodor-men-invisible-fresh-150ml\/","title":{"rendered":"Dove spray dezodor MEN &#8211; Invisible Fresh 150ml"},"content":{"rendered":"<p>A Dove Men+Care Invisible Fresh izzad\u00e1sg\u00e1tl\u00f3 48 \u00f3r\u00e1s v\u00e9delmet ny\u00fajt az izzad\u00e1s \u00e9s a szagok ellen, friss \u00e9s tiszta \u00e9rz\u00e9st biztos\u00edt. A speci\u00e1lis formula nem hagy feh\u00e9r foltokat a ruh\u00e1kon, \u00edgy ide\u00e1lis a mindennapi viselethez. Hidrat\u00e1l\u00f3 \u00f6sszetev\u0151ket tartalmaz, amelyek seg\u00edtenek megel\u0151zni a b\u0151rirrit\u00e1ci\u00f3t.  <\/p>\n<p>48 \u00f3r\u00e1s izzad\u00e1sg\u00e1tl\u00f3 v\u00e9delem<br \/>\nNem hagy feh\u00e9r foltot a ruh\u00e1kon<br \/>\nHidrat\u00e1l\u00f3 \u00f6sszetev\u0151k a b\u0151rirrit\u00e1ci\u00f3 ellen<br \/>\nFriss \u00e9s tiszta illat<br \/>\nAlkoholmentes<br \/>\nT\u00e9rfogat: 150ml<\/p>\n","protected":false},"excerpt":{"rendered":"<p>A Dove Men+Care Invisible Fresh izzad\u00e1sg\u00e1tl\u00f3 48 \u00f3r\u00e1s v\u00e9delmet ny\u00fajt az izzad\u00e1s \u00e9s a szagok ellen, friss \u00e9s tiszta \u00e9rz\u00e9st biztos\u00edt. A speci\u00e1lis formula nem hagy feh\u00e9r foltokat a ruh\u00e1kon, \u00edgy ide\u00e1lis a mindennapi viselethez. Hidrat\u00e1l\u00f3 \u00f6sszetev\u0151ket tartalmaz, amelyek seg\u00edtenek megel\u0151zni a b\u0151rirrit\u00e1ci\u00f3t. 48 \u00f3r\u00e1s izzad\u00e1sg\u00e1tl\u00f3 v\u00e9delem Nem hagy feh\u00e9r foltot a ruh\u00e1kon Hidrat\u00e1l\u00f3 \u00f6sszetev\u0151k [&hellip;]<\/p>\n","protected":false},"featured_media":15820,"template":"","meta":[],"product_brand":[197],"product_cat":[294],"product_tag":[],"class_list":{"0":"post-16730","1":"product","2":"type-product","3":"status-publish","4":"has-post-thumbnail","6":"product_brand-dove","7":"product_cat-dezodorok","9":"first","10":"instock","11":"taxable","12":"shipping-taxable","13":"purchasable","14":"product-type-simple"},"_links":{"self":[{"href":"https:\/\/perfettohome.sk\/hu\/wp-json\/wp\/v2\/product\/16730","targetHints":{"allow":["GET"]}}],"collection":[{"href":"https:\/\/perfettohome.sk\/hu\/wp-json\/wp\/v2\/product"}],"about":[{"href":"https:\/\/perfettohome.sk\/hu\/wp-json\/wp\/v2\/types\/product"}],"wp:featuredmedia":[{"embeddable":true,"href":"https:\/\/perfettohome.sk\/hu\/wp-json\/wp\/v2\/media\/15820"}],"wp:attachment":[{"href":"https:\/\/perfettohome.sk\/hu\/wp-json\/wp\/v2\/media?parent=16730"}],"wp:term":[{"taxonomy":"product_brand","embeddable":true,"href":"https:\/\/perfettohome.sk\/hu\/wp-json\/wp\/v2\/product_brand?post=16730"},{"taxonomy":"product_cat","embeddable":true,"href":"https:\/\/perfettohome.sk\/hu\/wp-json\/wp\/v2\/product_cat?post=16730"},{"taxonomy":"product_tag","embeddable":true,"href":"https:\/\/perfettohome.sk\/hu\/wp-json\/wp\/v2\/product_tag?post=16730"}],"curies":[{"name":"wp","href":"https:\/\/api.w.org\/{rel}","templated":true}]}}