{"id":16736,"date":"2025-03-30T17:58:10","date_gmt":"2025-03-30T15:58:10","guid":{"rendered":"https:\/\/perfettohome.sk\/produkt\/nivea-micellas-viz-energizalo-400ml\/"},"modified":"2025-12-13T10:51:48","modified_gmt":"2025-12-13T09:51:48","slug":"nivea-micellas-viz-energizalo-400ml","status":"publish","type":"product","link":"https:\/\/perfettohome.sk\/hu\/produkt\/nivea-micellas-viz-energizalo-400ml\/","title":{"rendered":"Nivea micell\u00e1s v\u00edz &#8211; Energising 400ml"},"content":{"rendered":"<p>A NIVEA MicellAIR Energy egy olyan tiszt\u00edt\u00f3szer, amelyet a smink \u00e9s a szennyez\u0151d\u00e9sek elt\u00e1vol\u00edt\u00e1s\u00e1ra terveztek az arcr\u00f3l. Ez a micell\u00e1s tiszt\u00edt\u00f3oldat fekete tea kivonattal gazdag\u00edtott, amely energi\u00e1t \u00e9s vitalit\u00e1st ad a b\u0151rnek. K\u00edm\u00e9letes a b\u0151rh\u00f6z, \u00e9s hat\u00e9konyan t\u00e1vol\u00edtja el m\u00e9g a v\u00edz\u00e1ll\u00f3 sminket is, d\u00f6rzs\u00f6l\u00e9s n\u00e9lk\u00fcl. Friss, puha \u00e9s felfriss\u00fclt b\u0151rt hagy, an\u00e9lk\u00fcl, hogy zs\u00edros \u00e9rzetet keltene. Ide\u00e1lis minden b\u0151rt\u00edpusra.    <\/p>\n<p>Hat\u00e9konyan elt\u00e1vol\u00edtja a sminket \u00e9s a szennyez\u0151d\u00e9seket<br \/>\nFekete tea kivonattal gazdag\u00edtva<br \/>\nA b\u0151r friss \u00e9s puha marad<br \/>\nFelesleges s\u00farl\u00f3d\u00e1s \u00e9s zs\u00edros \u00e9rzet n\u00e9lk\u00fcl<br \/>\nMinden b\u0151rt\u00edpusra alkalmas Minden b\u0151rt\u00edpusra alkalmas<\/p>\n<p>Alkalmaz\u00e1s: Alkalmazza egy vattakorongra, \u00e9s gyeng\u00e9den tiszt\u00edtsa meg az arcot. Ne \u00f6bl\u00edtse le.<\/p>\n","protected":false},"excerpt":{"rendered":"<p>A NIVEA MicellAIR Energy egy olyan tiszt\u00edt\u00f3szer, amelyet a smink \u00e9s a szennyez\u0151d\u00e9sek elt\u00e1vol\u00edt\u00e1s\u00e1ra terveztek az arcr\u00f3l. Ez a micell\u00e1s tiszt\u00edt\u00f3oldat fekete tea kivonattal gazdag\u00edtott, amely energi\u00e1t \u00e9s vitalit\u00e1st ad a b\u0151rnek. K\u00edm\u00e9letes a b\u0151rh\u00f6z, \u00e9s hat\u00e9konyan t\u00e1vol\u00edtja el m\u00e9g a v\u00edz\u00e1ll\u00f3 sminket is, d\u00f6rzs\u00f6l\u00e9s n\u00e9lk\u00fcl. Friss, puha \u00e9s felfriss\u00fclt b\u0151rt hagy, an\u00e9lk\u00fcl, hogy zs\u00edros [&hellip;]<\/p>\n","protected":false},"featured_media":16738,"template":"","meta":[],"product_brand":[201],"product_cat":[317],"product_tag":[],"class_list":{"0":"post-16736","1":"product","2":"type-product","3":"status-publish","4":"has-post-thumbnail","6":"product_brand-nivea","7":"product_cat-borapolas","9":"first","10":"instock","11":"taxable","12":"shipping-taxable","13":"purchasable","14":"product-type-simple"},"_links":{"self":[{"href":"https:\/\/perfettohome.sk\/hu\/wp-json\/wp\/v2\/product\/16736","targetHints":{"allow":["GET"]}}],"collection":[{"href":"https:\/\/perfettohome.sk\/hu\/wp-json\/wp\/v2\/product"}],"about":[{"href":"https:\/\/perfettohome.sk\/hu\/wp-json\/wp\/v2\/types\/product"}],"wp:featuredmedia":[{"embeddable":true,"href":"https:\/\/perfettohome.sk\/hu\/wp-json\/wp\/v2\/media\/16738"}],"wp:attachment":[{"href":"https:\/\/perfettohome.sk\/hu\/wp-json\/wp\/v2\/media?parent=16736"}],"wp:term":[{"taxonomy":"product_brand","embeddable":true,"href":"https:\/\/perfettohome.sk\/hu\/wp-json\/wp\/v2\/product_brand?post=16736"},{"taxonomy":"product_cat","embeddable":true,"href":"https:\/\/perfettohome.sk\/hu\/wp-json\/wp\/v2\/product_cat?post=16736"},{"taxonomy":"product_tag","embeddable":true,"href":"https:\/\/perfettohome.sk\/hu\/wp-json\/wp\/v2\/product_tag?post=16736"}],"curies":[{"name":"wp","href":"https:\/\/api.w.org\/{rel}","templated":true}]}}