{"id":16740,"date":"2025-03-30T17:56:38","date_gmt":"2025-03-30T15:56:38","guid":{"rendered":"https:\/\/perfettohome.sk\/produkt\/nivea-roll-on-carbon-espresso-50ml\/"},"modified":"2025-03-30T17:56:38","modified_gmt":"2025-03-30T15:56:38","slug":"nivea-roll-on-carbon-espresso-50ml","status":"publish","type":"product","link":"https:\/\/perfettohome.sk\/hu\/produkt\/nivea-roll-on-carbon-espresso-50ml\/","title":{"rendered":"Nivea roll-on &#8211; Carbon espresso 50ml"},"content":{"rendered":"<p>A NIVEA Roll-On Carbo Espresso friss\u00edt\u0151 szagv\u00e9delmet ny\u00fajt, \u00e9s energiz\u00e1l\u00f3 k\u00e1v\u00e9illattal gazdag\u00edtva energi\u00e1val t\u00f6lti fel \u00d6nt a nap folyam\u00e1n. Ez a dezodor 48 \u00f3r\u00e1s v\u00e9delmet ny\u00fajt, mik\u00f6zben \u00e1polja b\u0151r\u00e9t. Nem hagy maradv\u00e1nyokat a ruh\u00e1n, \u00e9s ide\u00e1lis a mindennapi haszn\u00e1latra, \u00e9rz\u00e9keny b\u0151rre is alkalmas. Energetiz\u00e1l\u00f3 k\u00e1v\u00e9illat\u00e1val eg\u00e9sz nap elk\u00eds\u00e9ri \u00d6nt.   <\/p>\n<p>Energiz\u00e1l\u00f3 k\u00e1v\u00e9 illat<br \/>\n48 \u00f3r\u00e1s szagv\u00e9delem<br \/>\nNem hagy maradv\u00e1nyt a ruh\u00e1kon<br \/>\nAlkoholmentes, \u00e9rz\u00e9keny b\u0151rre is alkalmas<\/p>\n<p>Alkalmaz\u00e1s: A k\u00f6r\u00f6m alatti tiszta \u00e9s sz\u00e1raz b\u0151rre kenje.<\/p>\n","protected":false},"excerpt":{"rendered":"<p>A NIVEA Roll-On Carbo Espresso friss\u00edt\u0151 szagv\u00e9delmet ny\u00fajt, \u00e9s energiz\u00e1l\u00f3 k\u00e1v\u00e9illattal gazdag\u00edtva energi\u00e1val t\u00f6lti fel \u00d6nt a nap folyam\u00e1n. Ez a dezodor 48 \u00f3r\u00e1s v\u00e9delmet ny\u00fajt, mik\u00f6zben \u00e1polja b\u0151r\u00e9t. Nem hagy maradv\u00e1nyokat a ruh\u00e1n, \u00e9s ide\u00e1lis a mindennapi haszn\u00e1latra, \u00e9rz\u00e9keny b\u0151rre is alkalmas. Energetiz\u00e1l\u00f3 k\u00e1v\u00e9illat\u00e1val eg\u00e9sz nap elk\u00eds\u00e9ri \u00d6nt. Energiz\u00e1l\u00f3 k\u00e1v\u00e9 illat 48 \u00f3r\u00e1s szagv\u00e9delem [&hellip;]<\/p>\n","protected":false},"featured_media":16742,"template":"","meta":[],"product_brand":[201],"product_cat":[294],"product_tag":[],"class_list":{"0":"post-16740","1":"product","2":"type-product","3":"status-publish","4":"has-post-thumbnail","6":"product_brand-nivea","7":"product_cat-dezodorok","9":"first","10":"instock","11":"taxable","12":"shipping-taxable","13":"purchasable","14":"product-type-simple"},"_links":{"self":[{"href":"https:\/\/perfettohome.sk\/hu\/wp-json\/wp\/v2\/product\/16740","targetHints":{"allow":["GET"]}}],"collection":[{"href":"https:\/\/perfettohome.sk\/hu\/wp-json\/wp\/v2\/product"}],"about":[{"href":"https:\/\/perfettohome.sk\/hu\/wp-json\/wp\/v2\/types\/product"}],"wp:featuredmedia":[{"embeddable":true,"href":"https:\/\/perfettohome.sk\/hu\/wp-json\/wp\/v2\/media\/16742"}],"wp:attachment":[{"href":"https:\/\/perfettohome.sk\/hu\/wp-json\/wp\/v2\/media?parent=16740"}],"wp:term":[{"taxonomy":"product_brand","embeddable":true,"href":"https:\/\/perfettohome.sk\/hu\/wp-json\/wp\/v2\/product_brand?post=16740"},{"taxonomy":"product_cat","embeddable":true,"href":"https:\/\/perfettohome.sk\/hu\/wp-json\/wp\/v2\/product_cat?post=16740"},{"taxonomy":"product_tag","embeddable":true,"href":"https:\/\/perfettohome.sk\/hu\/wp-json\/wp\/v2\/product_tag?post=16740"}],"curies":[{"name":"wp","href":"https:\/\/api.w.org\/{rel}","templated":true}]}}