{"id":16745,"date":"2025-03-30T17:54:46","date_gmt":"2025-03-30T15:54:46","guid":{"rendered":"https:\/\/perfettohome.sk\/produkt\/nivea-roll-on-ferfi-cool-kick-50ml\/"},"modified":"2025-03-30T17:54:46","modified_gmt":"2025-03-30T15:54:46","slug":"nivea-roll-on-ferfi-cool-kick-50ml","status":"publish","type":"product","link":"https:\/\/perfettohome.sk\/hu\/produkt\/nivea-roll-on-ferfi-cool-kick-50ml\/","title":{"rendered":"Nivea roll-on f\u00e9rfi &#8211; Cool Kick 50ml"},"content":{"rendered":"<p>A NIVEA Roll-On Cool Kick friss\u00edt\u0151 \u00e9s hosszantart\u00f3 szagv\u00e9delmet biztos\u00edt a f\u00e9rfiak sz\u00e1m\u00e1ra. Ez a dezodor energiz\u00e1l\u00f3 illattal gazdag\u00edtott, amely friss h\u0171s\u00edt\u0151 \u00e9rz\u00e9st \u00e9s ak\u00e1r 48 \u00f3r\u00e1n \u00e1t tart\u00f3 v\u00e9delmet biztos\u00edt. Ide\u00e1lis mindennapi haszn\u00e1latra, eg\u00e9sz napra k\u00e9nyelmet \u00e9s frissess\u00e9get biztos\u00edt, \u00e9s nem hagy maradv\u00e1nyokat a ruh\u00e1zaton. \u00c9rz\u00e9keny b\u0151rre is alkalmas, mivel alkoholmentes.   <\/p>\n<p>Energiz\u00e1l\u00f3 \u00e9s friss\u00edt\u0151 illat<br \/>\n48 \u00f3r\u00e1s szagv\u00e9delem<br \/>\nAlkoholmentes, \u00e9rz\u00e9keny b\u0151rre is alkalmas<br \/>\nNem hagy maradv\u00e1nyt a ruh\u00e1kon.<\/p>\n<p>Alkalmaz\u00e1s: A k\u00f6r\u00f6m alatti tiszta \u00e9s sz\u00e1raz b\u0151rre kenje.<\/p>\n","protected":false},"excerpt":{"rendered":"<p>A NIVEA Roll-On Cool Kick friss\u00edt\u0151 \u00e9s hosszantart\u00f3 szagv\u00e9delmet biztos\u00edt a f\u00e9rfiak sz\u00e1m\u00e1ra. Ez a dezodor energiz\u00e1l\u00f3 illattal gazdag\u00edtott, amely friss h\u0171s\u00edt\u0151 \u00e9rz\u00e9st \u00e9s ak\u00e1r 48 \u00f3r\u00e1n \u00e1t tart\u00f3 v\u00e9delmet biztos\u00edt. Ide\u00e1lis mindennapi haszn\u00e1latra, eg\u00e9sz napra k\u00e9nyelmet \u00e9s frissess\u00e9get biztos\u00edt, \u00e9s nem hagy maradv\u00e1nyokat a ruh\u00e1zaton. \u00c9rz\u00e9keny b\u0151rre is alkalmas, mivel alkoholmentes. Energiz\u00e1l\u00f3 \u00e9s friss\u00edt\u0151 [&hellip;]<\/p>\n","protected":false},"featured_media":16747,"template":"","meta":[],"product_brand":[201],"product_cat":[294],"product_tag":[],"class_list":{"0":"post-16745","1":"product","2":"type-product","3":"status-publish","4":"has-post-thumbnail","6":"product_brand-nivea","7":"product_cat-dezodorok","9":"first","10":"instock","11":"taxable","12":"shipping-taxable","13":"purchasable","14":"product-type-simple"},"_links":{"self":[{"href":"https:\/\/perfettohome.sk\/hu\/wp-json\/wp\/v2\/product\/16745","targetHints":{"allow":["GET"]}}],"collection":[{"href":"https:\/\/perfettohome.sk\/hu\/wp-json\/wp\/v2\/product"}],"about":[{"href":"https:\/\/perfettohome.sk\/hu\/wp-json\/wp\/v2\/types\/product"}],"wp:featuredmedia":[{"embeddable":true,"href":"https:\/\/perfettohome.sk\/hu\/wp-json\/wp\/v2\/media\/16747"}],"wp:attachment":[{"href":"https:\/\/perfettohome.sk\/hu\/wp-json\/wp\/v2\/media?parent=16745"}],"wp:term":[{"taxonomy":"product_brand","embeddable":true,"href":"https:\/\/perfettohome.sk\/hu\/wp-json\/wp\/v2\/product_brand?post=16745"},{"taxonomy":"product_cat","embeddable":true,"href":"https:\/\/perfettohome.sk\/hu\/wp-json\/wp\/v2\/product_cat?post=16745"},{"taxonomy":"product_tag","embeddable":true,"href":"https:\/\/perfettohome.sk\/hu\/wp-json\/wp\/v2\/product_tag?post=16745"}],"curies":[{"name":"wp","href":"https:\/\/api.w.org\/{rel}","templated":true}]}}