{"id":16749,"date":"2025-03-30T17:53:25","date_gmt":"2025-03-30T15:53:25","guid":{"rendered":"https:\/\/perfettohome.sk\/produkt\/nivea-roll-on-ferfi-sensitive-protect-50ml\/"},"modified":"2025-03-30T17:53:25","modified_gmt":"2025-03-30T15:53:25","slug":"nivea-roll-on-ferfi-sensitive-protect-50ml","status":"publish","type":"product","link":"https:\/\/perfettohome.sk\/hu\/produkt\/nivea-roll-on-ferfi-sensitive-protect-50ml\/","title":{"rendered":"Nivea roll-on f\u00e9rfi &#8211; Sensitive Protect 50ml"},"content":{"rendered":"<p>A NIVEA Roll-On Sensitive Protect kifejezetten \u00e9rz\u00e9keny b\u0151rre kifejlesztett, 48 \u00f3r\u00e1s szagv\u00e9delmet biztos\u00edt, mik\u00f6zben puh\u00e1n tartja a b\u0151rt. Ez a dezodor term\u00e9szetes kamillakivonatot tartalmaz, amely seg\u00edt megnyugtatni a b\u0151rt \u00e9s megel\u0151zni az irrit\u00e1ci\u00f3t. L\u00e1gy \u00e9s friss illata eg\u00e9sz nap elk\u00eds\u00e9ri \u00d6nt, mik\u00f6zben alkoholmentes, \u00edgy ide\u00e1lis az \u00e9rz\u00e9keny b\u0151r sz\u00e1m\u00e1ra.  <\/p>\n<p>Gyeng\u00e9d v\u00e9delem \u00e9rz\u00e9keny b\u0151rre<br \/>\n48 \u00f3r\u00e1s szagv\u00e9delem<br \/>\nTerm\u00e9szetes kamillakivonatot tartalmaz<br \/>\nAlkoholmentes, \u00e9rz\u00e9keny b\u0151rre is alkalmas<\/p>\n<p>Alkalmaz\u00e1s: A k\u00f6r\u00f6m alatti tiszta \u00e9s sz\u00e1raz b\u0151rre kenje.<\/p>\n","protected":false},"excerpt":{"rendered":"<p>A NIVEA Roll-On Sensitive Protect kifejezetten \u00e9rz\u00e9keny b\u0151rre kifejlesztett, 48 \u00f3r\u00e1s szagv\u00e9delmet biztos\u00edt, mik\u00f6zben puh\u00e1n tartja a b\u0151rt. Ez a dezodor term\u00e9szetes kamillakivonatot tartalmaz, amely seg\u00edt megnyugtatni a b\u0151rt \u00e9s megel\u0151zni az irrit\u00e1ci\u00f3t. L\u00e1gy \u00e9s friss illata eg\u00e9sz nap elk\u00eds\u00e9ri \u00d6nt, mik\u00f6zben alkoholmentes, \u00edgy ide\u00e1lis az \u00e9rz\u00e9keny b\u0151r sz\u00e1m\u00e1ra. Gyeng\u00e9d v\u00e9delem \u00e9rz\u00e9keny b\u0151rre 48 \u00f3r\u00e1s [&hellip;]<\/p>\n","protected":false},"featured_media":15807,"template":"","meta":[],"product_brand":[201],"product_cat":[294],"product_tag":[],"class_list":{"0":"post-16749","1":"product","2":"type-product","3":"status-publish","4":"has-post-thumbnail","6":"product_brand-nivea","7":"product_cat-dezodorok","9":"first","10":"instock","11":"taxable","12":"shipping-taxable","13":"purchasable","14":"product-type-simple"},"_links":{"self":[{"href":"https:\/\/perfettohome.sk\/hu\/wp-json\/wp\/v2\/product\/16749","targetHints":{"allow":["GET"]}}],"collection":[{"href":"https:\/\/perfettohome.sk\/hu\/wp-json\/wp\/v2\/product"}],"about":[{"href":"https:\/\/perfettohome.sk\/hu\/wp-json\/wp\/v2\/types\/product"}],"wp:featuredmedia":[{"embeddable":true,"href":"https:\/\/perfettohome.sk\/hu\/wp-json\/wp\/v2\/media\/15807"}],"wp:attachment":[{"href":"https:\/\/perfettohome.sk\/hu\/wp-json\/wp\/v2\/media?parent=16749"}],"wp:term":[{"taxonomy":"product_brand","embeddable":true,"href":"https:\/\/perfettohome.sk\/hu\/wp-json\/wp\/v2\/product_brand?post=16749"},{"taxonomy":"product_cat","embeddable":true,"href":"https:\/\/perfettohome.sk\/hu\/wp-json\/wp\/v2\/product_cat?post=16749"},{"taxonomy":"product_tag","embeddable":true,"href":"https:\/\/perfettohome.sk\/hu\/wp-json\/wp\/v2\/product_tag?post=16749"}],"curies":[{"name":"wp","href":"https:\/\/api.w.org\/{rel}","templated":true}]}}