{"id":16759,"date":"2025-03-30T17:49:31","date_gmt":"2025-03-30T15:49:31","guid":{"rendered":"https:\/\/perfettohome.sk\/produkt\/nivea-spray-dezodor-pearl-beauty-150ml\/"},"modified":"2025-03-30T17:49:31","modified_gmt":"2025-03-30T15:49:31","slug":"nivea-spray-dezodor-pearl-beauty-150ml","status":"publish","type":"product","link":"https:\/\/perfettohome.sk\/hu\/produkt\/nivea-spray-dezodor-pearl-beauty-150ml\/","title":{"rendered":"Nivea spray dezodor &#8211; Pearl &amp; Beauty 150ml"},"content":{"rendered":"<p>A NIVEA Deo Pearl \u00e9s Beauty Soft Smooth gyeng\u00e9d, 48 \u00f3r\u00e1s szagv\u00e9delmet biztos\u00edt b\u0151r\u00e9nek, mik\u00f6zben kiv\u00e9teles \u00e1pol\u00e1ssal gazdag\u00edtja azt. Ez a dezodor gy\u00f6ngyh\u00e1zkivonat\u00fa \u00f6sszetev\u0151kkel gazdag\u00edtott, amelyek puh\u00e1v\u00e1 \u00e9s gy\u00f6ny\u00f6r\u0171 illat\u00fav\u00e1 var\u00e1zsolj\u00e1k b\u0151r\u00e9t. K\u00f6nny\u0171, finom illata eg\u00e9sz nap elk\u00eds\u00e9ri \u00d6nt, \u00e9s mivel alkoholmentes, \u00e9rz\u00e9keny b\u0151rre is alkalmas.  <\/p>\n<p>Gyeng\u00e9d \u00e9s gy\u00f6ngyh\u00e1zf\u00e9ny\u0171 b\u0151r\u00e1pol\u00e1s<br \/>\n48 \u00f3r\u00e1s szagv\u00e9delem<br \/>\nAlkoholmentes, \u00e9rz\u00e9keny b\u0151rre is alkalmas<br \/>\nA b\u0151r puha \u00e9s gy\u00f6ny\u00f6r\u0171 illat\u00fa marad.<\/p>\n<p>Haszn\u00e1lat: Haszn\u00e1lathoz tartsa a spray-t 15 cm t\u00e1vols\u00e1gra a b\u0151rt\u0151l, \u00e9s egyenletesen vigye fel.<\/p>\n","protected":false},"excerpt":{"rendered":"<p>A NIVEA Deo Pearl \u00e9s Beauty Soft Smooth gyeng\u00e9d, 48 \u00f3r\u00e1s szagv\u00e9delmet biztos\u00edt b\u0151r\u00e9nek, mik\u00f6zben kiv\u00e9teles \u00e1pol\u00e1ssal gazdag\u00edtja azt. Ez a dezodor gy\u00f6ngyh\u00e1zkivonat\u00fa \u00f6sszetev\u0151kkel gazdag\u00edtott, amelyek puh\u00e1v\u00e1 \u00e9s gy\u00f6ny\u00f6r\u0171 illat\u00fav\u00e1 var\u00e1zsolj\u00e1k b\u0151r\u00e9t. K\u00f6nny\u0171, finom illata eg\u00e9sz nap elk\u00eds\u00e9ri \u00d6nt, \u00e9s mivel alkoholmentes, \u00e9rz\u00e9keny b\u0151rre is alkalmas. Gyeng\u00e9d \u00e9s gy\u00f6ngyh\u00e1zf\u00e9ny\u0171 b\u0151r\u00e1pol\u00e1s 48 \u00f3r\u00e1s szagv\u00e9delem Alkoholmentes, \u00e9rz\u00e9keny [&hellip;]<\/p>\n","protected":false},"featured_media":16761,"template":"","meta":[],"product_brand":[201],"product_cat":[294],"product_tag":[],"class_list":{"0":"post-16759","1":"product","2":"type-product","3":"status-publish","4":"has-post-thumbnail","6":"product_brand-nivea","7":"product_cat-dezodorok","9":"first","10":"outofstock","11":"taxable","12":"shipping-taxable","13":"purchasable","14":"product-type-simple"},"_links":{"self":[{"href":"https:\/\/perfettohome.sk\/hu\/wp-json\/wp\/v2\/product\/16759","targetHints":{"allow":["GET"]}}],"collection":[{"href":"https:\/\/perfettohome.sk\/hu\/wp-json\/wp\/v2\/product"}],"about":[{"href":"https:\/\/perfettohome.sk\/hu\/wp-json\/wp\/v2\/types\/product"}],"wp:featuredmedia":[{"embeddable":true,"href":"https:\/\/perfettohome.sk\/hu\/wp-json\/wp\/v2\/media\/16761"}],"wp:attachment":[{"href":"https:\/\/perfettohome.sk\/hu\/wp-json\/wp\/v2\/media?parent=16759"}],"wp:term":[{"taxonomy":"product_brand","embeddable":true,"href":"https:\/\/perfettohome.sk\/hu\/wp-json\/wp\/v2\/product_brand?post=16759"},{"taxonomy":"product_cat","embeddable":true,"href":"https:\/\/perfettohome.sk\/hu\/wp-json\/wp\/v2\/product_cat?post=16759"},{"taxonomy":"product_tag","embeddable":true,"href":"https:\/\/perfettohome.sk\/hu\/wp-json\/wp\/v2\/product_tag?post=16759"}],"curies":[{"name":"wp","href":"https:\/\/api.w.org\/{rel}","templated":true}]}}