{"id":16760,"date":"2025-03-30T17:40:59","date_gmt":"2025-03-30T15:40:59","guid":{"rendered":"https:\/\/perfettohome.sk\/produkt\/nivea-tusfurdo-frangipani-es-olaj-500ml\/"},"modified":"2025-03-30T17:40:59","modified_gmt":"2025-03-30T15:40:59","slug":"nivea-tusfurdo-frangipani-es-olaj-500ml","status":"publish","type":"product","link":"https:\/\/perfettohome.sk\/hu\/produkt\/nivea-tusfurdo-frangipani-es-olaj-500ml\/","title":{"rendered":"Nivea tusf\u00fcrd\u0151 &#8211; Frangipani \u00e9s olaj 500ml"},"content":{"rendered":"<p>A NIVEA Frangipani \u00e9s olajos tusf\u00fcrd\u0151 ide\u00e1lis azok sz\u00e1m\u00e1ra, akik minden egyes zuhanyz\u00e1s alkalm\u00e1val k\u00e9nyeztetni szeretn\u00e9k b\u0151r\u00fcket. Ez a tusf\u00fcrd\u0151 \u00e9rt\u00e9kes frangipani vir\u00e1ggal \u00e9s olajjal gazdag\u00edtott, hogy t\u00e1pl\u00e1lja a b\u0151rt, \u00e9s puh\u00e1v\u00e1, selymess\u00e9 var\u00e1zsolja azt. Gazdag habot k\u00e9pez, amely k\u00f6nnyen le\u00f6bl\u00edthet\u0151, \u00e9s haszn\u00e1lat k\u00f6zben friss\u00edt\u0151 vir\u00e1gillatot \u00e1raszt. A tusf\u00fcrd\u0151 dermatol\u00f3giailag tesztelt, mindennapos haszn\u00e1latra alkalmas \u00e9s gyeng\u00e9d a b\u0151rh\u00f6z.   <\/p>\n<p>Frangipani \u00e9s olaj friss\u00edt\u0151 vir\u00e1gos illata<br \/>\nT\u00e1pl\u00e1lja a b\u0151rt \u00e9s puh\u00e1v\u00e1 teszi<br \/>\nGazdag habot k\u00e9pez, k\u00f6nnyen le\u00f6bl\u00edthet\u0151<br \/>\nB\u0151rgy\u00f3gy\u00e1szatilag tesztelt, mindennapi haszn\u00e1latra alkalmas<\/p>\n<p>Alkalmaz\u00e1s: Alaposan \u00f6bl\u00edtse le a nedves b\u0151rre, habos\u00edtsa fel \u00e9s \u00f6bl\u00edtse le.<\/p>\n","protected":false},"excerpt":{"rendered":"<p>A NIVEA Frangipani \u00e9s olajos tusf\u00fcrd\u0151 ide\u00e1lis azok sz\u00e1m\u00e1ra, akik minden egyes zuhanyz\u00e1s alkalm\u00e1val k\u00e9nyeztetni szeretn\u00e9k b\u0151r\u00fcket. Ez a tusf\u00fcrd\u0151 \u00e9rt\u00e9kes frangipani vir\u00e1ggal \u00e9s olajjal gazdag\u00edtott, hogy t\u00e1pl\u00e1lja a b\u0151rt, \u00e9s puh\u00e1v\u00e1, selymess\u00e9 var\u00e1zsolja azt. Gazdag habot k\u00e9pez, amely k\u00f6nnyen le\u00f6bl\u00edthet\u0151, \u00e9s haszn\u00e1lat k\u00f6zben friss\u00edt\u0151 vir\u00e1gillatot \u00e1raszt. A tusf\u00fcrd\u0151 dermatol\u00f3giailag tesztelt, mindennapos haszn\u00e1latra alkalmas \u00e9s [&hellip;]<\/p>\n","protected":false},"featured_media":16762,"template":"","meta":[],"product_brand":[201],"product_cat":[329],"product_tag":[],"class_list":{"0":"post-16760","1":"product","2":"type-product","3":"status-publish","4":"has-post-thumbnail","6":"product_brand-nivea","7":"product_cat-zuhanyzselek","9":"first","10":"instock","11":"taxable","12":"shipping-taxable","13":"purchasable","14":"product-type-simple"},"_links":{"self":[{"href":"https:\/\/perfettohome.sk\/hu\/wp-json\/wp\/v2\/product\/16760","targetHints":{"allow":["GET"]}}],"collection":[{"href":"https:\/\/perfettohome.sk\/hu\/wp-json\/wp\/v2\/product"}],"about":[{"href":"https:\/\/perfettohome.sk\/hu\/wp-json\/wp\/v2\/types\/product"}],"wp:featuredmedia":[{"embeddable":true,"href":"https:\/\/perfettohome.sk\/hu\/wp-json\/wp\/v2\/media\/16762"}],"wp:attachment":[{"href":"https:\/\/perfettohome.sk\/hu\/wp-json\/wp\/v2\/media?parent=16760"}],"wp:term":[{"taxonomy":"product_brand","embeddable":true,"href":"https:\/\/perfettohome.sk\/hu\/wp-json\/wp\/v2\/product_brand?post=16760"},{"taxonomy":"product_cat","embeddable":true,"href":"https:\/\/perfettohome.sk\/hu\/wp-json\/wp\/v2\/product_cat?post=16760"},{"taxonomy":"product_tag","embeddable":true,"href":"https:\/\/perfettohome.sk\/hu\/wp-json\/wp\/v2\/product_tag?post=16760"}],"curies":[{"name":"wp","href":"https:\/\/api.w.org\/{rel}","templated":true}]}}