{"id":16763,"date":"2025-03-30T17:48:01","date_gmt":"2025-03-30T15:48:01","guid":{"rendered":"https:\/\/perfettohome.sk\/produkt\/nivea-roll-on-fresh-sensation-50ml\/"},"modified":"2025-03-30T17:48:01","modified_gmt":"2025-03-30T15:48:01","slug":"nivea-roll-on-fresh-sensation-50ml","status":"publish","type":"product","link":"https:\/\/perfettohome.sk\/hu\/produkt\/nivea-roll-on-fresh-sensation-50ml\/","title":{"rendered":"Nivea roll-on &#8211; Fresh Sensation 50ml"},"content":{"rendered":"<p>A NIVEA Roll-On Fresh Sensation egy olyan dezodor, amely eg\u00e9sz nap hosszan tart\u00f3 frissess\u00e9get \u00e9s szagv\u00e9delmet biztos\u00edt b\u0151r\u00e9nek. Friss\u00edt\u0151 illat\u00e1val seg\u00edt, hogy m\u00e9g a legnehezebb napokon is komfortosan \u00e9s frissen \u00e9rezze mag\u00e1t. Ez a roll-on dezodor b\u0151rbar\u00e1t, b\u0151rgy\u00f3gy\u00e1szatilag tesztelt \u00e9s alkoholmentes, \u00edgy ide\u00e1lis az \u00e9rz\u00e9keny b\u0151r sz\u00e1m\u00e1ra. Ak\u00e1r 48 \u00f3r\u00e1s v\u00e9delmet ny\u00fajt az izzad\u00e1s \u00e9s a szagok ellen, mik\u00f6zben a b\u0151rt puh\u00e1v\u00e1 \u00e9s kellemes illat\u00fav\u00e1 var\u00e1zsolja.   <\/p>\n<p>Friss\u00edt\u0151 \u00e9s finom illat<br \/>\nAk\u00e1r 48 \u00f3r\u00e1s szagv\u00e9delem<br \/>\nB\u0151rbar\u00e1t, b\u0151rgy\u00f3gy\u00e1szatilag tesztelt<br \/>\nAlkoholmentes, ide\u00e1lis az \u00e9rz\u00e9keny b\u0151rre is<\/p>\n<p>Alkalmaz\u00e1s: Alkalmazza a tiszta b\u0151rre, \u00e9s hagyja megsz\u00e1radni. Haszn\u00e1lja sz\u00fcks\u00e9g szerint.<\/p>\n","protected":false},"excerpt":{"rendered":"<p>A NIVEA Roll-On Fresh Sensation egy olyan dezodor, amely eg\u00e9sz nap hosszan tart\u00f3 frissess\u00e9get \u00e9s szagv\u00e9delmet biztos\u00edt b\u0151r\u00e9nek. Friss\u00edt\u0151 illat\u00e1val seg\u00edt, hogy m\u00e9g a legnehezebb napokon is komfortosan \u00e9s frissen \u00e9rezze mag\u00e1t. Ez a roll-on dezodor b\u0151rbar\u00e1t, b\u0151rgy\u00f3gy\u00e1szatilag tesztelt \u00e9s alkoholmentes, \u00edgy ide\u00e1lis az \u00e9rz\u00e9keny b\u0151r sz\u00e1m\u00e1ra. Ak\u00e1r 48 \u00f3r\u00e1s v\u00e9delmet ny\u00fajt az izzad\u00e1s \u00e9s [&hellip;]<\/p>\n","protected":false},"featured_media":16764,"template":"","meta":[],"product_brand":[201],"product_cat":[294],"product_tag":[],"class_list":{"0":"post-16763","1":"product","2":"type-product","3":"status-publish","4":"has-post-thumbnail","6":"product_brand-nivea","7":"product_cat-dezodorok","9":"first","10":"instock","11":"taxable","12":"shipping-taxable","13":"purchasable","14":"product-type-simple"},"_links":{"self":[{"href":"https:\/\/perfettohome.sk\/hu\/wp-json\/wp\/v2\/product\/16763","targetHints":{"allow":["GET"]}}],"collection":[{"href":"https:\/\/perfettohome.sk\/hu\/wp-json\/wp\/v2\/product"}],"about":[{"href":"https:\/\/perfettohome.sk\/hu\/wp-json\/wp\/v2\/types\/product"}],"wp:featuredmedia":[{"embeddable":true,"href":"https:\/\/perfettohome.sk\/hu\/wp-json\/wp\/v2\/media\/16764"}],"wp:attachment":[{"href":"https:\/\/perfettohome.sk\/hu\/wp-json\/wp\/v2\/media?parent=16763"}],"wp:term":[{"taxonomy":"product_brand","embeddable":true,"href":"https:\/\/perfettohome.sk\/hu\/wp-json\/wp\/v2\/product_brand?post=16763"},{"taxonomy":"product_cat","embeddable":true,"href":"https:\/\/perfettohome.sk\/hu\/wp-json\/wp\/v2\/product_cat?post=16763"},{"taxonomy":"product_tag","embeddable":true,"href":"https:\/\/perfettohome.sk\/hu\/wp-json\/wp\/v2\/product_tag?post=16763"}],"curies":[{"name":"wp","href":"https:\/\/api.w.org\/{rel}","templated":true}]}}