{"id":16765,"date":"2025-03-30T17:16:11","date_gmt":"2025-03-30T15:16:11","guid":{"rendered":"https:\/\/perfettohome.sk\/produkt\/nivea-stick-gyongy-es-szepseg-50ml\/"},"modified":"2025-12-13T10:49:12","modified_gmt":"2025-12-13T09:49:12","slug":"nivea-stick-gyongy-es-szepseg-50ml","status":"publish","type":"product","link":"https:\/\/perfettohome.sk\/hu\/produkt\/nivea-stick-gyongy-es-szepseg-50ml\/","title":{"rendered":"Nivea stick &#8211; Pearl Beauty 50ml"},"content":{"rendered":"<p>A NIVEA Pearl Beauty dezodor stickben 48 \u00f3r\u00e1s v\u00e9delmet ny\u00fajt az izzad\u00e1s \u00e9s a szagok ellen, \u00e9s l\u00e1gy, vir\u00e1gos illatot hagy a b\u0151r\u00f6n. Gy\u00f6ngyh\u00e1zkivonattal gazdag\u00edtva k\u00e9nyezteti \u00e9s puh\u00edtja a b\u0151rt. A dezodor mindennapos haszn\u00e1latra alkalmas, dermatol\u00f3giailag tesztelt, \u00edgy az \u00e9rz\u00e9keny b\u0151rre is gyeng\u00e9d. K\u00fcl\u00f6nleges formul\u00e1ja nem hagy maradv\u00e1nyokat a ruh\u00e1n, \u00e9s hosszan tart\u00f3 v\u00e9delmet ny\u00fajt kellemes frissess\u00e9g\u00e9rzet mellett.   <\/p>\n<p>48 \u00f3r\u00e1s v\u00e9delem az izzad\u00e1s \u00e9s a szagok ellen<br \/>\nFriss\u00edt\u0151 vir\u00e1gillat<br \/>\nNem hagy maradv\u00e1nyokat a ruh\u00e1kon<br \/>\nGy\u00f6ngyh\u00e1zkivonattal gazdag\u00edtva a puha b\u0151r\u00e9rt<br \/>\nDermatol\u00f3giailag tesztelt, \u00e9rz\u00e9keny b\u0151rre is alkalmas.<\/p>\n<p>Alkalmaz\u00e1s: A k\u00f6r\u00f6m alatti sz\u00e1raz b\u0151rre kenje.<\/p>\n","protected":false},"excerpt":{"rendered":"<p>A NIVEA Pearl Beauty dezodor stickben 48 \u00f3r\u00e1s v\u00e9delmet ny\u00fajt az izzad\u00e1s \u00e9s a szagok ellen, \u00e9s l\u00e1gy, vir\u00e1gos illatot hagy a b\u0151r\u00f6n. Gy\u00f6ngyh\u00e1zkivonattal gazdag\u00edtva k\u00e9nyezteti \u00e9s puh\u00edtja a b\u0151rt. A dezodor mindennapos haszn\u00e1latra alkalmas, dermatol\u00f3giailag tesztelt, \u00edgy az \u00e9rz\u00e9keny b\u0151rre is gyeng\u00e9d. K\u00fcl\u00f6nleges formul\u00e1ja nem hagy maradv\u00e1nyokat a ruh\u00e1n, \u00e9s hosszan tart\u00f3 v\u00e9delmet ny\u00fajt [&hellip;]<\/p>\n","protected":false},"featured_media":0,"template":"","meta":[],"product_brand":[201],"product_cat":[294],"product_tag":[],"class_list":{"0":"post-16765","1":"product","2":"type-product","3":"status-publish","5":"product_brand-nivea","6":"product_cat-dezodorok","8":"first","9":"instock","10":"taxable","11":"shipping-taxable","12":"purchasable","13":"product-type-simple"},"_links":{"self":[{"href":"https:\/\/perfettohome.sk\/hu\/wp-json\/wp\/v2\/product\/16765","targetHints":{"allow":["GET"]}}],"collection":[{"href":"https:\/\/perfettohome.sk\/hu\/wp-json\/wp\/v2\/product"}],"about":[{"href":"https:\/\/perfettohome.sk\/hu\/wp-json\/wp\/v2\/types\/product"}],"wp:attachment":[{"href":"https:\/\/perfettohome.sk\/hu\/wp-json\/wp\/v2\/media?parent=16765"}],"wp:term":[{"taxonomy":"product_brand","embeddable":true,"href":"https:\/\/perfettohome.sk\/hu\/wp-json\/wp\/v2\/product_brand?post=16765"},{"taxonomy":"product_cat","embeddable":true,"href":"https:\/\/perfettohome.sk\/hu\/wp-json\/wp\/v2\/product_cat?post=16765"},{"taxonomy":"product_tag","embeddable":true,"href":"https:\/\/perfettohome.sk\/hu\/wp-json\/wp\/v2\/product_tag?post=16765"}],"curies":[{"name":"wp","href":"https:\/\/api.w.org\/{rel}","templated":true}]}}