{"id":16771,"date":"2025-03-30T17:06:56","date_gmt":"2025-03-30T15:06:56","guid":{"rendered":"https:\/\/perfettohome.sk\/produkt\/nivea-tusfurdo-men-active-clean-500ml\/"},"modified":"2025-03-30T17:06:56","modified_gmt":"2025-03-30T15:06:56","slug":"nivea-tusfurdo-men-active-clean-500ml","status":"publish","type":"product","link":"https:\/\/perfettohome.sk\/hu\/produkt\/nivea-tusfurdo-men-active-clean-500ml\/","title":{"rendered":"Nivea tusf\u00fcrd\u0151 MEN &#8211; Active Clean 500ml"},"content":{"rendered":"<p>A NIVEA Active Clean tusf\u00fcrd\u0151 ide\u00e1lis a f\u00e9rfiak sz\u00e1m\u00e1ra, akiknek hat\u00e9kony tiszt\u00edt\u00e1sra \u00e9s felfriss\u00fcl\u00e9sre van sz\u00fcks\u00e9g\u00fck. A szennyez\u0151d\u00e9seket \u00e9s a felesleges olajat felsz\u00edv\u00f3 akt\u00edv sz\u00e9nnel gazdag\u00edtott tusf\u00fcrd\u0151 alaposan megtiszt\u00edtja a b\u0151rt, friss \u00e9s tiszta lesz t\u0151le. Energetiz\u00e1l\u00f3 illata eg\u00e9sz nap friss\u00edt\u0151 \u00e9rz\u00e9st biztos\u00edt. Mindennapi haszn\u00e1latra alkalmas.   <\/p>\n<p>Hat\u00e9kony tiszt\u00edt\u00e1s akt\u00edv sz\u00e9nnel<br \/>\nFriss\u00edt\u0151 \u00e9s energetiz\u00e1l\u00f3 illat<br \/>\nAlaposan tiszt\u00edtja \u00e9s felfriss\u00edti a b\u0151rt<br \/>\nB\u0151rgy\u00f3gy\u00e1szatilag tesztelt<\/p>\n<p>Alkalmaz\u00e1s: Alaposan \u00f6bl\u00edtse le a nedves b\u0151rre, habos\u00edtsa fel \u00e9s \u00f6bl\u00edtse le.<\/p>\n","protected":false},"excerpt":{"rendered":"<p>A NIVEA Active Clean tusf\u00fcrd\u0151 ide\u00e1lis a f\u00e9rfiak sz\u00e1m\u00e1ra, akiknek hat\u00e9kony tiszt\u00edt\u00e1sra \u00e9s felfriss\u00fcl\u00e9sre van sz\u00fcks\u00e9g\u00fck. A szennyez\u0151d\u00e9seket \u00e9s a felesleges olajat felsz\u00edv\u00f3 akt\u00edv sz\u00e9nnel gazdag\u00edtott tusf\u00fcrd\u0151 alaposan megtiszt\u00edtja a b\u0151rt, friss \u00e9s tiszta lesz t\u0151le. Energetiz\u00e1l\u00f3 illata eg\u00e9sz nap friss\u00edt\u0151 \u00e9rz\u00e9st biztos\u00edt. Mindennapi haszn\u00e1latra alkalmas. Hat\u00e9kony tiszt\u00edt\u00e1s akt\u00edv sz\u00e9nnel Friss\u00edt\u0151 \u00e9s energetiz\u00e1l\u00f3 illat Alaposan [&hellip;]<\/p>\n","protected":false},"featured_media":10326,"template":"","meta":[],"product_brand":[201],"product_cat":[329],"product_tag":[],"class_list":{"0":"post-16771","1":"product","2":"type-product","3":"status-publish","4":"has-post-thumbnail","6":"product_brand-nivea","7":"product_cat-zuhanyzselek","9":"first","10":"instock","11":"taxable","12":"shipping-taxable","13":"purchasable","14":"product-type-simple"},"_links":{"self":[{"href":"https:\/\/perfettohome.sk\/hu\/wp-json\/wp\/v2\/product\/16771","targetHints":{"allow":["GET"]}}],"collection":[{"href":"https:\/\/perfettohome.sk\/hu\/wp-json\/wp\/v2\/product"}],"about":[{"href":"https:\/\/perfettohome.sk\/hu\/wp-json\/wp\/v2\/types\/product"}],"wp:featuredmedia":[{"embeddable":true,"href":"https:\/\/perfettohome.sk\/hu\/wp-json\/wp\/v2\/media\/10326"}],"wp:attachment":[{"href":"https:\/\/perfettohome.sk\/hu\/wp-json\/wp\/v2\/media?parent=16771"}],"wp:term":[{"taxonomy":"product_brand","embeddable":true,"href":"https:\/\/perfettohome.sk\/hu\/wp-json\/wp\/v2\/product_brand?post=16771"},{"taxonomy":"product_cat","embeddable":true,"href":"https:\/\/perfettohome.sk\/hu\/wp-json\/wp\/v2\/product_cat?post=16771"},{"taxonomy":"product_tag","embeddable":true,"href":"https:\/\/perfettohome.sk\/hu\/wp-json\/wp\/v2\/product_tag?post=16771"}],"curies":[{"name":"wp","href":"https:\/\/api.w.org\/{rel}","templated":true}]}}