{"id":16772,"date":"2025-03-30T17:12:20","date_gmt":"2025-03-30T15:12:20","guid":{"rendered":"https:\/\/perfettohome.sk\/produkt\/nivea-stick-invisible-bw-silky-smooth-50ml\/"},"modified":"2025-03-30T17:12:20","modified_gmt":"2025-03-30T15:12:20","slug":"nivea-stick-invisible-bw-silky-smooth-50ml","status":"publish","type":"product","link":"https:\/\/perfettohome.sk\/hu\/produkt\/nivea-stick-invisible-bw-silky-smooth-50ml\/","title":{"rendered":"Nivea stick &#8211; Invisible B&amp;W Silky Smooth 50ml"},"content":{"rendered":"<p>A NIVEA Invisible Black &amp; White Silky Smooth dezodor stickben megb\u00edzhat\u00f3 v\u00e9delmet ny\u00fajt az izzad\u00e1s \u00e9s a szagok ellen ak\u00e1r 48 \u00f3r\u00e1n kereszt\u00fcl. Puha \u00e9s selymes text\u00far\u00e1ja eg\u00e9sz nap a k\u00e9nyelem \u00e9s a sz\u00e1razs\u00e1g \u00e9rz\u00e9s\u00e9t biztos\u00edtja, an\u00e9lk\u00fcl, hogy nyomot hagyna a ruh\u00e1n. A dezodor ide\u00e1lis olyan n\u0151k sz\u00e1m\u00e1ra, akik hosszan tart\u00f3 v\u00e9delmet \u00e9s kellemes illat\u00fa frissess\u00e9get szeretn\u00e9nek. Dermatol\u00f3giailag tesztelt, \u00e9rz\u00e9keny b\u0151rre is alkalmas.   <\/p>\n<p>48 \u00f3r\u00e1s v\u00e9delem az izzad\u00e1s \u00e9s a szagok ellen<br \/>\nNem hagy nyomot a ruh\u00e1kon<br \/>\nPuha \u00e9s selymes text\u00fara<br \/>\nKellemes \u00e9s friss illat<br \/>\nDermatol\u00f3giailag tesztelt, \u00e9rz\u00e9keny b\u0151rre is alkalmas.<\/p>\n<p>Alkalmaz\u00e1s: A k\u00f6r\u00f6m alatti sz\u00e1raz b\u0151rre kenje.<\/p>\n","protected":false},"excerpt":{"rendered":"<p>A NIVEA Invisible Black &amp; White Silky Smooth dezodor stickben megb\u00edzhat\u00f3 v\u00e9delmet ny\u00fajt az izzad\u00e1s \u00e9s a szagok ellen ak\u00e1r 48 \u00f3r\u00e1n kereszt\u00fcl. Puha \u00e9s selymes text\u00far\u00e1ja eg\u00e9sz nap a k\u00e9nyelem \u00e9s a sz\u00e1razs\u00e1g \u00e9rz\u00e9s\u00e9t biztos\u00edtja, an\u00e9lk\u00fcl, hogy nyomot hagyna a ruh\u00e1n. A dezodor ide\u00e1lis olyan n\u0151k sz\u00e1m\u00e1ra, akik hosszan tart\u00f3 v\u00e9delmet \u00e9s kellemes illat\u00fa [&hellip;]<\/p>\n","protected":false},"featured_media":16774,"template":"","meta":[],"product_brand":[201],"product_cat":[294],"product_tag":[],"class_list":{"0":"post-16772","1":"product","2":"type-product","3":"status-publish","4":"has-post-thumbnail","6":"product_brand-nivea","7":"product_cat-dezodorok","9":"first","10":"instock","11":"taxable","12":"shipping-taxable","13":"purchasable","14":"product-type-simple"},"_links":{"self":[{"href":"https:\/\/perfettohome.sk\/hu\/wp-json\/wp\/v2\/product\/16772","targetHints":{"allow":["GET"]}}],"collection":[{"href":"https:\/\/perfettohome.sk\/hu\/wp-json\/wp\/v2\/product"}],"about":[{"href":"https:\/\/perfettohome.sk\/hu\/wp-json\/wp\/v2\/types\/product"}],"wp:featuredmedia":[{"embeddable":true,"href":"https:\/\/perfettohome.sk\/hu\/wp-json\/wp\/v2\/media\/16774"}],"wp:attachment":[{"href":"https:\/\/perfettohome.sk\/hu\/wp-json\/wp\/v2\/media?parent=16772"}],"wp:term":[{"taxonomy":"product_brand","embeddable":true,"href":"https:\/\/perfettohome.sk\/hu\/wp-json\/wp\/v2\/product_brand?post=16772"},{"taxonomy":"product_cat","embeddable":true,"href":"https:\/\/perfettohome.sk\/hu\/wp-json\/wp\/v2\/product_cat?post=16772"},{"taxonomy":"product_tag","embeddable":true,"href":"https:\/\/perfettohome.sk\/hu\/wp-json\/wp\/v2\/product_tag?post=16772"}],"curies":[{"name":"wp","href":"https:\/\/api.w.org\/{rel}","templated":true}]}}