{"id":16773,"date":"2025-03-30T17:05:16","date_gmt":"2025-03-30T15:05:16","guid":{"rendered":"https:\/\/perfettohome.sk\/produkt\/nivea-tusfurdo-gyemant-es-arganolaj-500ml\/"},"modified":"2026-02-10T00:09:51","modified_gmt":"2026-02-09T23:09:51","slug":"nivea-tusfurdo-gyemant-es-arganolaj-500ml","status":"publish","type":"product","link":"https:\/\/perfettohome.sk\/hu\/produkt\/nivea-tusfurdo-gyemant-es-arganolaj-500ml\/","title":{"rendered":"Nivea tusf\u00fcrd\u0151 &#8211; Diamond \u00e9s arg\u00e1nolaj 500ml"},"content":{"rendered":"<p>K\u00e9nyeztesse b\u0151r\u00e9t luxus \u00e1pol\u00e1ssal a NIVEA gy\u00e9m\u00e1nt \u00e9s arg\u00e1nolajos tusf\u00fcrd\u0151vel. \u00c9rt\u00e9kes arg\u00e1nolajjal gazdag\u00edtva gyeng\u00e9den tiszt\u00edtja \u00e9s hidrat\u00e1lja a b\u0151rt, selymesen puha \u00e9rzetet hagyva maga ut\u00e1n. A gy\u00f6ngyh\u00e1zf\u00e9ny\u0171 formula \u00e9s az eleg\u00e1ns illat kiv\u00e9teles \u00e9lm\u00e9nny\u00e9 teszi a zuhanyoz\u00e1st. Mindennapi haszn\u00e1latra alkalmas.   <\/p>\n<p>Gyeng\u00e9d tiszt\u00edt\u00e1s \u00e9s intenz\u00edv hidrat\u00e1l\u00e1s<br \/>\nArg\u00e1nolajjal gazdag\u00edtva a b\u00e1rsonyosan puha b\u0151r\u00e9rt<br \/>\nGy\u00f6ngyh\u00e1zf\u00e9ny\u0171 hat\u00e1s \u00e9s luxus illat<br \/>\nB\u0151rgy\u00f3gy\u00e1szatilag tesztelve<\/p>\n<p>Alkalmaz\u00e1s: Alaposan \u00f6bl\u00edtse le a nedves b\u0151rre, habos\u00edtsa fel \u00e9s \u00f6bl\u00edtse le.<\/p>\n","protected":false},"excerpt":{"rendered":"<p>K\u00e9nyeztesse b\u0151r\u00e9t luxus \u00e1pol\u00e1ssal a NIVEA gy\u00e9m\u00e1nt \u00e9s arg\u00e1nolajos tusf\u00fcrd\u0151vel. \u00c9rt\u00e9kes arg\u00e1nolajjal gazdag\u00edtva gyeng\u00e9den tiszt\u00edtja \u00e9s hidrat\u00e1lja a b\u0151rt, selymesen puha \u00e9rzetet hagyva maga ut\u00e1n. A gy\u00f6ngyh\u00e1zf\u00e9ny\u0171 formula \u00e9s az eleg\u00e1ns illat kiv\u00e9teles \u00e9lm\u00e9nny\u00e9 teszi a zuhanyoz\u00e1st. Mindennapi haszn\u00e1latra alkalmas. Gyeng\u00e9d tiszt\u00edt\u00e1s \u00e9s intenz\u00edv hidrat\u00e1l\u00e1s Arg\u00e1nolajjal gazdag\u00edtva a b\u00e1rsonyosan puha b\u0151r\u00e9rt Gy\u00f6ngyh\u00e1zf\u00e9ny\u0171 hat\u00e1s \u00e9s luxus [&hellip;]<\/p>\n","protected":false},"featured_media":16775,"template":"","meta":[],"product_brand":[201],"product_cat":[329],"product_tag":[],"class_list":{"0":"post-16773","1":"product","2":"type-product","3":"status-publish","4":"has-post-thumbnail","6":"product_brand-nivea","7":"product_cat-zuhanyzselek","9":"first","10":"instock","11":"taxable","12":"shipping-taxable","13":"purchasable","14":"product-type-simple"},"_links":{"self":[{"href":"https:\/\/perfettohome.sk\/hu\/wp-json\/wp\/v2\/product\/16773","targetHints":{"allow":["GET"]}}],"collection":[{"href":"https:\/\/perfettohome.sk\/hu\/wp-json\/wp\/v2\/product"}],"about":[{"href":"https:\/\/perfettohome.sk\/hu\/wp-json\/wp\/v2\/types\/product"}],"wp:featuredmedia":[{"embeddable":true,"href":"https:\/\/perfettohome.sk\/hu\/wp-json\/wp\/v2\/media\/16775"}],"wp:attachment":[{"href":"https:\/\/perfettohome.sk\/hu\/wp-json\/wp\/v2\/media?parent=16773"}],"wp:term":[{"taxonomy":"product_brand","embeddable":true,"href":"https:\/\/perfettohome.sk\/hu\/wp-json\/wp\/v2\/product_brand?post=16773"},{"taxonomy":"product_cat","embeddable":true,"href":"https:\/\/perfettohome.sk\/hu\/wp-json\/wp\/v2\/product_cat?post=16773"},{"taxonomy":"product_tag","embeddable":true,"href":"https:\/\/perfettohome.sk\/hu\/wp-json\/wp\/v2\/product_tag?post=16773"}],"curies":[{"name":"wp","href":"https:\/\/api.w.org\/{rel}","templated":true}]}}