{"id":16779,"date":"2025-03-30T17:11:01","date_gmt":"2025-03-30T15:11:01","guid":{"rendered":"https:\/\/perfettohome.sk\/produkt\/nivea-stick-lathatatlan-bw-clear-50ml\/"},"modified":"2025-12-13T10:47:49","modified_gmt":"2025-12-13T09:47:49","slug":"nivea-stick-lathatatlan-bw-clear-50ml","status":"publish","type":"product","link":"https:\/\/perfettohome.sk\/hu\/produkt\/nivea-stick-lathatatlan-bw-clear-50ml\/","title":{"rendered":"Nivea stick &#8211; Invisible B&amp;W Clear 50ml"},"content":{"rendered":"<p>A NIVEA Invisible Black &amp; White Clear dezodor egy stickben hat\u00e9kony v\u00e9delmet ny\u00fajt az izzad\u00e1s \u00e9s a szagok ellen ak\u00e1r 48 \u00f3r\u00e1n kereszt\u00fcl, nem hagy maradv\u00e1nyt a ruh\u00e1zaton. L\u00e1gy \u00e9s friss illat\u00e1nak k\u00f6sz\u00f6nhet\u0151en eg\u00e9sz nap tiszta \u00e9s kellemes \u00e9rz\u00e9st ny\u00fajt. Ez a dezodor kifejezetten olyan n\u0151k sz\u00e1m\u00e1ra k\u00e9sz\u00fclt, akik megb\u00edzhat\u00f3 v\u00e9delmet szeretn\u00e9nek, mik\u00f6zben megakad\u00e1lyozz\u00e1k a nem k\u00edv\u00e1nt foltok kialakul\u00e1s\u00e1t a ruh\u00e1jukon. Dermatol\u00f3giailag tesztelt, \u00e9rz\u00e9keny b\u0151rre is alkalmas.   <\/p>\n<p>48 \u00f3r\u00e1s v\u00e9delem az izzad\u00e1s \u00e9s a szagok ellen<br \/>\nNem hagy maradv\u00e1nyt a ruh\u00e1kon<br \/>\nFriss \u00e9s finom illat<br \/>\nB\u0151rgy\u00f3gy\u00e1szatilag tesztelt, \u00e9rz\u00e9keny b\u0151rre is alkalmas.<\/p>\n<p>Alkalmaz\u00e1s: A k\u00f6r\u00f6m alatti sz\u00e1raz b\u0151rre kenje.<\/p>\n","protected":false},"excerpt":{"rendered":"<p>A NIVEA Invisible Black &amp; White Clear dezodor egy stickben hat\u00e9kony v\u00e9delmet ny\u00fajt az izzad\u00e1s \u00e9s a szagok ellen ak\u00e1r 48 \u00f3r\u00e1n kereszt\u00fcl, nem hagy maradv\u00e1nyt a ruh\u00e1zaton. L\u00e1gy \u00e9s friss illat\u00e1nak k\u00f6sz\u00f6nhet\u0151en eg\u00e9sz nap tiszta \u00e9s kellemes \u00e9rz\u00e9st ny\u00fajt. Ez a dezodor kifejezetten olyan n\u0151k sz\u00e1m\u00e1ra k\u00e9sz\u00fclt, akik megb\u00edzhat\u00f3 v\u00e9delmet szeretn\u00e9nek, mik\u00f6zben megakad\u00e1lyozz\u00e1k a [&hellip;]<\/p>\n","protected":false},"featured_media":16781,"template":"","meta":[],"product_brand":[201],"product_cat":[294],"product_tag":[],"class_list":{"0":"post-16779","1":"product","2":"type-product","3":"status-publish","4":"has-post-thumbnail","6":"product_brand-nivea","7":"product_cat-dezodorok","9":"first","10":"instock","11":"taxable","12":"shipping-taxable","13":"purchasable","14":"product-type-simple"},"_links":{"self":[{"href":"https:\/\/perfettohome.sk\/hu\/wp-json\/wp\/v2\/product\/16779","targetHints":{"allow":["GET"]}}],"collection":[{"href":"https:\/\/perfettohome.sk\/hu\/wp-json\/wp\/v2\/product"}],"about":[{"href":"https:\/\/perfettohome.sk\/hu\/wp-json\/wp\/v2\/types\/product"}],"wp:featuredmedia":[{"embeddable":true,"href":"https:\/\/perfettohome.sk\/hu\/wp-json\/wp\/v2\/media\/16781"}],"wp:attachment":[{"href":"https:\/\/perfettohome.sk\/hu\/wp-json\/wp\/v2\/media?parent=16779"}],"wp:term":[{"taxonomy":"product_brand","embeddable":true,"href":"https:\/\/perfettohome.sk\/hu\/wp-json\/wp\/v2\/product_brand?post=16779"},{"taxonomy":"product_cat","embeddable":true,"href":"https:\/\/perfettohome.sk\/hu\/wp-json\/wp\/v2\/product_cat?post=16779"},{"taxonomy":"product_tag","embeddable":true,"href":"https:\/\/perfettohome.sk\/hu\/wp-json\/wp\/v2\/product_tag?post=16779"}],"curies":[{"name":"wp","href":"https:\/\/api.w.org\/{rel}","templated":true}]}}