{"id":16783,"date":"2025-03-30T17:09:20","date_gmt":"2025-03-30T15:09:20","guid":{"rendered":"https:\/\/perfettohome.sk\/produkt\/nivea-stick-men-dry-impact-50ml\/"},"modified":"2025-03-30T17:09:20","modified_gmt":"2025-03-30T15:09:20","slug":"nivea-stick-men-dry-impact-50ml","status":"publish","type":"product","link":"https:\/\/perfettohome.sk\/hu\/produkt\/nivea-stick-men-dry-impact-50ml\/","title":{"rendered":"Nivea stick MEN &#8211; Dry Impact 50ml"},"content":{"rendered":"<p>A NIVEA Dry Impact Men dezodor egy stickben hat\u00e9kony v\u00e9delmet ny\u00fajt az izzad\u00e1s \u00e9s a szagok ellen ak\u00e1r 48 \u00f3r\u00e1n kereszt\u00fcl. Speci\u00e1lis formul\u00e1ja akt\u00edvan szab\u00e1lyozza a nedvess\u00e9get, \u00e9s eg\u00e9sz nap sz\u00e1raz \u00e9rz\u00e9st biztos\u00edt. Ez a kellemes \u00e9s f\u00e9rfias illat\u00fa dezodor ide\u00e1lis az akt\u00edv f\u00e9rfiak sz\u00e1m\u00e1ra, akiknek eg\u00e9sz nap megb\u00edzhat\u00f3 v\u00e9delemre van sz\u00fcks\u00e9g\u00fck. Dermatol\u00f3giailag tesztelt, minden b\u0151rt\u00edpusra alkalmas.   <\/p>\n<p>48 \u00f3r\u00e1s v\u00e9delem az izzad\u00e1s \u00e9s a szagok ellen<br \/>\nEg\u00e9sz nap sz\u00e1raz \u00e9rz\u00e9s<br \/>\nF\u00e9rfias, friss\u00edt\u0151 illat<br \/>\nB\u0151rgy\u00f3gy\u00e1szatilag tesztelt, minden b\u0151rt\u00edpusra alkalmas.<\/p>\n<p>Alkalmaz\u00e1s: A k\u00f6r\u00f6m alatti sz\u00e1raz b\u0151rre kenje.<\/p>\n","protected":false},"excerpt":{"rendered":"<p>A NIVEA Dry Impact Men dezodor egy stickben hat\u00e9kony v\u00e9delmet ny\u00fajt az izzad\u00e1s \u00e9s a szagok ellen ak\u00e1r 48 \u00f3r\u00e1n kereszt\u00fcl. Speci\u00e1lis formul\u00e1ja akt\u00edvan szab\u00e1lyozza a nedvess\u00e9get, \u00e9s eg\u00e9sz nap sz\u00e1raz \u00e9rz\u00e9st biztos\u00edt. Ez a kellemes \u00e9s f\u00e9rfias illat\u00fa dezodor ide\u00e1lis az akt\u00edv f\u00e9rfiak sz\u00e1m\u00e1ra, akiknek eg\u00e9sz nap megb\u00edzhat\u00f3 v\u00e9delemre van sz\u00fcks\u00e9g\u00fck. Dermatol\u00f3giailag tesztelt, minden [&hellip;]<\/p>\n","protected":false},"featured_media":16785,"template":"","meta":[],"product_brand":[201],"product_cat":[294],"product_tag":[],"class_list":{"0":"post-16783","1":"product","2":"type-product","3":"status-publish","4":"has-post-thumbnail","6":"product_brand-nivea","7":"product_cat-dezodorok","9":"first","10":"instock","11":"taxable","12":"shipping-taxable","13":"purchasable","14":"product-type-simple"},"_links":{"self":[{"href":"https:\/\/perfettohome.sk\/hu\/wp-json\/wp\/v2\/product\/16783","targetHints":{"allow":["GET"]}}],"collection":[{"href":"https:\/\/perfettohome.sk\/hu\/wp-json\/wp\/v2\/product"}],"about":[{"href":"https:\/\/perfettohome.sk\/hu\/wp-json\/wp\/v2\/types\/product"}],"wp:featuredmedia":[{"embeddable":true,"href":"https:\/\/perfettohome.sk\/hu\/wp-json\/wp\/v2\/media\/16785"}],"wp:attachment":[{"href":"https:\/\/perfettohome.sk\/hu\/wp-json\/wp\/v2\/media?parent=16783"}],"wp:term":[{"taxonomy":"product_brand","embeddable":true,"href":"https:\/\/perfettohome.sk\/hu\/wp-json\/wp\/v2\/product_brand?post=16783"},{"taxonomy":"product_cat","embeddable":true,"href":"https:\/\/perfettohome.sk\/hu\/wp-json\/wp\/v2\/product_cat?post=16783"},{"taxonomy":"product_tag","embeddable":true,"href":"https:\/\/perfettohome.sk\/hu\/wp-json\/wp\/v2\/product_tag?post=16783"}],"curies":[{"name":"wp","href":"https:\/\/api.w.org\/{rel}","templated":true}]}}