{"id":16799,"date":"2025-03-30T16:45:21","date_gmt":"2025-03-30T14:45:21","guid":{"rendered":"https:\/\/perfettohome.sk\/produkt\/fa-kids-tusfurdo-kaloz-250ml\/"},"modified":"2025-03-30T16:45:21","modified_gmt":"2025-03-30T14:45:21","slug":"fa-kids-tusfurdo-kaloz-250ml","status":"publish","type":"product","link":"https:\/\/perfettohome.sk\/hu\/produkt\/fa-kids-tusfurdo-kaloz-250ml\/","title":{"rendered":"Fa KIDS tusf\u00fcrd\u0151 &#8211; Kal\u00f3z 250ml"},"content":{"rendered":"<p>A Fa Baby Shower Gel Pirate kifejezetten a bab\u00e1k b\u0151r\u00e9re lett kifejlesztve, l\u00e1gy \u00e9s j\u00e1t\u00e9kos illat\u00e1val, amely minden gyermeket elb\u0171v\u00f6l. Kellemes illat\u00e1val gyermeke \u00e9lvezni fogja a f\u00fcrd\u00e9st, mik\u00f6zben b\u0151r\u00e9t hidrat\u00e1lt \u00e9s puha marad. Ez a tusf\u00fcrd\u0151 dermatol\u00f3giailag tesztelt \u00e9s mindennapi haszn\u00e1latra alkalmas. Seg\u00edt meg\u0151rizni a b\u0151r eg\u00e9szs\u00e9g\u00e9t \u00e9s tisztas\u00e1g\u00e1t, irrit\u00e1ci\u00f3 n\u00e9lk\u00fcl.   <\/p>\n<p>J\u00e1t\u00e9kos illat, amely minden gyereknek tetszeni fog<br \/>\nHidrat\u00e1lja \u00e9s puh\u00e1v\u00e1 var\u00e1zsolja a b\u0151rt<br \/>\nB\u0151rgy\u00f3gy\u00e1szatilag tesztelt<br \/>\nMindennapos haszn\u00e1latra alkalmas<\/p>\n<p>Alkalmaz\u00e1s: Alkalmazza a nedves testre, habos\u00edtsa fel \u00e9s \u00f6bl\u00edtse le.<\/p>\n","protected":false},"excerpt":{"rendered":"<p>A Fa Baby Shower Gel Pirate kifejezetten a bab\u00e1k b\u0151r\u00e9re lett kifejlesztve, l\u00e1gy \u00e9s j\u00e1t\u00e9kos illat\u00e1val, amely minden gyermeket elb\u0171v\u00f6l. Kellemes illat\u00e1val gyermeke \u00e9lvezni fogja a f\u00fcrd\u00e9st, mik\u00f6zben b\u0151r\u00e9t hidrat\u00e1lt \u00e9s puha marad. Ez a tusf\u00fcrd\u0151 dermatol\u00f3giailag tesztelt \u00e9s mindennapi haszn\u00e1latra alkalmas. Seg\u00edt meg\u0151rizni a b\u0151r eg\u00e9szs\u00e9g\u00e9t \u00e9s tisztas\u00e1g\u00e1t, irrit\u00e1ci\u00f3 n\u00e9lk\u00fcl. J\u00e1t\u00e9kos illat, amely minden [&hellip;]<\/p>\n","protected":false},"featured_media":16800,"template":"","meta":[],"product_brand":[199],"product_cat":[329],"product_tag":[],"class_list":{"0":"post-16799","1":"product","2":"type-product","3":"status-publish","4":"has-post-thumbnail","6":"product_brand-fa","7":"product_cat-zuhanyzselek","9":"first","10":"instock","11":"taxable","12":"shipping-taxable","13":"purchasable","14":"product-type-simple"},"_links":{"self":[{"href":"https:\/\/perfettohome.sk\/hu\/wp-json\/wp\/v2\/product\/16799","targetHints":{"allow":["GET"]}}],"collection":[{"href":"https:\/\/perfettohome.sk\/hu\/wp-json\/wp\/v2\/product"}],"about":[{"href":"https:\/\/perfettohome.sk\/hu\/wp-json\/wp\/v2\/types\/product"}],"wp:featuredmedia":[{"embeddable":true,"href":"https:\/\/perfettohome.sk\/hu\/wp-json\/wp\/v2\/media\/16800"}],"wp:attachment":[{"href":"https:\/\/perfettohome.sk\/hu\/wp-json\/wp\/v2\/media?parent=16799"}],"wp:term":[{"taxonomy":"product_brand","embeddable":true,"href":"https:\/\/perfettohome.sk\/hu\/wp-json\/wp\/v2\/product_brand?post=16799"},{"taxonomy":"product_cat","embeddable":true,"href":"https:\/\/perfettohome.sk\/hu\/wp-json\/wp\/v2\/product_cat?post=16799"},{"taxonomy":"product_tag","embeddable":true,"href":"https:\/\/perfettohome.sk\/hu\/wp-json\/wp\/v2\/product_tag?post=16799"}],"curies":[{"name":"wp","href":"https:\/\/api.w.org\/{rel}","templated":true}]}}