{"id":16802,"date":"2025-03-30T16:43:41","date_gmt":"2025-03-30T14:43:41","guid":{"rendered":"https:\/\/perfettohome.sk\/produkt\/fa-tusfurdo-keleti-pillanatok-250ml\/"},"modified":"2025-03-30T16:43:41","modified_gmt":"2025-03-30T14:43:41","slug":"fa-tusfurdo-keleti-pillanatok-250ml","status":"publish","type":"product","link":"https:\/\/perfettohome.sk\/hu\/produkt\/fa-tusfurdo-keleti-pillanatok-250ml\/","title":{"rendered":"Fa tusf\u00fcrd\u0151 &#8211; Keleti pillanatok 250ml"},"content":{"rendered":"<p>A Fa Oriental Moments tusf\u00fcrd\u0151 egzotikus \u00e9s f\u00e9ny\u0171z\u0151 illatot k\u00edn\u00e1l, amely elrep\u00edti \u00d6nt a keleti illatok vil\u00e1g\u00e1ba. Ez a gyeng\u00e9d tusf\u00fcrd\u0151 olyan \u00f6sszetev\u0151kkel gazdagodott, amelyek nemcsak tiszt\u00edtanak, hanem gyeng\u00e9den hidrat\u00e1lnak is, \u00e9s b\u0151r\u00e9t sim\u00e1v\u00e1 \u00e9s illatoss\u00e1 var\u00e1zsolj\u00e1k. A keleti vir\u00e1gok \u00e9s f\u0171szerek illata minden alkalommal t\u00f6k\u00e9letes f\u00fcrd\u00e9si \u00e9lm\u00e9nyt ny\u00fajt. B\u0151rgy\u00f3gy\u00e1szatilag tesztelt, mindennapi haszn\u00e1latra alkalmas.   <\/p>\n<p>Vir\u00e1gok \u00e9s f\u0171szerek egzotikus keleti illata<br \/>\nHidrat\u00e1lja \u00e9s puh\u00e1v\u00e1, sim\u00e1v\u00e1 var\u00e1zsolja a b\u0151rt<br \/>\nB\u0151rgy\u00f3gy\u00e1szatilag tesztelt<br \/>\nNapi haszn\u00e1latra alkalmas<\/p>\n<p>Alkalmaz\u00e1s: Alkalmazza a nedves testre, habos\u00edtsa fel \u00e9s \u00f6bl\u00edtse le.<\/p>\n","protected":false},"excerpt":{"rendered":"<p>A Fa Oriental Moments tusf\u00fcrd\u0151 egzotikus \u00e9s f\u00e9ny\u0171z\u0151 illatot k\u00edn\u00e1l, amely elrep\u00edti \u00d6nt a keleti illatok vil\u00e1g\u00e1ba. Ez a gyeng\u00e9d tusf\u00fcrd\u0151 olyan \u00f6sszetev\u0151kkel gazdagodott, amelyek nemcsak tiszt\u00edtanak, hanem gyeng\u00e9den hidrat\u00e1lnak is, \u00e9s b\u0151r\u00e9t sim\u00e1v\u00e1 \u00e9s illatoss\u00e1 var\u00e1zsolj\u00e1k. A keleti vir\u00e1gok \u00e9s f\u0171szerek illata minden alkalommal t\u00f6k\u00e9letes f\u00fcrd\u00e9si \u00e9lm\u00e9nyt ny\u00fajt. B\u0151rgy\u00f3gy\u00e1szatilag tesztelt, mindennapi haszn\u00e1latra alkalmas. Vir\u00e1gok [&hellip;]<\/p>\n","protected":false},"featured_media":16804,"template":"","meta":[],"product_brand":[199],"product_cat":[329],"product_tag":[],"class_list":{"0":"post-16802","1":"product","2":"type-product","3":"status-publish","4":"has-post-thumbnail","6":"product_brand-fa","7":"product_cat-zuhanyzselek","9":"first","10":"instock","11":"taxable","12":"shipping-taxable","13":"purchasable","14":"product-type-simple"},"_links":{"self":[{"href":"https:\/\/perfettohome.sk\/hu\/wp-json\/wp\/v2\/product\/16802","targetHints":{"allow":["GET"]}}],"collection":[{"href":"https:\/\/perfettohome.sk\/hu\/wp-json\/wp\/v2\/product"}],"about":[{"href":"https:\/\/perfettohome.sk\/hu\/wp-json\/wp\/v2\/types\/product"}],"wp:featuredmedia":[{"embeddable":true,"href":"https:\/\/perfettohome.sk\/hu\/wp-json\/wp\/v2\/media\/16804"}],"wp:attachment":[{"href":"https:\/\/perfettohome.sk\/hu\/wp-json\/wp\/v2\/media?parent=16802"}],"wp:term":[{"taxonomy":"product_brand","embeddable":true,"href":"https:\/\/perfettohome.sk\/hu\/wp-json\/wp\/v2\/product_brand?post=16802"},{"taxonomy":"product_cat","embeddable":true,"href":"https:\/\/perfettohome.sk\/hu\/wp-json\/wp\/v2\/product_cat?post=16802"},{"taxonomy":"product_tag","embeddable":true,"href":"https:\/\/perfettohome.sk\/hu\/wp-json\/wp\/v2\/product_tag?post=16802"}],"curies":[{"name":"wp","href":"https:\/\/api.w.org\/{rel}","templated":true}]}}