{"id":16812,"date":"2025-03-30T16:32:24","date_gmt":"2025-03-30T14:32:24","guid":{"rendered":"https:\/\/perfettohome.sk\/produkt\/wellaflex-hajlakk-lathatatlan-tartas-4-250ml\/"},"modified":"2025-12-13T10:35:47","modified_gmt":"2025-12-13T09:35:47","slug":"wellaflex-hajlakk-lathatatlan-tartas-4-250ml","status":"publish","type":"product","link":"https:\/\/perfettohome.sk\/hu\/produkt\/wellaflex-hajlakk-lathatatlan-tartas-4-250ml\/","title":{"rendered":"Wellaflex hajlakk &#8211; Invisible Hold 4 250ml"},"content":{"rendered":"<p>A Wellaflex Invisible Hold rugalmas \u00e9s term\u00e9szetes tart\u00e1st biztos\u00edt, amely eg\u00e9sz nap megtartja frizur\u00e1j\u00e1t, m\u00e9gis puha tapint\u00e1s\u00fa \u00e9s mozg\u00e9kony hajat hagy. Ez a hajlakk ide\u00e1lis azok sz\u00e1m\u00e1ra, akik k\u00f6nny\u0171, ragad\u00e1smentes tart\u00e1st keresnek, garant\u00e1ltan term\u00e9szetes megjelen\u00e9ssel. Gyorsan sz\u00e1rad, v\u00e9d a nedvess\u00e9gt\u0151l \u00e9s nem hagy maradv\u00e1nyokat.  <\/p>\n<p>Rugalmas \u00e9s term\u00e9szetes r\u00f6gz\u00edt\u00e9s<br \/>\nPuha haj ragaszt\u00e1s n\u00e9lk\u00fcl<br \/>\nGyorsan sz\u00e1rad\u00f3 formula<br \/>\nV\u00e9d a nedvess\u00e9gt\u0151l<br \/>\nNem hagy maradv\u00e1nyokat.<\/p>\n<p>Haszn\u00e1lat: Haszn\u00e1lat el\u0151tt felr\u00e1zza. Vigye fel a sz\u00e1raz hajra kb. 30 cm t\u00e1vols\u00e1gb\u00f3l.<\/p>\n","protected":false},"excerpt":{"rendered":"<p>A Wellaflex Invisible Hold rugalmas \u00e9s term\u00e9szetes tart\u00e1st biztos\u00edt, amely eg\u00e9sz nap megtartja frizur\u00e1j\u00e1t, m\u00e9gis puha tapint\u00e1s\u00fa \u00e9s mozg\u00e9kony hajat hagy. Ez a hajlakk ide\u00e1lis azok sz\u00e1m\u00e1ra, akik k\u00f6nny\u0171, ragad\u00e1smentes tart\u00e1st keresnek, garant\u00e1ltan term\u00e9szetes megjelen\u00e9ssel. Gyorsan sz\u00e1rad, v\u00e9d a nedvess\u00e9gt\u0151l \u00e9s nem hagy maradv\u00e1nyokat. Rugalmas \u00e9s term\u00e9szetes r\u00f6gz\u00edt\u00e9s Puha haj ragaszt\u00e1s n\u00e9lk\u00fcl Gyorsan sz\u00e1rad\u00f3 formula [&hellip;]<\/p>\n","protected":false},"featured_media":16814,"template":"","meta":[],"product_brand":[195],"product_cat":[300],"product_tag":[],"class_list":{"0":"post-16812","1":"product","2":"type-product","3":"status-publish","4":"has-post-thumbnail","6":"product_brand-wella","7":"product_cat-hajapolas","9":"first","10":"outofstock","11":"taxable","12":"shipping-taxable","13":"purchasable","14":"product-type-simple"},"_links":{"self":[{"href":"https:\/\/perfettohome.sk\/hu\/wp-json\/wp\/v2\/product\/16812","targetHints":{"allow":["GET"]}}],"collection":[{"href":"https:\/\/perfettohome.sk\/hu\/wp-json\/wp\/v2\/product"}],"about":[{"href":"https:\/\/perfettohome.sk\/hu\/wp-json\/wp\/v2\/types\/product"}],"wp:featuredmedia":[{"embeddable":true,"href":"https:\/\/perfettohome.sk\/hu\/wp-json\/wp\/v2\/media\/16814"}],"wp:attachment":[{"href":"https:\/\/perfettohome.sk\/hu\/wp-json\/wp\/v2\/media?parent=16812"}],"wp:term":[{"taxonomy":"product_brand","embeddable":true,"href":"https:\/\/perfettohome.sk\/hu\/wp-json\/wp\/v2\/product_brand?post=16812"},{"taxonomy":"product_cat","embeddable":true,"href":"https:\/\/perfettohome.sk\/hu\/wp-json\/wp\/v2\/product_cat?post=16812"},{"taxonomy":"product_tag","embeddable":true,"href":"https:\/\/perfettohome.sk\/hu\/wp-json\/wp\/v2\/product_tag?post=16812"}],"curies":[{"name":"wp","href":"https:\/\/api.w.org\/{rel}","templated":true}]}}