{"id":16819,"date":"2025-03-30T16:37:44","date_gmt":"2025-03-30T14:37:44","guid":{"rendered":"https:\/\/perfettohome.sk\/produkt\/dove-spray-dezodor-uborka-es-zold-tea-150ml\/"},"modified":"2025-03-30T16:37:44","modified_gmt":"2025-03-30T14:37:44","slug":"dove-spray-dezodor-uborka-es-zold-tea-150ml","status":"publish","type":"product","link":"https:\/\/perfettohome.sk\/hu\/produkt\/dove-spray-dezodor-uborka-es-zold-tea-150ml\/","title":{"rendered":"Dove spray dezodor &#8211; uborka \u00e9s z\u00f6ld tea 150ml"},"content":{"rendered":"<p>A Dove uborka \u00e9s z\u00f6ld tea spray dezodor friss\u00edt\u0151 v\u00e9delmet ny\u00fajt az izzad\u00e1s \u00e9s a szagok ellen az uborka \u00e9s a z\u00f6ld tea nyugtat\u00f3 illat\u00e1val. K\u00edm\u00e9letes formul\u00e1ja \u00bc hidrat\u00e1l\u00f3val \u00e1polja a b\u0151rt, v\u00e9di az irrit\u00e1ci\u00f3t\u00f3l, sim\u00e1v\u00e1 \u00e9s t\u00e1pl\u00e1ltt\u00e1 teszi. Ez a dezodor 48 \u00f3r\u00e1s v\u00e9delmet ny\u00fajt, \u00e9s alkoholmentes, \u00edgy \u00e9rz\u00e9keny b\u0151rre is alkalmas. Nem hagy maradv\u00e1nyokat a ruh\u00e1kon.   <\/p>\n<p>48 \u00f3r\u00e1s v\u00e9delem az izzad\u00e1s \u00e9s a szagok ellen<br \/>\nK\u00edm\u00e9letes \u00e1pol\u00e1s \u00bc hidrat\u00e1l\u00f3val<br \/>\nUborka \u00e9s z\u00f6ld tea friss\u00edt\u0151 illata<br \/>\nAlkoholmentes, \u00e9rz\u00e9keny b\u0151rre is alkalmas<br \/>\nNem hagy maradv\u00e1nyt a ruh\u00e1n.<\/p>\n<p>Alkalmaz\u00e1s: Alkalmazza a sz\u00e1raz b\u0151rre k\u00f6r\u00fclbel\u00fcl 15 cm t\u00e1vols\u00e1gb\u00f3l. Haszn\u00e1lat el\u0151tt r\u00e1zza fel.<\/p>\n","protected":false},"excerpt":{"rendered":"<p>A Dove uborka \u00e9s z\u00f6ld tea spray dezodor friss\u00edt\u0151 v\u00e9delmet ny\u00fajt az izzad\u00e1s \u00e9s a szagok ellen az uborka \u00e9s a z\u00f6ld tea nyugtat\u00f3 illat\u00e1val. K\u00edm\u00e9letes formul\u00e1ja \u00bc hidrat\u00e1l\u00f3val \u00e1polja a b\u0151rt, v\u00e9di az irrit\u00e1ci\u00f3t\u00f3l, sim\u00e1v\u00e1 \u00e9s t\u00e1pl\u00e1ltt\u00e1 teszi. Ez a dezodor 48 \u00f3r\u00e1s v\u00e9delmet ny\u00fajt, \u00e9s alkoholmentes, \u00edgy \u00e9rz\u00e9keny b\u0151rre is alkalmas. Nem hagy [&hellip;]<\/p>\n","protected":false},"featured_media":16821,"template":"","meta":[],"product_brand":[197],"product_cat":[294],"product_tag":[],"class_list":{"0":"post-16819","1":"product","2":"type-product","3":"status-publish","4":"has-post-thumbnail","6":"product_brand-dove","7":"product_cat-dezodorok","9":"first","10":"instock","11":"taxable","12":"shipping-taxable","13":"purchasable","14":"product-type-simple"},"_links":{"self":[{"href":"https:\/\/perfettohome.sk\/hu\/wp-json\/wp\/v2\/product\/16819","targetHints":{"allow":["GET"]}}],"collection":[{"href":"https:\/\/perfettohome.sk\/hu\/wp-json\/wp\/v2\/product"}],"about":[{"href":"https:\/\/perfettohome.sk\/hu\/wp-json\/wp\/v2\/types\/product"}],"wp:featuredmedia":[{"embeddable":true,"href":"https:\/\/perfettohome.sk\/hu\/wp-json\/wp\/v2\/media\/16821"}],"wp:attachment":[{"href":"https:\/\/perfettohome.sk\/hu\/wp-json\/wp\/v2\/media?parent=16819"}],"wp:term":[{"taxonomy":"product_brand","embeddable":true,"href":"https:\/\/perfettohome.sk\/hu\/wp-json\/wp\/v2\/product_brand?post=16819"},{"taxonomy":"product_cat","embeddable":true,"href":"https:\/\/perfettohome.sk\/hu\/wp-json\/wp\/v2\/product_cat?post=16819"},{"taxonomy":"product_tag","embeddable":true,"href":"https:\/\/perfettohome.sk\/hu\/wp-json\/wp\/v2\/product_tag?post=16819"}],"curies":[{"name":"wp","href":"https:\/\/api.w.org\/{rel}","templated":true}]}}