{"id":16820,"date":"2025-03-30T16:29:31","date_gmt":"2025-03-30T14:29:31","guid":{"rendered":"https:\/\/perfettohome.sk\/produkt\/pantene-kondicionalo-aqua-light-300ml\/"},"modified":"2025-03-30T16:29:31","modified_gmt":"2025-03-30T14:29:31","slug":"pantene-kondicionalo-aqua-light-300ml","status":"publish","type":"product","link":"https:\/\/perfettohome.sk\/hu\/produkt\/pantene-kondicionalo-aqua-light-300ml\/","title":{"rendered":"Pantene kondicion\u00e1l\u00f3 &#8211; Aqua Light 300ml"},"content":{"rendered":"<p>A Pantene Pro-V Aqua Light kondicion\u00e1l\u00f3 k\u00f6nny\u0171, de hat\u00e9kony t\u00e1pl\u00e1l\u00e1st biztos\u00edt an\u00e9lk\u00fcl, hogy elnehez\u00edten\u00e9 a hajat. Pro-V akt\u00edv t\u00e1panyagokat tartalmaz\u00f3 egyed\u00fcl\u00e1ll\u00f3 formul\u00e1ja hidrat\u00e1lja, t\u00e1pl\u00e1lja \u00e9s puh\u00edtja a hajat, mik\u00f6zben term\u00e9szetes f\u00e9nyt \u00e9s eg\u00e9szs\u00e9ges kin\u00e9zetet k\u00f6lcs\u00f6n\u00f6z neki. Ide\u00e1lis finom \u00e9s gyorsan zs\u00edrosod\u00f3 hajra, amelynek \u00e1pol\u00e1sra van sz\u00fcks\u00e9ge an\u00e9lk\u00fcl, hogy neh\u00e9znek \u00e9rezn\u00e9.  <\/p>\n<p>T\u00e1pl\u00e1l \u00e9s hidrat\u00e1l an\u00e9lk\u00fcl, hogy elnehez\u00edten\u00e9 a hajat<br \/>\nA haj puha, selymes \u00e9s f\u00e9nyes marad<br \/>\nK\u00f6nnyeds\u00e9get \u00e9s frissess\u00e9get biztos\u00edt a haj term\u00e9szetes mozg\u00e1s\u00e1hoz<br \/>\nIde\u00e1lis a finom \u00e9s norm\u00e1l hajhoz.<\/p>\n<p>Alkalmaz\u00e1s: Alkalmazza a nedves hajra, hagyja rajta n\u00e9h\u00e1ny percig, majd alaposan \u00f6bl\u00edtse le.<\/p>\n","protected":false},"excerpt":{"rendered":"<p>A Pantene Pro-V Aqua Light kondicion\u00e1l\u00f3 k\u00f6nny\u0171, de hat\u00e9kony t\u00e1pl\u00e1l\u00e1st biztos\u00edt an\u00e9lk\u00fcl, hogy elnehez\u00edten\u00e9 a hajat. Pro-V akt\u00edv t\u00e1panyagokat tartalmaz\u00f3 egyed\u00fcl\u00e1ll\u00f3 formul\u00e1ja hidrat\u00e1lja, t\u00e1pl\u00e1lja \u00e9s puh\u00edtja a hajat, mik\u00f6zben term\u00e9szetes f\u00e9nyt \u00e9s eg\u00e9szs\u00e9ges kin\u00e9zetet k\u00f6lcs\u00f6n\u00f6z neki. Ide\u00e1lis finom \u00e9s gyorsan zs\u00edrosod\u00f3 hajra, amelynek \u00e1pol\u00e1sra van sz\u00fcks\u00e9ge an\u00e9lk\u00fcl, hogy neh\u00e9znek \u00e9rezn\u00e9. T\u00e1pl\u00e1l \u00e9s hidrat\u00e1l an\u00e9lk\u00fcl, hogy [&hellip;]<\/p>\n","protected":false},"featured_media":16822,"template":"","meta":[],"product_brand":[194],"product_cat":[300],"product_tag":[],"class_list":{"0":"post-16820","1":"product","2":"type-product","3":"status-publish","4":"has-post-thumbnail","6":"product_brand-pantene","7":"product_cat-hajapolas","9":"first","10":"outofstock","11":"taxable","12":"shipping-taxable","13":"purchasable","14":"product-type-simple"},"_links":{"self":[{"href":"https:\/\/perfettohome.sk\/hu\/wp-json\/wp\/v2\/product\/16820","targetHints":{"allow":["GET"]}}],"collection":[{"href":"https:\/\/perfettohome.sk\/hu\/wp-json\/wp\/v2\/product"}],"about":[{"href":"https:\/\/perfettohome.sk\/hu\/wp-json\/wp\/v2\/types\/product"}],"wp:featuredmedia":[{"embeddable":true,"href":"https:\/\/perfettohome.sk\/hu\/wp-json\/wp\/v2\/media\/16822"}],"wp:attachment":[{"href":"https:\/\/perfettohome.sk\/hu\/wp-json\/wp\/v2\/media?parent=16820"}],"wp:term":[{"taxonomy":"product_brand","embeddable":true,"href":"https:\/\/perfettohome.sk\/hu\/wp-json\/wp\/v2\/product_brand?post=16820"},{"taxonomy":"product_cat","embeddable":true,"href":"https:\/\/perfettohome.sk\/hu\/wp-json\/wp\/v2\/product_cat?post=16820"},{"taxonomy":"product_tag","embeddable":true,"href":"https:\/\/perfettohome.sk\/hu\/wp-json\/wp\/v2\/product_tag?post=16820"}],"curies":[{"name":"wp","href":"https:\/\/api.w.org\/{rel}","templated":true}]}}