{"id":16824,"date":"2025-03-30T16:26:49","date_gmt":"2025-03-30T14:26:49","guid":{"rendered":"https:\/\/perfettohome.sk\/produkt\/pantene-sampon-smooth-sleek-700ml\/"},"modified":"2025-03-30T16:26:49","modified_gmt":"2025-03-30T14:26:49","slug":"pantene-sampon-smooth-sleek-700ml","status":"publish","type":"product","link":"https:\/\/perfettohome.sk\/hu\/produkt\/pantene-sampon-smooth-sleek-700ml\/","title":{"rendered":"Pantene sampon &#8211; Smooth &amp; Sleek 700ml"},"content":{"rendered":"<p>A Pantene Pro-V Smooth &amp; Sleek sampon ide\u00e1lis a kreppes vagy f\u00e9nytelen hajra, selymes simas\u00e1got \u00e9s hosszantart\u00f3 g\u00f6nd\u00f6rs\u00e9gkontrollt biztos\u00edt. Akt\u00edv Pro-V t\u00e1panyagokkal gazdag\u00edtott, amelyek bel\u00fclr\u0151l er\u0151s\u00edtik a hajat, \u00e9s seg\u00edtenek neki eg\u00e9szs\u00e9gesebb, sim\u00e1bb megjelen\u00e9st k\u00f6lcs\u00f6n\u00f6zni. Ez a sampon hat\u00e9konyan tiszt\u00edtja a hajat, mik\u00f6zben biztos\u00edtja a sz\u00fcks\u00e9ges hidrat\u00e1l\u00e1st, hogy a haj puha \u00e9s hajl\u00e9kony maradjon.  <\/p>\n<p>Puh\u00edtja \u00e9s kisim\u00edtja a hajat<br \/>\nEr\u0151s\u00edti a haj er\u0151ss\u00e9g\u00e9t a Pro-V akt\u00edv t\u00e1panyagoknak k\u00f6sz\u00f6nhet\u0151en<br \/>\nMegakad\u00e1lyozza a g\u00f6nd\u00f6r\u00f6d\u00e9st \u00e9s hosszantart\u00f3 kontrollt biztos\u00edt<br \/>\nA haj f\u00e9nyes \u00e9s selymes tapint\u00e1s\u00fa lesz t\u0151le.<\/p>\n<p>Alkalmaz\u00e1s: Alkalmazza a nedves hajra, gyeng\u00e9den massz\u00edrozza be a fejb\u0151rbe \u00e9s a hajba, majd alaposan \u00f6bl\u00edtse le.<\/p>\n","protected":false},"excerpt":{"rendered":"<p>A Pantene Pro-V Smooth &amp; Sleek sampon ide\u00e1lis a kreppes vagy f\u00e9nytelen hajra, selymes simas\u00e1got \u00e9s hosszantart\u00f3 g\u00f6nd\u00f6rs\u00e9gkontrollt biztos\u00edt. Akt\u00edv Pro-V t\u00e1panyagokkal gazdag\u00edtott, amelyek bel\u00fclr\u0151l er\u0151s\u00edtik a hajat, \u00e9s seg\u00edtenek neki eg\u00e9szs\u00e9gesebb, sim\u00e1bb megjelen\u00e9st k\u00f6lcs\u00f6n\u00f6zni. Ez a sampon hat\u00e9konyan tiszt\u00edtja a hajat, mik\u00f6zben biztos\u00edtja a sz\u00fcks\u00e9ges hidrat\u00e1l\u00e1st, hogy a haj puha \u00e9s hajl\u00e9kony maradjon. Puh\u00edtja [&hellip;]<\/p>\n","protected":false},"featured_media":16825,"template":"","meta":[],"product_brand":[194],"product_cat":[300],"product_tag":[],"class_list":{"0":"post-16824","1":"product","2":"type-product","3":"status-publish","4":"has-post-thumbnail","6":"product_brand-pantene","7":"product_cat-hajapolas","9":"first","10":"instock","11":"taxable","12":"shipping-taxable","13":"purchasable","14":"product-type-simple"},"_links":{"self":[{"href":"https:\/\/perfettohome.sk\/hu\/wp-json\/wp\/v2\/product\/16824","targetHints":{"allow":["GET"]}}],"collection":[{"href":"https:\/\/perfettohome.sk\/hu\/wp-json\/wp\/v2\/product"}],"about":[{"href":"https:\/\/perfettohome.sk\/hu\/wp-json\/wp\/v2\/types\/product"}],"wp:featuredmedia":[{"embeddable":true,"href":"https:\/\/perfettohome.sk\/hu\/wp-json\/wp\/v2\/media\/16825"}],"wp:attachment":[{"href":"https:\/\/perfettohome.sk\/hu\/wp-json\/wp\/v2\/media?parent=16824"}],"wp:term":[{"taxonomy":"product_brand","embeddable":true,"href":"https:\/\/perfettohome.sk\/hu\/wp-json\/wp\/v2\/product_brand?post=16824"},{"taxonomy":"product_cat","embeddable":true,"href":"https:\/\/perfettohome.sk\/hu\/wp-json\/wp\/v2\/product_cat?post=16824"},{"taxonomy":"product_tag","embeddable":true,"href":"https:\/\/perfettohome.sk\/hu\/wp-json\/wp\/v2\/product_tag?post=16824"}],"curies":[{"name":"wp","href":"https:\/\/api.w.org\/{rel}","templated":true}]}}