{"id":16842,"date":"2025-03-30T16:11:28","date_gmt":"2025-03-30T14:11:28","guid":{"rendered":"https:\/\/perfettohome.sk\/produkt\/schauma-sampon-javitas-es-apolas-400ml\/"},"modified":"2025-12-13T10:14:00","modified_gmt":"2025-12-13T09:14:00","slug":"schauma-sampon-javitas-es-apolas-400ml","status":"publish","type":"product","link":"https:\/\/perfettohome.sk\/hu\/produkt\/schauma-sampon-javitas-es-apolas-400ml\/","title":{"rendered":"Schauma sampon &#8211; Repair and Care 400ml"},"content":{"rendered":"<p>A Schauma Repair &amp; Care k\u00f3kuszos sampon ide\u00e1lis a m\u00e9ly regener\u00e1l\u00f3d\u00e1sra \u00e9s t\u00e1pl\u00e1l\u00e1sra szorul\u00f3 haj sz\u00e1m\u00e1ra. Ez a sampon t\u00f6bbet ny\u00fajt a tiszt\u00edt\u00e1sn\u00e1l &#8211; teljes k\u00f6r\u0171 \u00e1pol\u00e1st biztos\u00edt, amely nemcsak tiszt\u00edt, hanem t\u00e1pl\u00e1lja, helyre\u00e1ll\u00edtja \u00e9s v\u00e9di a hajat. K\u00f3kuszolajat tartalmaz, amely intenz\u00edven regener\u00e1lja \u00e9s hidrat\u00e1lja a hajat, puh\u00e1v\u00e1, f\u00e9nyess\u00e9 \u00e9s eg\u00e9szs\u00e9gess\u00e9 t\u00e9ve azt. A Schauma Repair &amp; Care sampon helyre\u00e1ll\u00edtja a haj term\u00e9szetes egyens\u00faly\u00e1t, \u00e9s seg\u00edt megv\u00e9deni a hajat a k\u00fcls\u0151 hat\u00e1sokt\u00f3l.   <\/p>\n<p>T\u00e1pl\u00e1lja, helyre\u00e1ll\u00edtja \u00e9s v\u00e9di a hajat<br \/>\nIntenz\u00edv regener\u00e1ci\u00f3 k\u00f3kuszolajjal<br \/>\nA haj puha, f\u00e9nyes \u00e9s eg\u00e9szs\u00e9ges marad<br \/>\nIde\u00e1lis a mindennapi stressz \u00e1ltal k\u00e1rosodott hajra.<\/p>\n<p>Alkalmaz\u00e1s: Alkalmazza a nedves hajra, gyeng\u00e9den massz\u00edrozza be a fejb\u0151rbe \u00e9s a hajba, majd alaposan \u00f6bl\u00edtse le.<\/p>\n","protected":false},"excerpt":{"rendered":"<p>A Schauma Repair &amp; Care k\u00f3kuszos sampon ide\u00e1lis a m\u00e9ly regener\u00e1l\u00f3d\u00e1sra \u00e9s t\u00e1pl\u00e1l\u00e1sra szorul\u00f3 haj sz\u00e1m\u00e1ra. Ez a sampon t\u00f6bbet ny\u00fajt a tiszt\u00edt\u00e1sn\u00e1l &#8211; teljes k\u00f6r\u0171 \u00e1pol\u00e1st biztos\u00edt, amely nemcsak tiszt\u00edt, hanem t\u00e1pl\u00e1lja, helyre\u00e1ll\u00edtja \u00e9s v\u00e9di a hajat. K\u00f3kuszolajat tartalmaz, amely intenz\u00edven regener\u00e1lja \u00e9s hidrat\u00e1lja a hajat, puh\u00e1v\u00e1, f\u00e9nyess\u00e9 \u00e9s eg\u00e9szs\u00e9gess\u00e9 t\u00e9ve azt. A Schauma [&hellip;]<\/p>\n","protected":false},"featured_media":16844,"template":"","meta":[],"product_brand":[193],"product_cat":[300],"product_tag":[],"class_list":{"0":"post-16842","1":"product","2":"type-product","3":"status-publish","4":"has-post-thumbnail","6":"product_brand-schauma","7":"product_cat-hajapolas","9":"first","10":"outofstock","11":"taxable","12":"shipping-taxable","13":"purchasable","14":"product-type-simple"},"_links":{"self":[{"href":"https:\/\/perfettohome.sk\/hu\/wp-json\/wp\/v2\/product\/16842","targetHints":{"allow":["GET"]}}],"collection":[{"href":"https:\/\/perfettohome.sk\/hu\/wp-json\/wp\/v2\/product"}],"about":[{"href":"https:\/\/perfettohome.sk\/hu\/wp-json\/wp\/v2\/types\/product"}],"wp:featuredmedia":[{"embeddable":true,"href":"https:\/\/perfettohome.sk\/hu\/wp-json\/wp\/v2\/media\/16844"}],"wp:attachment":[{"href":"https:\/\/perfettohome.sk\/hu\/wp-json\/wp\/v2\/media?parent=16842"}],"wp:term":[{"taxonomy":"product_brand","embeddable":true,"href":"https:\/\/perfettohome.sk\/hu\/wp-json\/wp\/v2\/product_brand?post=16842"},{"taxonomy":"product_cat","embeddable":true,"href":"https:\/\/perfettohome.sk\/hu\/wp-json\/wp\/v2\/product_cat?post=16842"},{"taxonomy":"product_tag","embeddable":true,"href":"https:\/\/perfettohome.sk\/hu\/wp-json\/wp\/v2\/product_tag?post=16842"}],"curies":[{"name":"wp","href":"https:\/\/api.w.org\/{rel}","templated":true}]}}