{"id":16843,"date":"2025-03-29T20:30:37","date_gmt":"2025-03-29T19:30:37","guid":{"rendered":"https:\/\/perfettohome.sk\/produkt\/signal-fogkrem-junior-gyumolcsos-iz-50ml-3-6-eves-korig\/"},"modified":"2025-03-29T20:30:37","modified_gmt":"2025-03-29T19:30:37","slug":"signal-fogkrem-junior-gyumolcsos-iz-50ml-3-6-eves-korig","status":"publish","type":"product","link":"https:\/\/perfettohome.sk\/hu\/produkt\/signal-fogkrem-junior-gyumolcsos-iz-50ml-3-6-eves-korig\/","title":{"rendered":"SIGNAL fogkr\u00e9m &#8211; Junior gy\u00fcm\u00f6lcs\u00f6s \u00edz 50ml (3 &#8211; 6 \u00e9ves korig)"},"content":{"rendered":"<p>A SIGNAL Junior gy\u00fcm\u00f6lcs\u00f6s \u00edz\u0171 fogkr\u00e9m kifejezetten a 2-6 \u00e9ves gyermekek sz\u00e1m\u00e1ra kifejlesztett fogkr\u00e9m. A kisgyermekek sz\u00e1m\u00e1ra ide\u00e1lis gy\u00fcm\u00f6lcs\u00f6s \u00edzzel seg\u00edt motiv\u00e1lni a gyermekeket a rendszeres fogmos\u00e1sra. Fluoridot tartalmaz, amely seg\u00edt megv\u00e9deni a fogszuvasod\u00e1s ellen \u00e9s er\u0151s\u00edti a fogzom\u00e1ncot. A fogkr\u00e9m k\u00edm\u00e9letes a gyermekek fogaihoz \u00e9s \u00edny\u00e9hez, \u00e9s seg\u00edt a sz\u00e1jhigi\u00e9nia fenntart\u00e1s\u00e1ban m\u00e1r a legkisebb kort\u00f3l kezdve.   <\/p>\n<p>2 \u00e9s 6 \u00e9v k\u00f6z\u00f6tti gyermekek sz\u00e1m\u00e1ra alkalmas<br \/>\nGy\u00fcm\u00f6lcs\u00f6s \u00edz a kellemes tiszt\u00edt\u00e1s\u00e9rt<br \/>\nFluoridot tartalmaz a szuvasod\u00e1s elleni v\u00e9delem \u00e9rdek\u00e9ben<br \/>\nK\u00edm\u00e9letes a gyermekek fogaihoz \u00e9s \u00edny\u00e9hez.<\/p>\n<p>Alkalmaz\u00e1s: Feln\u0151tt fel\u00fcgyelete mellett naponta k\u00e9tszer mosson fogat.<\/p>\n","protected":false},"excerpt":{"rendered":"<p>A SIGNAL Junior gy\u00fcm\u00f6lcs\u00f6s \u00edz\u0171 fogkr\u00e9m kifejezetten a 2-6 \u00e9ves gyermekek sz\u00e1m\u00e1ra kifejlesztett fogkr\u00e9m. A kisgyermekek sz\u00e1m\u00e1ra ide\u00e1lis gy\u00fcm\u00f6lcs\u00f6s \u00edzzel seg\u00edt motiv\u00e1lni a gyermekeket a rendszeres fogmos\u00e1sra. Fluoridot tartalmaz, amely seg\u00edt megv\u00e9deni a fogszuvasod\u00e1s ellen \u00e9s er\u0151s\u00edti a fogzom\u00e1ncot. A fogkr\u00e9m k\u00edm\u00e9letes a gyermekek fogaihoz \u00e9s \u00edny\u00e9hez, \u00e9s seg\u00edt a sz\u00e1jhigi\u00e9nia fenntart\u00e1s\u00e1ban m\u00e1r a legkisebb [&hellip;]<\/p>\n","protected":false},"featured_media":15840,"template":"","meta":[],"product_brand":[191],"product_cat":[335],"product_tag":[],"class_list":{"0":"post-16843","1":"product","2":"type-product","3":"status-publish","4":"has-post-thumbnail","6":"product_brand-signal","7":"product_cat-foghigienia","9":"first","10":"instock","11":"taxable","12":"shipping-taxable","13":"purchasable","14":"product-type-simple"},"_links":{"self":[{"href":"https:\/\/perfettohome.sk\/hu\/wp-json\/wp\/v2\/product\/16843","targetHints":{"allow":["GET"]}}],"collection":[{"href":"https:\/\/perfettohome.sk\/hu\/wp-json\/wp\/v2\/product"}],"about":[{"href":"https:\/\/perfettohome.sk\/hu\/wp-json\/wp\/v2\/types\/product"}],"wp:featuredmedia":[{"embeddable":true,"href":"https:\/\/perfettohome.sk\/hu\/wp-json\/wp\/v2\/media\/15840"}],"wp:attachment":[{"href":"https:\/\/perfettohome.sk\/hu\/wp-json\/wp\/v2\/media?parent=16843"}],"wp:term":[{"taxonomy":"product_brand","embeddable":true,"href":"https:\/\/perfettohome.sk\/hu\/wp-json\/wp\/v2\/product_brand?post=16843"},{"taxonomy":"product_cat","embeddable":true,"href":"https:\/\/perfettohome.sk\/hu\/wp-json\/wp\/v2\/product_cat?post=16843"},{"taxonomy":"product_tag","embeddable":true,"href":"https:\/\/perfettohome.sk\/hu\/wp-json\/wp\/v2\/product_tag?post=16843"}],"curies":[{"name":"wp","href":"https:\/\/api.w.org\/{rel}","templated":true}]}}