{"id":16850,"date":"2025-03-29T20:20:02","date_gmt":"2025-03-29T19:20:02","guid":{"rendered":"https:\/\/perfettohome.sk\/produkt\/signal-fogkefe-nature-elements-silver-charcoal-soft\/"},"modified":"2025-03-29T20:20:02","modified_gmt":"2025-03-29T19:20:02","slug":"signal-fogkefe-nature-elements-silver-charcoal-soft","status":"publish","type":"product","link":"https:\/\/perfettohome.sk\/hu\/produkt\/signal-fogkefe-nature-elements-silver-charcoal-soft\/","title":{"rendered":"SIGNAL fogkefe &#8211; Nature Elements Silver Charcoal Soft"},"content":{"rendered":"<p>A SIGNAL Nature Elements Silver Charcoal Soft egy hat\u00e9kony fogtiszt\u00edt\u00e1sra \u00e9s k\u00edm\u00e9letes \u00ednykezel\u00e9sre tervezett fogkefe. Puha s\u00f6rt\u00e9i \u00e9s akt\u00edv szenet tartalmaznak, amely seg\u00edt elt\u00e1vol\u00edtani a fel\u00fcleti szennyez\u0151d\u00e9seket \u00e9s friss\u00edti a leheletet. Ez a fogkefe ide\u00e1lis azok sz\u00e1m\u00e1ra, akik a term\u00e9szetes anyagokat \u00e9s a gyeng\u00e9d tiszt\u00edt\u00e1st kedvelik.  <\/p>\n<p>Puha s\u00f6rt\u00e9k akt\u00edv sz\u00e9nnel<br \/>\nAntibakteri\u00e1lis tulajdons\u00e1gok a higi\u00e9nikus fogmos\u00e1s\u00e9rt<br \/>\nSeg\u00edt elt\u00e1vol\u00edtani a fel\u00fcleti szennyez\u0151d\u00e9seket \u00e9s felfriss\u00edti a leheletet<br \/>\nK\u00edm\u00e9letes az \u00e9rz\u00e9keny \u00ednyhez \u00e9s fogakhoz<br \/>\nIde\u00e1lis a term\u00e9szetes fogtiszt\u00edt\u00e1shoz.<\/p>\n<p>Haszn\u00e1lata: Naponta k\u00e9tszer 2 percig mosson fogat. Haszn\u00e1lat ut\u00e1n alaposan mossa ki a kef\u00e9t, \u00e9s hagyja megsz\u00e1radni.<\/p>\n","protected":false},"excerpt":{"rendered":"<p>A SIGNAL Nature Elements Silver Charcoal Soft egy hat\u00e9kony fogtiszt\u00edt\u00e1sra \u00e9s k\u00edm\u00e9letes \u00ednykezel\u00e9sre tervezett fogkefe. Puha s\u00f6rt\u00e9i \u00e9s akt\u00edv szenet tartalmaznak, amely seg\u00edt elt\u00e1vol\u00edtani a fel\u00fcleti szennyez\u0151d\u00e9seket \u00e9s friss\u00edti a leheletet. Ez a fogkefe ide\u00e1lis azok sz\u00e1m\u00e1ra, akik a term\u00e9szetes anyagokat \u00e9s a gyeng\u00e9d tiszt\u00edt\u00e1st kedvelik. Puha s\u00f6rt\u00e9k akt\u00edv sz\u00e9nnel Antibakteri\u00e1lis tulajdons\u00e1gok a higi\u00e9nikus fogmos\u00e1s\u00e9rt [&hellip;]<\/p>\n","protected":false},"featured_media":10181,"template":"","meta":[],"product_brand":[191],"product_cat":[318],"product_tag":[],"class_list":{"0":"post-16850","1":"product","2":"type-product","3":"status-publish","4":"has-post-thumbnail","6":"product_brand-signal","7":"product_cat-szemelyi-higienia","9":"first","10":"instock","11":"taxable","12":"shipping-taxable","13":"purchasable","14":"product-type-simple"},"_links":{"self":[{"href":"https:\/\/perfettohome.sk\/hu\/wp-json\/wp\/v2\/product\/16850","targetHints":{"allow":["GET"]}}],"collection":[{"href":"https:\/\/perfettohome.sk\/hu\/wp-json\/wp\/v2\/product"}],"about":[{"href":"https:\/\/perfettohome.sk\/hu\/wp-json\/wp\/v2\/types\/product"}],"wp:featuredmedia":[{"embeddable":true,"href":"https:\/\/perfettohome.sk\/hu\/wp-json\/wp\/v2\/media\/10181"}],"wp:attachment":[{"href":"https:\/\/perfettohome.sk\/hu\/wp-json\/wp\/v2\/media?parent=16850"}],"wp:term":[{"taxonomy":"product_brand","embeddable":true,"href":"https:\/\/perfettohome.sk\/hu\/wp-json\/wp\/v2\/product_brand?post=16850"},{"taxonomy":"product_cat","embeddable":true,"href":"https:\/\/perfettohome.sk\/hu\/wp-json\/wp\/v2\/product_cat?post=16850"},{"taxonomy":"product_tag","embeddable":true,"href":"https:\/\/perfettohome.sk\/hu\/wp-json\/wp\/v2\/product_tag?post=16850"}],"curies":[{"name":"wp","href":"https:\/\/api.w.org\/{rel}","templated":true}]}}