{"id":16857,"date":"2025-03-29T16:29:42","date_gmt":"2025-03-29T15:29:42","guid":{"rendered":"https:\/\/perfettohome.sk\/produkt\/bref-wc-blokk-power-aktiv-levendula-3x50g\/"},"modified":"2025-03-29T16:29:42","modified_gmt":"2025-03-29T15:29:42","slug":"bref-wc-blokk-power-aktiv-levendula-3x50g","status":"publish","type":"product","link":"https:\/\/perfettohome.sk\/hu\/produkt\/bref-wc-blokk-power-aktiv-levendula-3x50g\/","title":{"rendered":"Bref WC blokk &#8211; Power Aktiv Levendula 3x50g"},"content":{"rendered":"<p>Bref Toalettblokk aktiv lila levendula &#8211; t\u00f6k\u00e9letes tisztas\u00e1g \u00e9s frissess\u00e9g a WC-ben<\/p>\n<p>A Bref WC-t\u00f6mb\u00f6k nagyszer\u0171 megold\u00e1st jelentenek a higi\u00e9nikusan tiszta, tart\u00f3san friss illat\u00fa WC fenntart\u00e1s\u00e1ra. Megakad\u00e1lyozz\u00e1k a v\u00edzk\u0151lerak\u00f3d\u00e1st, v\u00e9delmet ny\u00fajtanak a szennyez\u0151d\u00e9sek ellen, \u00e9s minden \u00f6bl\u00edt\u00e9ssel intenz\u00edv frissess\u00e9get biztos\u00edtanak. <\/p>\n<p>A Bref WC-blokk egyszer\u0171en a WC perem\u00e9re r\u00f6gz\u00edthet\u0151, \u00e9s hossz\u00fa t\u00e1v\u00fa v\u00e9delmet ny\u00fajt a szennyez\u0151d\u00e9sek \u00e9s lerak\u00f3d\u00e1sok ellen. V\u00e1lassza ki kedvenc illat\u00e1t, \u00e9s \u00e9lvezze a t\u00f6k\u00e9letesen tiszta \u00e9s friss WC-t minden \u00f6bl\u00edt\u00e9skor!<\/p>\n","protected":false},"excerpt":{"rendered":"<p>Bref Toalettblokk aktiv lila levendula &#8211; t\u00f6k\u00e9letes tisztas\u00e1g \u00e9s frissess\u00e9g a WC-ben A Bref WC-t\u00f6mb\u00f6k nagyszer\u0171 megold\u00e1st jelentenek a higi\u00e9nikusan tiszta, tart\u00f3san friss illat\u00fa WC fenntart\u00e1s\u00e1ra. Megakad\u00e1lyozz\u00e1k a v\u00edzk\u0151lerak\u00f3d\u00e1st, v\u00e9delmet ny\u00fajtanak a szennyez\u0151d\u00e9sek ellen, \u00e9s minden \u00f6bl\u00edt\u00e9ssel intenz\u00edv frissess\u00e9get biztos\u00edtanak. A Bref WC-blokk egyszer\u0171en a WC perem\u00e9re r\u00f6gz\u00edthet\u0151, \u00e9s hossz\u00fa t\u00e1v\u00fa v\u00e9delmet ny\u00fajt a szennyez\u0151d\u00e9sek [&hellip;]<\/p>\n","protected":false},"featured_media":15895,"template":"","meta":[],"product_brand":[180],"product_cat":[295],"product_tag":[],"class_list":{"0":"post-16857","1":"product","2":"type-product","3":"status-publish","4":"has-post-thumbnail","6":"product_brand-bref","7":"product_cat-wc-blokkok","9":"first","10":"instock","11":"taxable","12":"shipping-taxable","13":"purchasable","14":"product-type-simple"},"_links":{"self":[{"href":"https:\/\/perfettohome.sk\/hu\/wp-json\/wp\/v2\/product\/16857","targetHints":{"allow":["GET"]}}],"collection":[{"href":"https:\/\/perfettohome.sk\/hu\/wp-json\/wp\/v2\/product"}],"about":[{"href":"https:\/\/perfettohome.sk\/hu\/wp-json\/wp\/v2\/types\/product"}],"wp:featuredmedia":[{"embeddable":true,"href":"https:\/\/perfettohome.sk\/hu\/wp-json\/wp\/v2\/media\/15895"}],"wp:attachment":[{"href":"https:\/\/perfettohome.sk\/hu\/wp-json\/wp\/v2\/media?parent=16857"}],"wp:term":[{"taxonomy":"product_brand","embeddable":true,"href":"https:\/\/perfettohome.sk\/hu\/wp-json\/wp\/v2\/product_brand?post=16857"},{"taxonomy":"product_cat","embeddable":true,"href":"https:\/\/perfettohome.sk\/hu\/wp-json\/wp\/v2\/product_cat?post=16857"},{"taxonomy":"product_tag","embeddable":true,"href":"https:\/\/perfettohome.sk\/hu\/wp-json\/wp\/v2\/product_tag?post=16857"}],"curies":[{"name":"wp","href":"https:\/\/api.w.org\/{rel}","templated":true}]}}