{"id":16861,"date":"2025-03-29T16:26:41","date_gmt":"2025-03-29T15:26:41","guid":{"rendered":"https:\/\/perfettohome.sk\/produkt\/domestos-toalettblokk-hibiszkuszolaj-es-vadbogyo-2x55g\/"},"modified":"2025-03-29T16:26:41","modified_gmt":"2025-03-29T15:26:41","slug":"domestos-toalettblokk-hibiszkuszolaj-es-vadbogyo-2x55g","status":"publish","type":"product","link":"https:\/\/perfettohome.sk\/hu\/produkt\/domestos-toalettblokk-hibiszkuszolaj-es-vadbogyo-2x55g\/","title":{"rendered":"Domestos toalettblokk &#8211; Hibiszkuszolaj \u00e9s vadbogy\u00f3 2x55g"},"content":{"rendered":"<p>Domestos WC blokk Hibiszkusz olaj \u00e9s vadbogy\u00f3 &#8211; frissess\u00e9g \u00e9s tisztas\u00e1g a WC-ben<\/p>\n<p>A Domestos WC-blokk ide\u00e1lis megold\u00e1s a WC friss \u00e9s higi\u00e9nikus tisztas\u00e1g\u00e1nak meg\u0151rz\u00e9s\u00e9re. Minden egyes \u00f6bl\u00edt\u00e9skor olyan akt\u00edv \u00f6sszetev\u0151ket bocs\u00e1t ki, amelyek hat\u00e9konyan elt\u00e1vol\u00edtj\u00e1k a szennyez\u0151d\u00e9seket, megakad\u00e1lyozz\u00e1k a v\u00edzk\u0151 kialakul\u00e1s\u00e1t \u00e9s kellemes illatot hagynak maguk ut\u00e1n. <\/p>\n<p>A Domestos WC-blokk egyszer\u0171en haszn\u00e1lhat\u00f3, csak akassza fel a mosd\u00f3kagyl\u00f3 sz\u00e9l\u00e9re, ahol az utols\u00f3 \u00f6bl\u00edt\u00e9sig akt\u00edv lesz. K\u00e9nyeztesse WC-j\u00e9t nemcsak tisztas\u00e1ggal, hanem kellemes illattal is!<\/p>\n","protected":false},"excerpt":{"rendered":"<p>Domestos WC blokk Hibiszkusz olaj \u00e9s vadbogy\u00f3 &#8211; frissess\u00e9g \u00e9s tisztas\u00e1g a WC-ben A Domestos WC-blokk ide\u00e1lis megold\u00e1s a WC friss \u00e9s higi\u00e9nikus tisztas\u00e1g\u00e1nak meg\u0151rz\u00e9s\u00e9re. Minden egyes \u00f6bl\u00edt\u00e9skor olyan akt\u00edv \u00f6sszetev\u0151ket bocs\u00e1t ki, amelyek hat\u00e9konyan elt\u00e1vol\u00edtj\u00e1k a szennyez\u0151d\u00e9seket, megakad\u00e1lyozz\u00e1k a v\u00edzk\u0151 kialakul\u00e1s\u00e1t \u00e9s kellemes illatot hagynak maguk ut\u00e1n. A Domestos WC-blokk egyszer\u0171en haszn\u00e1lhat\u00f3, csak akassza [&hellip;]<\/p>\n","protected":false},"featured_media":15908,"template":"","meta":[],"product_brand":[179],"product_cat":[295],"product_tag":[],"class_list":{"0":"post-16861","1":"product","2":"type-product","3":"status-publish","4":"has-post-thumbnail","6":"product_brand-domestos","7":"product_cat-wc-blokkok","9":"first","10":"outofstock","11":"taxable","12":"shipping-taxable","13":"purchasable","14":"product-type-simple"},"_links":{"self":[{"href":"https:\/\/perfettohome.sk\/hu\/wp-json\/wp\/v2\/product\/16861","targetHints":{"allow":["GET"]}}],"collection":[{"href":"https:\/\/perfettohome.sk\/hu\/wp-json\/wp\/v2\/product"}],"about":[{"href":"https:\/\/perfettohome.sk\/hu\/wp-json\/wp\/v2\/types\/product"}],"wp:featuredmedia":[{"embeddable":true,"href":"https:\/\/perfettohome.sk\/hu\/wp-json\/wp\/v2\/media\/15908"}],"wp:attachment":[{"href":"https:\/\/perfettohome.sk\/hu\/wp-json\/wp\/v2\/media?parent=16861"}],"wp:term":[{"taxonomy":"product_brand","embeddable":true,"href":"https:\/\/perfettohome.sk\/hu\/wp-json\/wp\/v2\/product_brand?post=16861"},{"taxonomy":"product_cat","embeddable":true,"href":"https:\/\/perfettohome.sk\/hu\/wp-json\/wp\/v2\/product_cat?post=16861"},{"taxonomy":"product_tag","embeddable":true,"href":"https:\/\/perfettohome.sk\/hu\/wp-json\/wp\/v2\/product_tag?post=16861"}],"curies":[{"name":"wp","href":"https:\/\/api.w.org\/{rel}","templated":true}]}}