{"id":16874,"date":"2025-03-29T15:39:04","date_gmt":"2025-03-29T14:39:04","guid":{"rendered":"https:\/\/perfettohome.sk\/produkt\/air-wick-auto-utantolto-pink-sweet-pea-250ml\/"},"modified":"2025-03-29T15:39:04","modified_gmt":"2025-03-29T14:39:04","slug":"air-wick-auto-utantolto-pink-sweet-pea-250ml","status":"publish","type":"product","link":"https:\/\/perfettohome.sk\/hu\/produkt\/air-wick-auto-utantolto-pink-sweet-pea-250ml\/","title":{"rendered":"Air Wick auto. Ut\u00e1nt\u00f6lt\u0151 &#8211; Pink Sweet Pea 250ml"},"content":{"rendered":"<p>AirWick automatikus diff\u00fazor ut\u00e1nt\u00f6lt\u0151 250 ml &#8211; Pink Pea &#8211; Hosszantart\u00f3 frissess\u00e9g otthon\u00e1ba<\/p>\n<p>K\u00e9nyeztesse mag\u00e1t megszak\u00edt\u00e1s n\u00e9lk\u00fcli illattal az AirWick automatikus diff\u00fazor ut\u00e1nt\u00f6lt\u0151vel. Ez a 250 ml-es ut\u00e1nt\u00f6lt\u0151 hosszan tart\u00f3 felfriss\u00fcl\u00e9st biztos\u00edt otthon\u00e1nak, \u00e9s hat\u00e9konyan megsz\u00fcnteti a nem k\u00edv\u00e1nt szagokat. <\/p>\n<p>V\u00e1lassza ki kedvenc illat\u00e1t, \u00e9s \u00e9lvezze a kellemes hangulatot minden helyis\u00e9gben. Ide\u00e1lis megold\u00e1s olyan h\u00e1ztart\u00e1sok sz\u00e1m\u00e1ra, amelyek a k\u00e9nyelmet tart\u00f3s frissess\u00e9ggel k\u00edv\u00e1nj\u00e1k \u00f6tv\u00f6zni.<\/p>\n","protected":false},"excerpt":{"rendered":"<p>AirWick automatikus diff\u00fazor ut\u00e1nt\u00f6lt\u0151 250 ml &#8211; Pink Pea &#8211; Hosszantart\u00f3 frissess\u00e9g otthon\u00e1ba K\u00e9nyeztesse mag\u00e1t megszak\u00edt\u00e1s n\u00e9lk\u00fcli illattal az AirWick automatikus diff\u00fazor ut\u00e1nt\u00f6lt\u0151vel. Ez a 250 ml-es ut\u00e1nt\u00f6lt\u0151 hosszan tart\u00f3 felfriss\u00fcl\u00e9st biztos\u00edt otthon\u00e1nak, \u00e9s hat\u00e9konyan megsz\u00fcnteti a nem k\u00edv\u00e1nt szagokat. V\u00e1lassza ki kedvenc illat\u00e1t, \u00e9s \u00e9lvezze a kellemes hangulatot minden helyis\u00e9gben. Ide\u00e1lis megold\u00e1s olyan h\u00e1ztart\u00e1sok [&hellip;]<\/p>\n","protected":false},"featured_media":15921,"template":"","meta":[],"product_brand":[45],"product_cat":[172],"product_tag":[],"class_list":{"0":"post-16874","1":"product","2":"type-product","3":"status-publish","4":"has-post-thumbnail","6":"product_brand-airwick","7":"product_cat-elektricke-difuzery-hu","9":"first","10":"instock","11":"taxable","12":"shipping-taxable","13":"purchasable","14":"product-type-simple"},"_links":{"self":[{"href":"https:\/\/perfettohome.sk\/hu\/wp-json\/wp\/v2\/product\/16874","targetHints":{"allow":["GET"]}}],"collection":[{"href":"https:\/\/perfettohome.sk\/hu\/wp-json\/wp\/v2\/product"}],"about":[{"href":"https:\/\/perfettohome.sk\/hu\/wp-json\/wp\/v2\/types\/product"}],"wp:featuredmedia":[{"embeddable":true,"href":"https:\/\/perfettohome.sk\/hu\/wp-json\/wp\/v2\/media\/15921"}],"wp:attachment":[{"href":"https:\/\/perfettohome.sk\/hu\/wp-json\/wp\/v2\/media?parent=16874"}],"wp:term":[{"taxonomy":"product_brand","embeddable":true,"href":"https:\/\/perfettohome.sk\/hu\/wp-json\/wp\/v2\/product_brand?post=16874"},{"taxonomy":"product_cat","embeddable":true,"href":"https:\/\/perfettohome.sk\/hu\/wp-json\/wp\/v2\/product_cat?post=16874"},{"taxonomy":"product_tag","embeddable":true,"href":"https:\/\/perfettohome.sk\/hu\/wp-json\/wp\/v2\/product_tag?post=16874"}],"curies":[{"name":"wp","href":"https:\/\/api.w.org\/{rel}","templated":true}]}}