{"id":16878,"date":"2025-03-29T15:34:37","date_gmt":"2025-03-29T14:34:37","guid":{"rendered":"https:\/\/perfettohome.sk\/produkt\/air-wick-auto-frissito-vaszon-a-levegoben-250ml\/"},"modified":"2025-12-13T09:31:35","modified_gmt":"2025-12-13T08:31:35","slug":"air-wick-auto-frissito-vaszon-a-levegoben-250ml","status":"publish","type":"product","link":"https:\/\/perfettohome.sk\/hu\/produkt\/air-wick-auto-frissito-vaszon-a-levegoben-250ml\/","title":{"rendered":"Air Wick auto. Friss\u00edt\u0151 &#8211; Linen in the air 250ml"},"content":{"rendered":"<p>AirWick automata diff\u00fazor Laundry in the breeze 250ml &#8211; Friss\u00edt\u0151 illat, amely alkalmazkodik a k\u00f6rnyezethez<\/p>\n<p>Az AirWick automatikus diff\u00fazor k\u00e9nyelmes \u00e9s hat\u00e9kony m\u00f3dja annak, hogy \u00e1lland\u00f3 \u00e9s kellemes friss\u00edt\u0151 \u00e9lm\u00e9nyt vigyen otthon\u00e1ba. Az automatikus be\u00e1ll\u00edt\u00e1snak k\u00f6sz\u00f6nhet\u0151en az illatanyag rendszeresen kibocs\u00e1t\u00e1sra ker\u00fcl, \u00edgy biztos\u00edtva a leveg\u0151 folyamatos felfriss\u00fcl\u00e9s\u00e9t. <\/p>\n<p>V\u00e1lassza ki kedvenc illat\u00e1t, \u00e9s \u00e9lvezze az ig\u00e9nyeihez igazod\u00f3 kellemes l\u00e9gk\u00f6rt &#8211; legyen sz\u00f3 ak\u00e1r a h\u00e1l\u00f3szoba gyeng\u00e9d felfriss\u00edt\u00e9s\u00e9r\u0151l, ak\u00e1r az eg\u00e9sz h\u00e1z felfriss\u00edt\u00e9s\u00e9r\u0151l. Az ide\u00e1lis megold\u00e1s otthona friss \u00e9s k\u00e9nyelmes tart\u00e1s\u00e1hoz.<\/p>\n","protected":false},"excerpt":{"rendered":"<p>AirWick automata diff\u00fazor Laundry in the breeze 250ml &#8211; Friss\u00edt\u0151 illat, amely alkalmazkodik a k\u00f6rnyezethez Az AirWick automatikus diff\u00fazor k\u00e9nyelmes \u00e9s hat\u00e9kony m\u00f3dja annak, hogy \u00e1lland\u00f3 \u00e9s kellemes friss\u00edt\u0151 \u00e9lm\u00e9nyt vigyen otthon\u00e1ba. Az automatikus be\u00e1ll\u00edt\u00e1snak k\u00f6sz\u00f6nhet\u0151en az illatanyag rendszeresen kibocs\u00e1t\u00e1sra ker\u00fcl, \u00edgy biztos\u00edtva a leveg\u0151 folyamatos felfriss\u00fcl\u00e9s\u00e9t. V\u00e1lassza ki kedvenc illat\u00e1t, \u00e9s \u00e9lvezze az ig\u00e9nyeihez [&hellip;]<\/p>\n","protected":false},"featured_media":16880,"template":"","meta":[],"product_brand":[45],"product_cat":[172],"product_tag":[],"class_list":{"0":"post-16878","1":"product","2":"type-product","3":"status-publish","4":"has-post-thumbnail","6":"product_brand-airwick","7":"product_cat-elektricke-difuzery-hu","9":"first","10":"instock","11":"taxable","12":"shipping-taxable","13":"purchasable","14":"product-type-simple"},"_links":{"self":[{"href":"https:\/\/perfettohome.sk\/hu\/wp-json\/wp\/v2\/product\/16878","targetHints":{"allow":["GET"]}}],"collection":[{"href":"https:\/\/perfettohome.sk\/hu\/wp-json\/wp\/v2\/product"}],"about":[{"href":"https:\/\/perfettohome.sk\/hu\/wp-json\/wp\/v2\/types\/product"}],"wp:featuredmedia":[{"embeddable":true,"href":"https:\/\/perfettohome.sk\/hu\/wp-json\/wp\/v2\/media\/16880"}],"wp:attachment":[{"href":"https:\/\/perfettohome.sk\/hu\/wp-json\/wp\/v2\/media?parent=16878"}],"wp:term":[{"taxonomy":"product_brand","embeddable":true,"href":"https:\/\/perfettohome.sk\/hu\/wp-json\/wp\/v2\/product_brand?post=16878"},{"taxonomy":"product_cat","embeddable":true,"href":"https:\/\/perfettohome.sk\/hu\/wp-json\/wp\/v2\/product_cat?post=16878"},{"taxonomy":"product_tag","embeddable":true,"href":"https:\/\/perfettohome.sk\/hu\/wp-json\/wp\/v2\/product_tag?post=16878"}],"curies":[{"name":"wp","href":"https:\/\/api.w.org\/{rel}","templated":true}]}}