{"id":16888,"date":"2025-03-27T21:28:37","date_gmt":"2025-03-27T20:28:37","guid":{"rendered":"https:\/\/perfettohome.sk\/produkt\/air-wick-gyertya-gyenged-vanilia-310g\/"},"modified":"2025-03-27T21:28:37","modified_gmt":"2025-03-27T20:28:37","slug":"air-wick-gyertya-gyenged-vanilia-310g","status":"publish","type":"product","link":"https:\/\/perfettohome.sk\/hu\/produkt\/air-wick-gyertya-gyenged-vanilia-310g\/","title":{"rendered":"Air Wick gyertya &#8211; Gyeng\u00e9d van\u00edlia 310g"},"content":{"rendered":"<p>AirWick illatgyertya Gentle Vanilla 310g &#8211; Friss\u00edtse fel otthon\u00e1t minden egyes gy\u00fajt\u00e1ssal<\/p>\n<p>Az AirWick illatgyerty\u00e1val kellemes illatot var\u00e1zsolhat otthon\u00e1ba, \u00e9s meghitt hangulatot teremthet. Hossz\u00fa \u00e9g\u00e9si idej\u00e9vel \u00e9s min\u0151s\u00e9gi formul\u00e1j\u00e1val \u00e1lland\u00f3 leveg\u0151friss\u00edt\u00e9st biztos\u00edt. <\/p>\n<p>V\u00e1lassza ki kedvenc illat\u00e1t, amely a legjobban illik k\u00f6rnyezet\u00e9hez &#8211; legyen az a Soft Vanilla gyertya. T\u00f6k\u00e9letes relax\u00e1ci\u00f3hoz, hangulatos l\u00e9gk\u00f6r megteremt\u00e9s\u00e9hez vacsora k\u00f6zben, vagy egyszer\u0171en csak egy szoba felfriss\u00edt\u00e9s\u00e9hez a nap b\u00e1rmely szak\u00e1ban.<\/p>\n","protected":false},"excerpt":{"rendered":"<p>AirWick illatgyertya Gentle Vanilla 310g &#8211; Friss\u00edtse fel otthon\u00e1t minden egyes gy\u00fajt\u00e1ssal Az AirWick illatgyerty\u00e1val kellemes illatot var\u00e1zsolhat otthon\u00e1ba, \u00e9s meghitt hangulatot teremthet. Hossz\u00fa \u00e9g\u00e9si idej\u00e9vel \u00e9s min\u0151s\u00e9gi formul\u00e1j\u00e1val \u00e1lland\u00f3 leveg\u0151friss\u00edt\u00e9st biztos\u00edt. V\u00e1lassza ki kedvenc illat\u00e1t, amely a legjobban illik k\u00f6rnyezet\u00e9hez &#8211; legyen az a Soft Vanilla gyertya. T\u00f6k\u00e9letes relax\u00e1ci\u00f3hoz, hangulatos l\u00e9gk\u00f6r megteremt\u00e9s\u00e9hez vacsora k\u00f6zben, [&hellip;]<\/p>\n","protected":false},"featured_media":9870,"template":"","meta":[],"product_brand":[45],"product_cat":[320],"product_tag":[],"class_list":{"0":"post-16888","1":"product","2":"type-product","3":"status-publish","4":"has-post-thumbnail","6":"product_brand-airwick","7":"product_cat-illatgyertyak-legfrissitok","9":"first","10":"outofstock","11":"taxable","12":"shipping-taxable","13":"purchasable","14":"product-type-simple"},"_links":{"self":[{"href":"https:\/\/perfettohome.sk\/hu\/wp-json\/wp\/v2\/product\/16888","targetHints":{"allow":["GET"]}}],"collection":[{"href":"https:\/\/perfettohome.sk\/hu\/wp-json\/wp\/v2\/product"}],"about":[{"href":"https:\/\/perfettohome.sk\/hu\/wp-json\/wp\/v2\/types\/product"}],"wp:featuredmedia":[{"embeddable":true,"href":"https:\/\/perfettohome.sk\/hu\/wp-json\/wp\/v2\/media\/9870"}],"wp:attachment":[{"href":"https:\/\/perfettohome.sk\/hu\/wp-json\/wp\/v2\/media?parent=16888"}],"wp:term":[{"taxonomy":"product_brand","embeddable":true,"href":"https:\/\/perfettohome.sk\/hu\/wp-json\/wp\/v2\/product_brand?post=16888"},{"taxonomy":"product_cat","embeddable":true,"href":"https:\/\/perfettohome.sk\/hu\/wp-json\/wp\/v2\/product_cat?post=16888"},{"taxonomy":"product_tag","embeddable":true,"href":"https:\/\/perfettohome.sk\/hu\/wp-json\/wp\/v2\/product_tag?post=16888"}],"curies":[{"name":"wp","href":"https:\/\/api.w.org\/{rel}","templated":true}]}}