{"id":16890,"date":"2025-03-29T15:12:09","date_gmt":"2025-03-29T14:12:09","guid":{"rendered":"https:\/\/perfettohome.sk\/produkt\/air-wick-elektromos-diffuzor-utantolto-levendula-19ml\/"},"modified":"2025-03-29T15:12:09","modified_gmt":"2025-03-29T14:12:09","slug":"air-wick-elektromos-diffuzor-utantolto-levendula-19ml","status":"publish","type":"product","link":"https:\/\/perfettohome.sk\/hu\/produkt\/air-wick-elektromos-diffuzor-utantolto-levendula-19ml\/","title":{"rendered":"Air Wick elektromos diff\u00fazor ut\u00e1nt\u00f6lt\u0151 &#8211; levendula 19ml"},"content":{"rendered":"<p>AirWick elektronikus diff\u00fazor ut\u00e1nt\u00f6lt\u0151 levendula 19 ml &#8211; Friss\u00edt\u0151 illat, amely tart\u00f3san tart<\/p>\n<p>Az AirWick elektronikus diff\u00fazor ut\u00e1nt\u00f6lt\u0151 praktikus megold\u00e1s arra, hogy hossz\u00fa ideig \u00e9lvezhesse kedvenc illat\u00e1t otthon\u00e1ban. K\u00f6nnyen haszn\u00e1lhat\u00f3 \u00e9s folyamatos felfriss\u00fcl\u00e9st biztos\u00edt. A finom illatok kellemes hangulatot teremtenek b\u00e1rmely helyis\u00e9gben.  <\/p>\n<p>V\u00e1lassza ki az \u00d6nnek legmegfelel\u0151bb illatot, \u00e9s \u00e9lvezze a friss leveg\u0151t, amely eg\u00e9sz nap k\u00f6r\u00fclveszi \u00d6nt. Ide\u00e1lis megold\u00e1s a folyamatos frissess\u00e9g \u00e9s a kellemes l\u00e9gk\u00f6r megteremt\u00e9s\u00e9hez otthon\u00e1ban.<\/p>\n","protected":false},"excerpt":{"rendered":"<p>AirWick elektronikus diff\u00fazor ut\u00e1nt\u00f6lt\u0151 levendula 19 ml &#8211; Friss\u00edt\u0151 illat, amely tart\u00f3san tart Az AirWick elektronikus diff\u00fazor ut\u00e1nt\u00f6lt\u0151 praktikus megold\u00e1s arra, hogy hossz\u00fa ideig \u00e9lvezhesse kedvenc illat\u00e1t otthon\u00e1ban. K\u00f6nnyen haszn\u00e1lhat\u00f3 \u00e9s folyamatos felfriss\u00fcl\u00e9st biztos\u00edt. A finom illatok kellemes hangulatot teremtenek b\u00e1rmely helyis\u00e9gben. V\u00e1lassza ki az \u00d6nnek legmegfelel\u0151bb illatot, \u00e9s \u00e9lvezze a friss leveg\u0151t, amely eg\u00e9sz [&hellip;]<\/p>\n","protected":false},"featured_media":15928,"template":"","meta":[],"product_brand":[45],"product_cat":[172],"product_tag":[],"class_list":{"0":"post-16890","1":"product","2":"type-product","3":"status-publish","4":"has-post-thumbnail","6":"product_brand-airwick","7":"product_cat-elektricke-difuzery-hu","9":"first","10":"instock","11":"taxable","12":"shipping-taxable","13":"purchasable","14":"product-type-simple"},"_links":{"self":[{"href":"https:\/\/perfettohome.sk\/hu\/wp-json\/wp\/v2\/product\/16890","targetHints":{"allow":["GET"]}}],"collection":[{"href":"https:\/\/perfettohome.sk\/hu\/wp-json\/wp\/v2\/product"}],"about":[{"href":"https:\/\/perfettohome.sk\/hu\/wp-json\/wp\/v2\/types\/product"}],"wp:featuredmedia":[{"embeddable":true,"href":"https:\/\/perfettohome.sk\/hu\/wp-json\/wp\/v2\/media\/15928"}],"wp:attachment":[{"href":"https:\/\/perfettohome.sk\/hu\/wp-json\/wp\/v2\/media?parent=16890"}],"wp:term":[{"taxonomy":"product_brand","embeddable":true,"href":"https:\/\/perfettohome.sk\/hu\/wp-json\/wp\/v2\/product_brand?post=16890"},{"taxonomy":"product_cat","embeddable":true,"href":"https:\/\/perfettohome.sk\/hu\/wp-json\/wp\/v2\/product_cat?post=16890"},{"taxonomy":"product_tag","embeddable":true,"href":"https:\/\/perfettohome.sk\/hu\/wp-json\/wp\/v2\/product_tag?post=16890"}],"curies":[{"name":"wp","href":"https:\/\/api.w.org\/{rel}","templated":true}]}}