{"id":16934,"date":"2025-09-29T12:23:51","date_gmt":"2025-09-29T10:23:51","guid":{"rendered":"https:\/\/perfettohome.sk\/produkt\/novodog-kutyakajak-marhahus-10kg\/"},"modified":"2025-12-14T19:56:24","modified_gmt":"2025-12-14T18:56:24","slug":"novodog-kutyakajak-marhahus-10kg","status":"publish","type":"product","link":"https:\/\/perfettohome.sk\/hu\/produkt\/novodog-kutyakajak-marhahus-10kg\/","title":{"rendered":"Novodog kutya eledel marhah\u00fas 10kg"},"content":{"rendered":"<p>Teljes \u00e9rt\u00e9k\u0171 eledel feln\u0151tt kuty\u00e1knak marhah\u00fas \u00edzes\u00edt\u00e9ssel. A granul\u00e1tum t\u00e1panyagok kiegyens\u00falyozott kombin\u00e1ci\u00f3j\u00e1t tartalmazza, amely t\u00e1mogatja a kutya eg\u00e9szs\u00e9g\u00e9t, vitalit\u00e1s\u00e1t \u00e9s f\u00e9nyes sz\u0151rzet\u00e9t. Napi etet\u00e9sre alkalmas.  <\/p>\n<p>Csomag s\u00falya: 10 kg<\/p>\n<p>\u00cdzes\u00edt\u00e9s: marhah\u00fas<\/p>\n<p>C\u00e9l: feln\u0151tt kuty\u00e1k<\/p>\n<p>Felhaszn\u00e1l\u00e1s: Sz\u00fcks\u00e9g szerint sz\u00e1razon vagy megnedves\u00edtve t\u00e1laljuk. Biztos\u00edtson \u00e1lland\u00f3an friss iv\u00f3v\u00edzhez val\u00f3 hozz\u00e1f\u00e9r\u00e9st. H\u0171v\u00f6s, sz\u00e1raz helyen t\u00e1rolja.<\/p>\n","protected":false},"excerpt":{"rendered":"<p>Teljes \u00e9rt\u00e9k\u0171 eledel feln\u0151tt kuty\u00e1knak marhah\u00fas \u00edzes\u00edt\u00e9ssel. A granul\u00e1tum t\u00e1panyagok kiegyens\u00falyozott kombin\u00e1ci\u00f3j\u00e1t tartalmazza, amely t\u00e1mogatja a kutya eg\u00e9szs\u00e9g\u00e9t, vitalit\u00e1s\u00e1t \u00e9s f\u00e9nyes sz\u0151rzet\u00e9t. Napi etet\u00e9sre alkalmas. Csomag s\u00falya: 10 kg \u00cdzes\u00edt\u00e9s: marhah\u00fas C\u00e9l: feln\u0151tt kuty\u00e1k Felhaszn\u00e1l\u00e1s: Sz\u00fcks\u00e9g szerint sz\u00e1razon vagy megnedves\u00edtve t\u00e1laljuk. Biztos\u00edtson \u00e1lland\u00f3an friss iv\u00f3v\u00edzhez val\u00f3 hozz\u00e1f\u00e9r\u00e9st. H\u0171v\u00f6s, sz\u00e1raz helyen t\u00e1rolja.<\/p>\n","protected":false},"featured_media":16936,"template":"","meta":[],"product_brand":[261],"product_cat":[340],"product_tag":[],"class_list":{"0":"post-16934","1":"product","2":"type-product","3":"status-publish","4":"has-post-thumbnail","6":"product_brand-novodog","7":"product_cat-granulatum","9":"first","10":"instock","11":"taxable","12":"shipping-taxable","13":"purchasable","14":"product-type-simple"},"_links":{"self":[{"href":"https:\/\/perfettohome.sk\/hu\/wp-json\/wp\/v2\/product\/16934","targetHints":{"allow":["GET"]}}],"collection":[{"href":"https:\/\/perfettohome.sk\/hu\/wp-json\/wp\/v2\/product"}],"about":[{"href":"https:\/\/perfettohome.sk\/hu\/wp-json\/wp\/v2\/types\/product"}],"wp:featuredmedia":[{"embeddable":true,"href":"https:\/\/perfettohome.sk\/hu\/wp-json\/wp\/v2\/media\/16936"}],"wp:attachment":[{"href":"https:\/\/perfettohome.sk\/hu\/wp-json\/wp\/v2\/media?parent=16934"}],"wp:term":[{"taxonomy":"product_brand","embeddable":true,"href":"https:\/\/perfettohome.sk\/hu\/wp-json\/wp\/v2\/product_brand?post=16934"},{"taxonomy":"product_cat","embeddable":true,"href":"https:\/\/perfettohome.sk\/hu\/wp-json\/wp\/v2\/product_cat?post=16934"},{"taxonomy":"product_tag","embeddable":true,"href":"https:\/\/perfettohome.sk\/hu\/wp-json\/wp\/v2\/product_tag?post=16934"}],"curies":[{"name":"wp","href":"https:\/\/api.w.org\/{rel}","templated":true}]}}