{"id":16954,"date":"2025-09-29T12:08:47","date_gmt":"2025-09-29T10:08:47","guid":{"rendered":"https:\/\/perfettohome.sk\/produkt\/dax-kutyakajak-marhahus-3kg\/"},"modified":"2025-12-14T19:51:35","modified_gmt":"2025-12-14T18:51:35","slug":"dax-kutyakajak-marhahus-3kg","status":"publish","type":"product","link":"https:\/\/perfettohome.sk\/hu\/produkt\/dax-kutyakajak-marhahus-3kg\/","title":{"rendered":"Dax kutya eledel marhah\u00fas 3kg"},"content":{"rendered":"<p>Teljes \u00e9rt\u00e9k\u0171 eledel feln\u0151tt kuty\u00e1knak marhah\u00fas \u00edzes\u00edt\u00e9ssel. A granul\u00e1tum kiegyens\u00falyozott t\u00e1panyagkombin\u00e1ci\u00f3t tartalmaz, amely el\u0151seg\u00edti az eg\u00e9szs\u00e9ges em\u00e9szt\u00e9st, a vitalit\u00e1st \u00e9s a f\u00e9nyes sz\u0151rzetet. Napi etet\u00e9sre alkalmas.  <\/p>\n<p>Csomag s\u00falya: 3 kg<\/p>\n<p>\u00cdzes\u00edt\u00e9s: marhah\u00fas<\/p>\n<p>Felhaszn\u00e1l\u00e1s: A kutya \u00edzl\u00e9s\u00e9nek megfelel\u0151en sz\u00e1razon vagy v\u00edzzel megnedves\u00edtve t\u00e1laljuk. Biztos\u00edtson \u00e1lland\u00f3 hozz\u00e1f\u00e9r\u00e9st friss iv\u00f3v\u00edzhez. H\u0171v\u00f6s, sz\u00e1raz helyen t\u00e1rolja.<\/p>\n","protected":false},"excerpt":{"rendered":"<p>Teljes \u00e9rt\u00e9k\u0171 eledel feln\u0151tt kuty\u00e1knak marhah\u00fas \u00edzes\u00edt\u00e9ssel. A granul\u00e1tum kiegyens\u00falyozott t\u00e1panyagkombin\u00e1ci\u00f3t tartalmaz, amely el\u0151seg\u00edti az eg\u00e9szs\u00e9ges em\u00e9szt\u00e9st, a vitalit\u00e1st \u00e9s a f\u00e9nyes sz\u0151rzetet. Napi etet\u00e9sre alkalmas. Csomag s\u00falya: 3 kg \u00cdzes\u00edt\u00e9s: marhah\u00fas Felhaszn\u00e1l\u00e1s: A kutya \u00edzl\u00e9s\u00e9nek megfelel\u0151en sz\u00e1razon vagy v\u00edzzel megnedves\u00edtve t\u00e1laljuk. Biztos\u00edtson \u00e1lland\u00f3 hozz\u00e1f\u00e9r\u00e9st friss iv\u00f3v\u00edzhez. H\u0171v\u00f6s, sz\u00e1raz helyen t\u00e1rolja.<\/p>\n","protected":false},"featured_media":16956,"template":"","meta":[],"product_brand":[259],"product_cat":[340],"product_tag":[],"class_list":{"0":"post-16954","1":"product","2":"type-product","3":"status-publish","4":"has-post-thumbnail","6":"product_brand-dax","7":"product_cat-granulatum","9":"first","10":"instock","11":"taxable","12":"shipping-taxable","13":"purchasable","14":"product-type-simple"},"_links":{"self":[{"href":"https:\/\/perfettohome.sk\/hu\/wp-json\/wp\/v2\/product\/16954","targetHints":{"allow":["GET"]}}],"collection":[{"href":"https:\/\/perfettohome.sk\/hu\/wp-json\/wp\/v2\/product"}],"about":[{"href":"https:\/\/perfettohome.sk\/hu\/wp-json\/wp\/v2\/types\/product"}],"wp:featuredmedia":[{"embeddable":true,"href":"https:\/\/perfettohome.sk\/hu\/wp-json\/wp\/v2\/media\/16956"}],"wp:attachment":[{"href":"https:\/\/perfettohome.sk\/hu\/wp-json\/wp\/v2\/media?parent=16954"}],"wp:term":[{"taxonomy":"product_brand","embeddable":true,"href":"https:\/\/perfettohome.sk\/hu\/wp-json\/wp\/v2\/product_brand?post=16954"},{"taxonomy":"product_cat","embeddable":true,"href":"https:\/\/perfettohome.sk\/hu\/wp-json\/wp\/v2\/product_cat?post=16954"},{"taxonomy":"product_tag","embeddable":true,"href":"https:\/\/perfettohome.sk\/hu\/wp-json\/wp\/v2\/product_tag?post=16954"}],"curies":[{"name":"wp","href":"https:\/\/api.w.org\/{rel}","templated":true}]}}