{"id":16955,"date":"2025-09-22T14:23:41","date_gmt":"2025-09-22T12:23:41","guid":{"rendered":"https:\/\/perfettohome.sk\/produkt\/bolsius-olajtoltelek-152g\/"},"modified":"2025-12-14T19:48:29","modified_gmt":"2025-12-14T18:48:29","slug":"bolsius-olajtoltelek-152g","status":"publish","type":"product","link":"https:\/\/perfettohome.sk\/hu\/produkt\/bolsius-olajtoltelek-152g\/","title":{"rendered":"Bolsius olaj m\u00e9cses bet\u00e9t 152g"},"content":{"rendered":"<p>Olaj m\u00e9cses bet\u00e9t, amely egyenletes \u00e9s hossz\u00fa \u00e9g\u00e9st biztos\u00edt. Praktikus megold\u00e1s a s\u00edrokon \u00e9s eml\u00e9khelyeken val\u00f3 vil\u00e1g\u00edt\u00e1s megtart\u00e1s\u00e1ra. <\/p>\n<p>S\u00faly: 152 g<\/p>\n<p>\u00c9g\u00e9si id\u0151: a t\u00edpus \u00e9s a haszn\u00e1lati felt\u00e9telek szerint.<\/p>\n<p>Haszn\u00e1lat: tegye az ut\u00e1nt\u00f6lt\u0151t a gyuf\u00e1ba, \u00e9s gy\u00fajtsa meg a kan\u00f3cot. Csak az ilyen t\u00edpus\u00fa gyerty\u00e1khoz tervezett gyertyatart\u00f3kban haszn\u00e1lja.<\/p>\n","protected":false},"excerpt":{"rendered":"<p>Olaj m\u00e9cses bet\u00e9t, amely egyenletes \u00e9s hossz\u00fa \u00e9g\u00e9st biztos\u00edt. Praktikus megold\u00e1s a s\u00edrokon \u00e9s eml\u00e9khelyeken val\u00f3 vil\u00e1g\u00edt\u00e1s megtart\u00e1s\u00e1ra. S\u00faly: 152 g \u00c9g\u00e9si id\u0151: a t\u00edpus \u00e9s a haszn\u00e1lati felt\u00e9telek szerint. Haszn\u00e1lat: tegye az ut\u00e1nt\u00f6lt\u0151t a gyuf\u00e1ba, \u00e9s gy\u00fajtsa meg a kan\u00f3cot. Csak az ilyen t\u00edpus\u00fa gyerty\u00e1khoz tervezett gyertyatart\u00f3kban haszn\u00e1lja.<\/p>\n","protected":false},"featured_media":16957,"template":"","meta":[],"product_brand":[254],"product_cat":[337],"product_tag":[],"class_list":{"0":"post-16955","1":"product","2":"type-product","3":"status-publish","4":"has-post-thumbnail","6":"product_brand-bolsius","7":"product_cat-kahance-hu-2","9":"first","10":"instock","11":"taxable","12":"shipping-taxable","13":"purchasable","14":"product-type-simple"},"_links":{"self":[{"href":"https:\/\/perfettohome.sk\/hu\/wp-json\/wp\/v2\/product\/16955","targetHints":{"allow":["GET"]}}],"collection":[{"href":"https:\/\/perfettohome.sk\/hu\/wp-json\/wp\/v2\/product"}],"about":[{"href":"https:\/\/perfettohome.sk\/hu\/wp-json\/wp\/v2\/types\/product"}],"wp:featuredmedia":[{"embeddable":true,"href":"https:\/\/perfettohome.sk\/hu\/wp-json\/wp\/v2\/media\/16957"}],"wp:attachment":[{"href":"https:\/\/perfettohome.sk\/hu\/wp-json\/wp\/v2\/media?parent=16955"}],"wp:term":[{"taxonomy":"product_brand","embeddable":true,"href":"https:\/\/perfettohome.sk\/hu\/wp-json\/wp\/v2\/product_brand?post=16955"},{"taxonomy":"product_cat","embeddable":true,"href":"https:\/\/perfettohome.sk\/hu\/wp-json\/wp\/v2\/product_cat?post=16955"},{"taxonomy":"product_tag","embeddable":true,"href":"https:\/\/perfettohome.sk\/hu\/wp-json\/wp\/v2\/product_tag?post=16955"}],"curies":[{"name":"wp","href":"https:\/\/api.w.org\/{rel}","templated":true}]}}