{"id":16959,"date":"2025-09-22T14:23:41","date_gmt":"2025-09-22T12:23:41","guid":{"rendered":"https:\/\/perfettohome.sk\/produkt\/bolsius-twist-24-oras-uveggyertya\/"},"modified":"2025-12-14T19:46:25","modified_gmt":"2025-12-14T18:46:25","slug":"bolsius-twist-24-oras-uveggyertya","status":"publish","type":"product","link":"https:\/\/perfettohome.sk\/hu\/produkt\/bolsius-twist-24-oras-uveggyertya\/","title":{"rendered":"Bolsius Twist 24 \u00f3r\u00e1s \u00fcvegm\u00e9cses"},"content":{"rendered":"<p>Kisebb m\u00e9ret\u0171 \u00fcveggyertya eleg\u00e1ns Twist kialak\u00edt\u00e1ssal, amely k\u00f6r\u00fclbel\u00fcl 24 \u00f3r\u00e1n \u00e1t egyenletes \u00e9g\u00e9st biztos\u00edt. Alkalmas eml\u00e9khelyekre, temet\u0151kbe \u00e9s otthoni haszn\u00e1latra. <\/p>\n<p>\u00c9g\u00e9si id\u0151: kb. 24 \u00f3ra<\/p>\n<p>Anyag: \u00fcveg csavaros kupakkal<\/p>\n<p>Haszn\u00e1lat:<br \/>\nHelyezze a gyuf\u00e1t egy stabil \u00e9s nem gy\u00fal\u00e9kony fel\u00fcletre. Miut\u00e1n meggy\u00fajtotta, hagyja eg\u00e9szben \u00e9gni, hogy a viasz egyenletesen elfogyjon. Tartsa gyermekek \u00e9s huzat el\u0151l elz\u00e1rva.<\/p>\n","protected":false},"excerpt":{"rendered":"<p>Kisebb m\u00e9ret\u0171 \u00fcveggyertya eleg\u00e1ns Twist kialak\u00edt\u00e1ssal, amely k\u00f6r\u00fclbel\u00fcl 24 \u00f3r\u00e1n \u00e1t egyenletes \u00e9g\u00e9st biztos\u00edt. Alkalmas eml\u00e9khelyekre, temet\u0151kbe \u00e9s otthoni haszn\u00e1latra. \u00c9g\u00e9si id\u0151: kb. 24 \u00f3ra Anyag: \u00fcveg csavaros kupakkal Haszn\u00e1lat: Helyezze a gyuf\u00e1t egy stabil \u00e9s nem gy\u00fal\u00e9kony fel\u00fcletre. Miut\u00e1n meggy\u00fajtotta, hagyja eg\u00e9szben \u00e9gni, hogy a viasz egyenletesen elfogyjon. Tartsa gyermekek \u00e9s huzat el\u0151l elz\u00e1rva.<\/p>\n","protected":false},"featured_media":16961,"template":"","meta":[],"product_brand":[254],"product_cat":[337],"product_tag":[],"class_list":{"0":"post-16959","1":"product","2":"type-product","3":"status-publish","4":"has-post-thumbnail","6":"product_brand-bolsius","7":"product_cat-kahance-hu-2","9":"first","10":"instock","11":"taxable","12":"shipping-taxable","13":"purchasable","14":"product-type-simple"},"_links":{"self":[{"href":"https:\/\/perfettohome.sk\/hu\/wp-json\/wp\/v2\/product\/16959","targetHints":{"allow":["GET"]}}],"collection":[{"href":"https:\/\/perfettohome.sk\/hu\/wp-json\/wp\/v2\/product"}],"about":[{"href":"https:\/\/perfettohome.sk\/hu\/wp-json\/wp\/v2\/types\/product"}],"wp:featuredmedia":[{"embeddable":true,"href":"https:\/\/perfettohome.sk\/hu\/wp-json\/wp\/v2\/media\/16961"}],"wp:attachment":[{"href":"https:\/\/perfettohome.sk\/hu\/wp-json\/wp\/v2\/media?parent=16959"}],"wp:term":[{"taxonomy":"product_brand","embeddable":true,"href":"https:\/\/perfettohome.sk\/hu\/wp-json\/wp\/v2\/product_brand?post=16959"},{"taxonomy":"product_cat","embeddable":true,"href":"https:\/\/perfettohome.sk\/hu\/wp-json\/wp\/v2\/product_cat?post=16959"},{"taxonomy":"product_tag","embeddable":true,"href":"https:\/\/perfettohome.sk\/hu\/wp-json\/wp\/v2\/product_tag?post=16959"}],"curies":[{"name":"wp","href":"https:\/\/api.w.org\/{rel}","templated":true}]}}