{"id":17068,"date":"2025-09-22T14:23:42","date_gmt":"2025-09-22T12:23:42","guid":{"rendered":"https:\/\/perfettohome.sk\/produkt\/bolsius-olajtoltes-238g-75h\/"},"modified":"2025-12-14T19:49:36","modified_gmt":"2025-12-14T18:49:36","slug":"bolsius-olajtoltes-238g-75h","status":"publish","type":"product","link":"https:\/\/perfettohome.sk\/hu\/produkt\/bolsius-olajtoltes-238g-75h\/","title":{"rendered":"Bolsius Olaj m\u00e9cses bet\u00e9t 238g\/75h"},"content":{"rendered":"<p>Olaj m\u00e9cses bet\u00e9t , amely hossz\u00fa \u00e9s egyenletes \u00e9g\u00e9st biztos\u00edt ak\u00e1r 75 \u00f3r\u00e1n kereszt\u00fcl. Praktikus \u00e9s k\u00f6rnyezetbar\u00e1tabb alternat\u00edva a hagyom\u00e1nyos gyerty\u00e1khoz k\u00e9pest. <\/p>\n<p>S\u00faly: 238 g<\/p>\n<p>\u00c9g\u00e9si id\u0151: kb. 75 \u00f3ra<\/p>\n<p>Haszn\u00e1lat: helyezze az ut\u00e1nt\u00f6lt\u0151t egy megfelel\u0151 gyuf\u00e1ba, \u00e9s gy\u00fajtsa meg a kan\u00f3cot. Az ut\u00e1nt\u00f6lt\u0151 gyerty\u00e1t csak az ilyen t\u00edpus\u00fa gyerty\u00e1khoz tervezett gyertyatart\u00f3ban haszn\u00e1lja.<\/p>\n","protected":false},"excerpt":{"rendered":"<p>Olaj m\u00e9cses bet\u00e9t , amely hossz\u00fa \u00e9s egyenletes \u00e9g\u00e9st biztos\u00edt ak\u00e1r 75 \u00f3r\u00e1n kereszt\u00fcl. Praktikus \u00e9s k\u00f6rnyezetbar\u00e1tabb alternat\u00edva a hagyom\u00e1nyos gyerty\u00e1khoz k\u00e9pest. S\u00faly: 238 g \u00c9g\u00e9si id\u0151: kb. 75 \u00f3ra Haszn\u00e1lat: helyezze az ut\u00e1nt\u00f6lt\u0151t egy megfelel\u0151 gyuf\u00e1ba, \u00e9s gy\u00fajtsa meg a kan\u00f3cot. Az ut\u00e1nt\u00f6lt\u0151 gyerty\u00e1t csak az ilyen t\u00edpus\u00fa gyerty\u00e1khoz tervezett gyertyatart\u00f3ban haszn\u00e1lja.<\/p>\n","protected":false},"featured_media":17069,"template":"","meta":[],"product_brand":[254],"product_cat":[337],"product_tag":[],"class_list":{"0":"post-17068","1":"product","2":"type-product","3":"status-publish","4":"has-post-thumbnail","6":"product_brand-bolsius","7":"product_cat-kahance-hu-2","9":"first","10":"instock","11":"taxable","12":"shipping-taxable","13":"purchasable","14":"product-type-simple"},"_links":{"self":[{"href":"https:\/\/perfettohome.sk\/hu\/wp-json\/wp\/v2\/product\/17068","targetHints":{"allow":["GET"]}}],"collection":[{"href":"https:\/\/perfettohome.sk\/hu\/wp-json\/wp\/v2\/product"}],"about":[{"href":"https:\/\/perfettohome.sk\/hu\/wp-json\/wp\/v2\/types\/product"}],"wp:featuredmedia":[{"embeddable":true,"href":"https:\/\/perfettohome.sk\/hu\/wp-json\/wp\/v2\/media\/17069"}],"wp:attachment":[{"href":"https:\/\/perfettohome.sk\/hu\/wp-json\/wp\/v2\/media?parent=17068"}],"wp:term":[{"taxonomy":"product_brand","embeddable":true,"href":"https:\/\/perfettohome.sk\/hu\/wp-json\/wp\/v2\/product_brand?post=17068"},{"taxonomy":"product_cat","embeddable":true,"href":"https:\/\/perfettohome.sk\/hu\/wp-json\/wp\/v2\/product_cat?post=17068"},{"taxonomy":"product_tag","embeddable":true,"href":"https:\/\/perfettohome.sk\/hu\/wp-json\/wp\/v2\/product_tag?post=17068"}],"curies":[{"name":"wp","href":"https:\/\/api.w.org\/{rel}","templated":true}]}}