{"id":17080,"date":"2025-09-22T13:23:42","date_gmt":"2025-09-22T11:23:42","guid":{"rendered":"https:\/\/perfettohome.sk\/produkt\/bolsius-tealampak-illatositott-vanilia-18db\/"},"modified":"2025-12-14T19:41:32","modified_gmt":"2025-12-14T18:41:32","slug":"bolsius-tealampak-illatositott-vanilia-18db","status":"publish","type":"product","link":"https:\/\/perfettohome.sk\/hu\/produkt\/bolsius-tealampak-illatositott-vanilia-18db\/","title":{"rendered":"Bolsius team\u00e9cses illatos\u00edtott Van\u00edlia 18db"},"content":{"rendered":"<p>Illatos team\u00e9cses gyerty\u00e1k finom van\u00edlia illattal, amelyek kellemes \u00e9s pihentet\u0151 hangulatot teremtenek. Minden gyertya k\u00f6r\u00fclbel\u00fcl 3,5 \u00f3r\u00e1n \u00e1t \u00e9g, \u00e9s garant\u00e1lja az egyenletes \u00e9g\u00e9st. <\/p>\n<p>Csomagol\u00e1s: 18 darab<\/p>\n<p>\u00c9g\u00e9si id\u0151: kb. 3,5 \u00f3ra gyerty\u00e1nk\u00e9nt<\/p>\n<p>Illat: van\u00edlia<\/p>\n<p>Anyag: paraffin<\/p>\n<p>Haszn\u00e1lat: helyezze a gyerty\u00e1t egy megfelel\u0151, nem gy\u00fal\u00e9kony gyertyatart\u00f3ba vagy cs\u00e9sz\u00e9be, \u00e9s gy\u00fajtsa meg a kan\u00f3cot. Gyermekekt\u0151l \u00e9s huzatt\u00f3l elz\u00e1rva tartand\u00f3.<\/p>\n","protected":false},"excerpt":{"rendered":"<p>Illatos team\u00e9cses gyerty\u00e1k finom van\u00edlia illattal, amelyek kellemes \u00e9s pihentet\u0151 hangulatot teremtenek. Minden gyertya k\u00f6r\u00fclbel\u00fcl 3,5 \u00f3r\u00e1n \u00e1t \u00e9g, \u00e9s garant\u00e1lja az egyenletes \u00e9g\u00e9st. Csomagol\u00e1s: 18 darab \u00c9g\u00e9si id\u0151: kb. 3,5 \u00f3ra gyerty\u00e1nk\u00e9nt Illat: van\u00edlia Anyag: paraffin Haszn\u00e1lat: helyezze a gyerty\u00e1t egy megfelel\u0151, nem gy\u00fal\u00e9kony gyertyatart\u00f3ba vagy cs\u00e9sz\u00e9be, \u00e9s gy\u00fajtsa meg a kan\u00f3cot. Gyermekekt\u0151l \u00e9s [&hellip;]<\/p>\n","protected":false},"featured_media":17087,"template":"","meta":[],"product_brand":[254],"product_cat":[320],"product_tag":[],"class_list":{"0":"post-17080","1":"product","2":"type-product","3":"status-publish","4":"has-post-thumbnail","6":"product_brand-bolsius","7":"product_cat-illatgyertyak-legfrissitok","9":"first","10":"instock","11":"taxable","12":"shipping-taxable","13":"purchasable","14":"product-type-simple"},"_links":{"self":[{"href":"https:\/\/perfettohome.sk\/hu\/wp-json\/wp\/v2\/product\/17080","targetHints":{"allow":["GET"]}}],"collection":[{"href":"https:\/\/perfettohome.sk\/hu\/wp-json\/wp\/v2\/product"}],"about":[{"href":"https:\/\/perfettohome.sk\/hu\/wp-json\/wp\/v2\/types\/product"}],"wp:featuredmedia":[{"embeddable":true,"href":"https:\/\/perfettohome.sk\/hu\/wp-json\/wp\/v2\/media\/17087"}],"wp:attachment":[{"href":"https:\/\/perfettohome.sk\/hu\/wp-json\/wp\/v2\/media?parent=17080"}],"wp:term":[{"taxonomy":"product_brand","embeddable":true,"href":"https:\/\/perfettohome.sk\/hu\/wp-json\/wp\/v2\/product_brand?post=17080"},{"taxonomy":"product_cat","embeddable":true,"href":"https:\/\/perfettohome.sk\/hu\/wp-json\/wp\/v2\/product_cat?post=17080"},{"taxonomy":"product_tag","embeddable":true,"href":"https:\/\/perfettohome.sk\/hu\/wp-json\/wp\/v2\/product_tag?post=17080"}],"curies":[{"name":"wp","href":"https:\/\/api.w.org\/{rel}","templated":true}]}}