{"id":17121,"date":"2025-09-22T13:09:18","date_gmt":"2025-09-22T11:09:18","guid":{"rendered":"https:\/\/perfettohome.sk\/produkt\/bolsius-illatgyertya-uvegben-magnolia-25h\/"},"modified":"2025-09-22T13:09:18","modified_gmt":"2025-09-22T11:09:18","slug":"bolsius-illatgyertya-uvegben-magnolia-25h","status":"publish","type":"product","link":"https:\/\/perfettohome.sk\/hu\/produkt\/bolsius-illatgyertya-uvegben-magnolia-25h\/","title":{"rendered":"Bolsius illatgyertya \u00fcvegben Magnolia 25h"},"content":{"rendered":"<p>Illatgyertya \u00fcvegben, finom \u00e9s vir\u00e1gos magn\u00f3lia illattal, amely kellemes \u00e9s pihentet\u0151 l\u00e9gk\u00f6rt teremt. K\u00f6r\u00fclbel\u00fcl 25 \u00f3ra egyenletes \u00e9g\u00e9st biztos\u00edt. <\/p>\n<p>\u00c9g\u00e9si id\u0151: kb. 25 \u00f3ra<\/p>\n<p>Illat: Magn\u00f3lia<\/p>\n<p>Anyag: paraffin \u00fcveged\u00e9nyben<\/p>\n<p>Haszn\u00e1lat:<br \/>\nHelyezze a gyerty\u00e1t egy stabil \u00e9s nem gy\u00fal\u00e9kony fel\u00fcletre. Gy\u00fajtsa meg a kan\u00f3cot, \u00e9s hagyja, hogy a gyertya eg\u00e9szben \u00e9gjen, hogy egyenletesen elfogyjon a viasz. Tartsa gyermekek \u00e9s huzat el\u0151l elz\u00e1rva.<\/p>\n","protected":false},"excerpt":{"rendered":"<p>Illatgyertya \u00fcvegben, finom \u00e9s vir\u00e1gos magn\u00f3lia illattal, amely kellemes \u00e9s pihentet\u0151 l\u00e9gk\u00f6rt teremt. K\u00f6r\u00fclbel\u00fcl 25 \u00f3ra egyenletes \u00e9g\u00e9st biztos\u00edt. \u00c9g\u00e9si id\u0151: kb. 25 \u00f3ra Illat: Magn\u00f3lia Anyag: paraffin \u00fcveged\u00e9nyben Haszn\u00e1lat: Helyezze a gyerty\u00e1t egy stabil \u00e9s nem gy\u00fal\u00e9kony fel\u00fcletre. Gy\u00fajtsa meg a kan\u00f3cot, \u00e9s hagyja, hogy a gyertya eg\u00e9szben \u00e9gjen, hogy egyenletesen elfogyjon a viasz. [&hellip;]<\/p>\n","protected":false},"featured_media":17115,"template":"","meta":[],"product_brand":[254],"product_cat":[320],"product_tag":[],"class_list":{"0":"post-17121","1":"product","2":"type-product","3":"status-publish","4":"has-post-thumbnail","6":"product_brand-bolsius","7":"product_cat-illatgyertyak-legfrissitok","9":"first","10":"instock","11":"taxable","12":"shipping-taxable","13":"purchasable","14":"product-type-simple"},"_links":{"self":[{"href":"https:\/\/perfettohome.sk\/hu\/wp-json\/wp\/v2\/product\/17121","targetHints":{"allow":["GET"]}}],"collection":[{"href":"https:\/\/perfettohome.sk\/hu\/wp-json\/wp\/v2\/product"}],"about":[{"href":"https:\/\/perfettohome.sk\/hu\/wp-json\/wp\/v2\/types\/product"}],"wp:featuredmedia":[{"embeddable":true,"href":"https:\/\/perfettohome.sk\/hu\/wp-json\/wp\/v2\/media\/17115"}],"wp:attachment":[{"href":"https:\/\/perfettohome.sk\/hu\/wp-json\/wp\/v2\/media?parent=17121"}],"wp:term":[{"taxonomy":"product_brand","embeddable":true,"href":"https:\/\/perfettohome.sk\/hu\/wp-json\/wp\/v2\/product_brand?post=17121"},{"taxonomy":"product_cat","embeddable":true,"href":"https:\/\/perfettohome.sk\/hu\/wp-json\/wp\/v2\/product_cat?post=17121"},{"taxonomy":"product_tag","embeddable":true,"href":"https:\/\/perfettohome.sk\/hu\/wp-json\/wp\/v2\/product_tag?post=17121"}],"curies":[{"name":"wp","href":"https:\/\/api.w.org\/{rel}","templated":true}]}}