{"id":17122,"date":"2025-09-22T13:09:15","date_gmt":"2025-09-22T11:09:15","guid":{"rendered":"https:\/\/perfettohome.sk\/produkt\/bolsius-ajandekcsomag-5db-fruit-splash-granatalma\/"},"modified":"2025-09-22T13:09:15","modified_gmt":"2025-09-22T11:09:15","slug":"bolsius-ajandekcsomag-5db-fruit-splash-granatalma","status":"publish","type":"product","link":"https:\/\/perfettohome.sk\/hu\/produkt\/bolsius-ajandekcsomag-5db-fruit-splash-granatalma\/","title":{"rendered":"Bolsius aj\u00e1nd\u00e9kcsomag 5db Fruit Splash gr\u00e1n\u00e1talma"},"content":{"rendered":"<p>Gr\u00e1n\u00e1talma friss\u00edt\u0151 illat\u00fa illatos\u00edtott term\u00e9kekb\u0151l \u00e1ll\u00f3 aj\u00e1nd\u00e9kcsomag, amely ide\u00e1lis a kellemes \u00e9s friss hangulat megteremt\u00e9s\u00e9hez otthon vagy st\u00edlusos aj\u00e1nd\u00e9kk\u00e9nt.<\/p>\n<p>A csomag tartalma: 4db gyertya \u00e9s 1 stick l\u00e9gfriss\u00edt\u0151<\/p>\n<p>Illat: Gr\u00e1n\u00e1talma<\/p>\n<p>Haszn\u00e1lat: A csomagban tal\u00e1lhat\u00f3 term\u00e9kek a helyis\u00e9g illatos felfriss\u00edt\u00e9s\u00e9re szolg\u00e1lnak &#8211; az egyes term\u00e9kekhez tartoz\u00f3 haszn\u00e1lati utas\u00edt\u00e1s szerint haszn\u00e1lja.<\/p>\n","protected":false},"excerpt":{"rendered":"<p>Gr\u00e1n\u00e1talma friss\u00edt\u0151 illat\u00fa illatos\u00edtott term\u00e9kekb\u0151l \u00e1ll\u00f3 aj\u00e1nd\u00e9kcsomag, amely ide\u00e1lis a kellemes \u00e9s friss hangulat megteremt\u00e9s\u00e9hez otthon vagy st\u00edlusos aj\u00e1nd\u00e9kk\u00e9nt. A csomag tartalma: 4db gyertya \u00e9s 1 stick l\u00e9gfriss\u00edt\u0151 Illat: Gr\u00e1n\u00e1talma Haszn\u00e1lat: A csomagban tal\u00e1lhat\u00f3 term\u00e9kek a helyis\u00e9g illatos felfriss\u00edt\u00e9s\u00e9re szolg\u00e1lnak &#8211; az egyes term\u00e9kekhez tartoz\u00f3 haszn\u00e1lati utas\u00edt\u00e1s szerint haszn\u00e1lja.<\/p>\n","protected":false},"featured_media":17120,"template":"","meta":[],"product_brand":[254],"product_cat":[320],"product_tag":[],"class_list":{"0":"post-17122","1":"product","2":"type-product","3":"status-publish","4":"has-post-thumbnail","6":"product_brand-bolsius","7":"product_cat-illatgyertyak-legfrissitok","9":"first","10":"instock","11":"taxable","12":"shipping-taxable","13":"purchasable","14":"product-type-simple"},"_links":{"self":[{"href":"https:\/\/perfettohome.sk\/hu\/wp-json\/wp\/v2\/product\/17122","targetHints":{"allow":["GET"]}}],"collection":[{"href":"https:\/\/perfettohome.sk\/hu\/wp-json\/wp\/v2\/product"}],"about":[{"href":"https:\/\/perfettohome.sk\/hu\/wp-json\/wp\/v2\/types\/product"}],"wp:featuredmedia":[{"embeddable":true,"href":"https:\/\/perfettohome.sk\/hu\/wp-json\/wp\/v2\/media\/17120"}],"wp:attachment":[{"href":"https:\/\/perfettohome.sk\/hu\/wp-json\/wp\/v2\/media?parent=17122"}],"wp:term":[{"taxonomy":"product_brand","embeddable":true,"href":"https:\/\/perfettohome.sk\/hu\/wp-json\/wp\/v2\/product_brand?post=17122"},{"taxonomy":"product_cat","embeddable":true,"href":"https:\/\/perfettohome.sk\/hu\/wp-json\/wp\/v2\/product_cat?post=17122"},{"taxonomy":"product_tag","embeddable":true,"href":"https:\/\/perfettohome.sk\/hu\/wp-json\/wp\/v2\/product_tag?post=17122"}],"curies":[{"name":"wp","href":"https:\/\/api.w.org\/{rel}","templated":true}]}}