{"id":17124,"date":"2025-09-22T13:09:15","date_gmt":"2025-09-22T11:09:15","guid":{"rendered":"https:\/\/perfettohome.sk\/produkt\/bolsius-ajandekcsomag-4db-otthon-edes-otthon-vanilia\/"},"modified":"2025-12-14T19:34:06","modified_gmt":"2025-12-14T18:34:06","slug":"bolsius-ajandekcsomag-4db-otthon-edes-otthon-vanilia","status":"publish","type":"product","link":"https:\/\/perfettohome.sk\/hu\/produkt\/bolsius-ajandekcsomag-4db-otthon-edes-otthon-vanilia\/","title":{"rendered":"Bolsius Aj\u00e1nd\u00e9kcsomag 4db Home Sweet Home Van\u00edlia"},"content":{"rendered":"<p>Finom van\u00edlia illat\u00fa illatos\u00edt\u00f3 term\u00e9kekb\u0151l \u00e1ll\u00f3 aj\u00e1nd\u00e9kcsomag, amely ide\u00e1lis a kellemes \u00e9s hangulatos otthoni l\u00e9gk\u00f6r megteremt\u00e9s\u00e9hez vagy st\u00edlusos aj\u00e1nd\u00e9kk\u00e9nt.<\/p>\n<p>A csomag tartalma: 4db gyertya \u00e9s 1 stick l\u00e9gfriss\u00edt\u0151<\/p>\n<p>Illat: Van\u00edlia<\/p>\n<p>Haszn\u00e1lat: A csomagban tal\u00e1lhat\u00f3 term\u00e9kek a helyis\u00e9g illatos felfriss\u00edt\u00e9s\u00e9re szolg\u00e1lnak &#8211; az egyes term\u00e9kek haszn\u00e1lati utas\u00edt\u00e1sa szerint.<\/p>\n","protected":false},"excerpt":{"rendered":"<p>Finom van\u00edlia illat\u00fa illatos\u00edt\u00f3 term\u00e9kekb\u0151l \u00e1ll\u00f3 aj\u00e1nd\u00e9kcsomag, amely ide\u00e1lis a kellemes \u00e9s hangulatos otthoni l\u00e9gk\u00f6r megteremt\u00e9s\u00e9hez vagy st\u00edlusos aj\u00e1nd\u00e9kk\u00e9nt. A csomag tartalma: 4db gyertya \u00e9s 1 stick l\u00e9gfriss\u00edt\u0151 Illat: Van\u00edlia Haszn\u00e1lat: A csomagban tal\u00e1lhat\u00f3 term\u00e9kek a helyis\u00e9g illatos felfriss\u00edt\u00e9s\u00e9re szolg\u00e1lnak &#8211; az egyes term\u00e9kek haszn\u00e1lati utas\u00edt\u00e1sa szerint.<\/p>\n","protected":false},"featured_media":17126,"template":"","meta":[],"product_brand":[254],"product_cat":[320],"product_tag":[],"class_list":{"0":"post-17124","1":"product","2":"type-product","3":"status-publish","4":"has-post-thumbnail","6":"product_brand-bolsius","7":"product_cat-illatgyertyak-legfrissitok","9":"first","10":"instock","11":"taxable","12":"shipping-taxable","13":"purchasable","14":"product-type-simple"},"_links":{"self":[{"href":"https:\/\/perfettohome.sk\/hu\/wp-json\/wp\/v2\/product\/17124","targetHints":{"allow":["GET"]}}],"collection":[{"href":"https:\/\/perfettohome.sk\/hu\/wp-json\/wp\/v2\/product"}],"about":[{"href":"https:\/\/perfettohome.sk\/hu\/wp-json\/wp\/v2\/types\/product"}],"wp:featuredmedia":[{"embeddable":true,"href":"https:\/\/perfettohome.sk\/hu\/wp-json\/wp\/v2\/media\/17126"}],"wp:attachment":[{"href":"https:\/\/perfettohome.sk\/hu\/wp-json\/wp\/v2\/media?parent=17124"}],"wp:term":[{"taxonomy":"product_brand","embeddable":true,"href":"https:\/\/perfettohome.sk\/hu\/wp-json\/wp\/v2\/product_brand?post=17124"},{"taxonomy":"product_cat","embeddable":true,"href":"https:\/\/perfettohome.sk\/hu\/wp-json\/wp\/v2\/product_cat?post=17124"},{"taxonomy":"product_tag","embeddable":true,"href":"https:\/\/perfettohome.sk\/hu\/wp-json\/wp\/v2\/product_tag?post=17124"}],"curies":[{"name":"wp","href":"https:\/\/api.w.org\/{rel}","templated":true}]}}