{"id":17125,"date":"2025-09-22T13:09:13","date_gmt":"2025-09-22T11:09:13","guid":{"rendered":"https:\/\/perfettohome.sk\/produkt\/bolsius-hengeres-gyertya-pillar-soft-pearl-42h-150-58mm\/"},"modified":"2025-09-22T13:09:13","modified_gmt":"2025-09-22T11:09:13","slug":"bolsius-hengeres-gyertya-pillar-soft-pearl-42h-150-58mm","status":"publish","type":"product","link":"https:\/\/perfettohome.sk\/hu\/produkt\/bolsius-hengeres-gyertya-pillar-soft-pearl-42h-150-58mm\/","title":{"rendered":"Bolsius hengeres gyertya Pillar Soft Pearl 42h &#8211; 150\/58mm"},"content":{"rendered":"<p>L\u00e1gy gy\u00f6ngyh\u00e1z sz\u00edn\u0171, hengeres, illatmentes gyertya, amely ide\u00e1lis bels\u0151 dekor\u00e1ci\u00f3hoz \u00e9s vil\u00e1g\u00edt\u00e1shoz. K\u00f6r\u00fclbel\u00fcl 45 \u00f3r\u00e1s egyenletes \u00e9g\u00e9st biztos\u00edt. <\/p>\n<p>\u00c9g\u00e9si id\u0151: kb. 45 \u00f3ra<\/p>\n<p>Anyag: paraffin<\/p>\n<p>Haszn\u00e1lat: Helyezze a gyerty\u00e1t stabil, nem gy\u00fal\u00e9kony fel\u00fcletre. Gy\u00fajtsa meg a kan\u00f3cot, \u00e9s hagyja a gyerty\u00e1t eg\u00e9szben \u00e9gni, hogy a viasz egyenletesen elfogyjon. Tartsa gyermekek \u00e9s huzat el\u0151l elz\u00e1rva.<\/p>\n","protected":false},"excerpt":{"rendered":"<p>L\u00e1gy gy\u00f6ngyh\u00e1z sz\u00edn\u0171, hengeres, illatmentes gyertya, amely ide\u00e1lis bels\u0151 dekor\u00e1ci\u00f3hoz \u00e9s vil\u00e1g\u00edt\u00e1shoz. K\u00f6r\u00fclbel\u00fcl 45 \u00f3r\u00e1s egyenletes \u00e9g\u00e9st biztos\u00edt. \u00c9g\u00e9si id\u0151: kb. 45 \u00f3ra Anyag: paraffin Haszn\u00e1lat: Helyezze a gyerty\u00e1t stabil, nem gy\u00fal\u00e9kony fel\u00fcletre. Gy\u00fajtsa meg a kan\u00f3cot, \u00e9s hagyja a gyerty\u00e1t eg\u00e9szben \u00e9gni, hogy a viasz egyenletesen elfogyjon. Tartsa gyermekek \u00e9s huzat el\u0151l elz\u00e1rva.<\/p>\n","protected":false},"featured_media":17127,"template":"","meta":[],"product_brand":[254],"product_cat":[342],"product_tag":[],"class_list":{"0":"post-17125","1":"product","2":"type-product","3":"status-publish","4":"has-post-thumbnail","6":"product_brand-bolsius","7":"product_cat-dekorativ-gyertyak","9":"first","10":"instock","11":"taxable","12":"shipping-taxable","13":"purchasable","14":"product-type-simple"},"_links":{"self":[{"href":"https:\/\/perfettohome.sk\/hu\/wp-json\/wp\/v2\/product\/17125","targetHints":{"allow":["GET"]}}],"collection":[{"href":"https:\/\/perfettohome.sk\/hu\/wp-json\/wp\/v2\/product"}],"about":[{"href":"https:\/\/perfettohome.sk\/hu\/wp-json\/wp\/v2\/types\/product"}],"wp:featuredmedia":[{"embeddable":true,"href":"https:\/\/perfettohome.sk\/hu\/wp-json\/wp\/v2\/media\/17127"}],"wp:attachment":[{"href":"https:\/\/perfettohome.sk\/hu\/wp-json\/wp\/v2\/media?parent=17125"}],"wp:term":[{"taxonomy":"product_brand","embeddable":true,"href":"https:\/\/perfettohome.sk\/hu\/wp-json\/wp\/v2\/product_brand?post=17125"},{"taxonomy":"product_cat","embeddable":true,"href":"https:\/\/perfettohome.sk\/hu\/wp-json\/wp\/v2\/product_cat?post=17125"},{"taxonomy":"product_tag","embeddable":true,"href":"https:\/\/perfettohome.sk\/hu\/wp-json\/wp\/v2\/product_tag?post=17125"}],"curies":[{"name":"wp","href":"https:\/\/api.w.org\/{rel}","templated":true}]}}