{"id":17151,"date":"2025-09-22T12:24:05","date_gmt":"2025-09-22T10:24:05","guid":{"rendered":"https:\/\/perfettohome.sk\/produkt\/bolsius-sirgyertya-lalia-70h-70h\/"},"modified":"2026-04-01T17:39:59","modified_gmt":"2026-04-01T15:39:59","slug":"bolsius-sirgyertya-lalia-70h-70h","status":"publish","type":"product","link":"https:\/\/perfettohome.sk\/hu\/produkt\/bolsius-sirgyertya-lalia-70h-70h\/","title":{"rendered":"Bolsius m\u00e9cses gyertya Lalia 70h 70h"},"content":{"rendered":"<p>M\u00e9cses gyertya Lalia mot\u00edvummal, amely k\u00f6r\u00fclbel\u00fcl 70 \u00f3r\u00e1nyi egyenletes \u00e9g\u00e9st biztos\u00edt. Ide\u00e1lis megeml\u00e9kez\u00e9sekhez \u00e9s szeretteinkre val\u00f3 eml\u00e9kez\u00e9shez. <\/p>\n<p>\u00c9g\u00e9si id\u0151: kb. 70 \u00f3ra<\/p>\n<p>Anyag: paraffin<\/p>\n<p>Haszn\u00e1lat: Helyezze a gyerty\u00e1t stabil \u00e9s nem gy\u00fal\u00e9kony alapra. Gy\u00fajtsa meg a kan\u00f3cot, \u00e9s hagyja a gyerty\u00e1t eg\u00e9szben \u00e9gni. Tartsa gyermekek \u00e9s huzat el\u0151l elz\u00e1rva.<\/p>\n","protected":false},"excerpt":{"rendered":"<p>M\u00e9cses gyertya Lalia mot\u00edvummal, amely k\u00f6r\u00fclbel\u00fcl 70 \u00f3r\u00e1nyi egyenletes \u00e9g\u00e9st biztos\u00edt. Ide\u00e1lis megeml\u00e9kez\u00e9sekhez \u00e9s szeretteinkre val\u00f3 eml\u00e9kez\u00e9shez. \u00c9g\u00e9si id\u0151: kb. 70 \u00f3ra Anyag: paraffin Haszn\u00e1lat: Helyezze a gyerty\u00e1t stabil \u00e9s nem gy\u00fal\u00e9kony alapra. Gy\u00fajtsa meg a kan\u00f3cot, \u00e9s hagyja a gyerty\u00e1t eg\u00e9szben \u00e9gni. Tartsa gyermekek \u00e9s huzat el\u0151l elz\u00e1rva.<\/p>\n","protected":false},"featured_media":17114,"template":"","meta":[],"product_brand":[254],"product_cat":[337],"product_tag":[],"class_list":{"0":"post-17151","1":"product","2":"type-product","3":"status-publish","4":"has-post-thumbnail","6":"product_brand-bolsius","7":"product_cat-kahance-hu-2","9":"first","10":"instock","11":"taxable","12":"shipping-taxable","13":"purchasable","14":"product-type-simple"},"_links":{"self":[{"href":"https:\/\/perfettohome.sk\/hu\/wp-json\/wp\/v2\/product\/17151","targetHints":{"allow":["GET"]}}],"collection":[{"href":"https:\/\/perfettohome.sk\/hu\/wp-json\/wp\/v2\/product"}],"about":[{"href":"https:\/\/perfettohome.sk\/hu\/wp-json\/wp\/v2\/types\/product"}],"wp:featuredmedia":[{"embeddable":true,"href":"https:\/\/perfettohome.sk\/hu\/wp-json\/wp\/v2\/media\/17114"}],"wp:attachment":[{"href":"https:\/\/perfettohome.sk\/hu\/wp-json\/wp\/v2\/media?parent=17151"}],"wp:term":[{"taxonomy":"product_brand","embeddable":true,"href":"https:\/\/perfettohome.sk\/hu\/wp-json\/wp\/v2\/product_brand?post=17151"},{"taxonomy":"product_cat","embeddable":true,"href":"https:\/\/perfettohome.sk\/hu\/wp-json\/wp\/v2\/product_cat?post=17151"},{"taxonomy":"product_tag","embeddable":true,"href":"https:\/\/perfettohome.sk\/hu\/wp-json\/wp\/v2\/product_tag?post=17151"}],"curies":[{"name":"wp","href":"https:\/\/api.w.org\/{rel}","templated":true}]}}