{"id":17154,"date":"2025-09-22T12:53:39","date_gmt":"2025-09-22T10:53:39","guid":{"rendered":"https:\/\/perfettohome.sk\/produkt\/bolsius-rusztikus-gyertya-frosted-lavender-35h-80-68mm\/"},"modified":"2025-09-22T12:53:39","modified_gmt":"2025-09-22T10:53:39","slug":"bolsius-rusztikus-gyertya-frosted-lavender-35h-80-68mm","status":"publish","type":"product","link":"https:\/\/perfettohome.sk\/hu\/produkt\/bolsius-rusztikus-gyertya-frosted-lavender-35h-80-68mm\/","title":{"rendered":"Bolsius rusztikus gyertya Frosted Lavender 35h &#8211; 80\/68mm"},"content":{"rendered":"<p>Rusztikus, illatmentes, term\u00e9szetes megjelen\u00e9s\u0171 gyertya l\u00e1gy levendula sz\u00ednben, ide\u00e1lis bels\u0151 dekor\u00e1ci\u00f3hoz \u00e9s vil\u00e1g\u00edt\u00e1shoz. K\u00f6r\u00fclbel\u00fcl 35 \u00f3ra egyenletes \u00e9g\u00e9st biztos\u00edt. <\/p>\n<p>\u00c9g\u00e9si id\u0151: kb. 35 \u00f3ra<\/p>\n<p>Anyag: paraffin<\/p>\n<p>Haszn\u00e1lat: Helyezze a gyerty\u00e1t stabil, nem gy\u00fal\u00e9kony fel\u00fcletre. Gy\u00fajtsa meg a kan\u00f3cot, \u00e9s hagyja a gyerty\u00e1t eg\u00e9szben \u00e9gni, hogy a viasz egyenletesen elfogyjon. Tartsa gyermekek \u00e9s huzat el\u0151l elz\u00e1rva.<\/p>\n","protected":false},"excerpt":{"rendered":"<p>Rusztikus, illatmentes, term\u00e9szetes megjelen\u00e9s\u0171 gyertya l\u00e1gy levendula sz\u00ednben, ide\u00e1lis bels\u0151 dekor\u00e1ci\u00f3hoz \u00e9s vil\u00e1g\u00edt\u00e1shoz. K\u00f6r\u00fclbel\u00fcl 35 \u00f3ra egyenletes \u00e9g\u00e9st biztos\u00edt. \u00c9g\u00e9si id\u0151: kb. 35 \u00f3ra Anyag: paraffin Haszn\u00e1lat: Helyezze a gyerty\u00e1t stabil, nem gy\u00fal\u00e9kony fel\u00fcletre. Gy\u00fajtsa meg a kan\u00f3cot, \u00e9s hagyja a gyerty\u00e1t eg\u00e9szben \u00e9gni, hogy a viasz egyenletesen elfogyjon. Tartsa gyermekek \u00e9s huzat el\u0151l elz\u00e1rva.<\/p>\n","protected":false},"featured_media":17117,"template":"","meta":[],"product_brand":[254],"product_cat":[342],"product_tag":[],"class_list":{"0":"post-17154","1":"product","2":"type-product","3":"status-publish","4":"has-post-thumbnail","6":"product_brand-bolsius","7":"product_cat-dekorativ-gyertyak","9":"first","10":"instock","11":"taxable","12":"shipping-taxable","13":"purchasable","14":"product-type-simple"},"_links":{"self":[{"href":"https:\/\/perfettohome.sk\/hu\/wp-json\/wp\/v2\/product\/17154","targetHints":{"allow":["GET"]}}],"collection":[{"href":"https:\/\/perfettohome.sk\/hu\/wp-json\/wp\/v2\/product"}],"about":[{"href":"https:\/\/perfettohome.sk\/hu\/wp-json\/wp\/v2\/types\/product"}],"wp:featuredmedia":[{"embeddable":true,"href":"https:\/\/perfettohome.sk\/hu\/wp-json\/wp\/v2\/media\/17117"}],"wp:attachment":[{"href":"https:\/\/perfettohome.sk\/hu\/wp-json\/wp\/v2\/media?parent=17154"}],"wp:term":[{"taxonomy":"product_brand","embeddable":true,"href":"https:\/\/perfettohome.sk\/hu\/wp-json\/wp\/v2\/product_brand?post=17154"},{"taxonomy":"product_cat","embeddable":true,"href":"https:\/\/perfettohome.sk\/hu\/wp-json\/wp\/v2\/product_cat?post=17154"},{"taxonomy":"product_tag","embeddable":true,"href":"https:\/\/perfettohome.sk\/hu\/wp-json\/wp\/v2\/product_tag?post=17154"}],"curies":[{"name":"wp","href":"https:\/\/api.w.org\/{rel}","templated":true}]}}